{"id":889,"date":"2022-07-12T11:25:12","date_gmt":"2022-07-12T09:25:12","guid":{"rendered":"https:\/\/www.petitecamarguealsacienne.com\/accueil\/"},"modified":"2023-06-19T14:44:31","modified_gmt":"2023-06-19T12:44:31","slug":"accueil","status":"publish","type":"page","link":"https:\/\/www.petitecamarguealsacienne.com\/de\/","title":{"rendered":"Petite Camargue Alsacienne"},"content":{"rendered":"<div class=\"wp-post-content\"><!-- zone:zn_pagebanner [0] --><br \/>\n\t\t<!-- \/zone:zn_pagebanner [0] --><br \/>\n<!-- zone:zn_text_img [2] --><\/p>\n<h2><strong>Das Naturschutzgebiet <\/strong> Petite Camargue Alsacienne<\/h2>\n<p>Die Petite Camargue Alsacienne befindet sich am Rheinknie im \u00e4u\u00dfersten S\u00fcdosten des Departements Haut-Rhin im Dreil\u00e4ndereck (Frankreich, Deutschland, Schweiz). Das Naturschutzgebiet erstreckt sich \u00fcber ein 15 km langes und 1 bis 2 km breites Tiefgestade, das der Rhein an der S\u00fcdspitze des Rheingrabens direkt nach der Schweizer Grenze gebildet hat.<\/p>\n<p>Inmitten der im Holoz\u00e4n gewachsenen Auenw\u00e4lder liegt das Naturschutzgebiet der Petite Camargue Alsacienne. Die Gro\u00dfstadt Basel befindet sich 6 km weiter im S\u00fcden, die Agglomeration von Mulhouse ca. 30 km davon im Nordwesten. Die verschiedenen nat\u00fcrlichen Gebietsformen sind eng mit der Geschichte der baulichen Ver\u00e4nderungen und den j\u00fcngsten Bestrebungen der Wiederherstellung nat\u00fcrlicher Flussl\u00e4ufe im Oberrheingebiet verbunden.<\/p>\n<p>Nehmen Sie wieder den Kontakt zur Natur auf und entdecken Sie das Naturschutzgebiet, ein gesch\u00fctzter Naturraum von nationaler und internationaler Bedeutung. Das Naturschutzgebiet wurde eingerichtet, um die Sortenvielfalt von Fauna und Flora und ihre nat\u00fcrlichen Wohnr\u00e4ume in diesem artenreichen Teil der Rheinebene zu sch\u00fctzen.<\/p>\n<p><a class=\"button secondary\" href=\"https:\/\/www.petitecamarguealsacienne.com\/de\/verein\/\" target=\"_blank\" rel=\"noopener\">Der Verein<\/a><\/p>\n<p><!-- \/zone:zn_text_img [2] -->\n<\/div>\n","protected":false},"excerpt":{"rendered":"<p>Das Naturschutzgebiet Petite Camargue Alsacienne Die Petite Camargue Alsacienne befindet sich am Rheinknie im \u00e4u\u00dfersten S\u00fcdosten des Departements Haut-Rhin im Dreil\u00e4ndereck (Frankreich, Deutschland, Schweiz). Das Naturschutzgebiet erstreckt sich \u00fcber ein [&hellip;]<\/p>\n","protected":false},"author":4,"featured_media":0,"parent":0,"menu_order":0,"comment_status":"closed","ping_status":"closed","template":"","meta":{"_acf_changed":false,"footnotes":""},"class_list":["post-889","page","type-page","status-publish","hentry","wp-sticky"],"acf":[],"yoast_head":"<!-- This site is optimized with the Yoast SEO plugin v27.3 - https:\/\/yoast.com\/product\/yoast-seo-wordpress\/ -->\n<title>Naturreservat Petite Camargue Alsacienne, Erhaltung von Lebensr\u00e4umen und Arten | La Petite Camargue Alsacienne<\/title>\n<meta name=\"description\" content=\"Verbinde dich wieder mit der Natur und erkunde das Naturreservat, ein gesch\u00fctztes Naturgebiet von nationaler und internationaler Bedeutung! \ud83c\udfde\" \/>\n<meta name=\"robots\" content=\"index, follow, max-snippet:-1, max-image-preview:large, max-video-preview:-1\" \/>\n<link rel=\"canonical\" href=\"https:\/\/www.petitecamarguealsacienne.com\/de\/\" \/>\n<meta property=\"og:locale\" content=\"de_DE\" \/>\n<meta property=\"og:type\" content=\"article\" \/>\n<meta property=\"og:title\" content=\"Naturreservat Petite Camargue Alsacienne, Erhaltung von Lebensr\u00e4umen und Arten | La Petite Camargue Alsacienne\" \/>\n<meta property=\"og:description\" content=\"Verbinde dich wieder mit der Natur und erkunde das Naturreservat, ein gesch\u00fctztes Naturgebiet von nationaler und internationaler Bedeutung! \ud83c\udfde\" \/>\n<meta property=\"og:url\" content=\"https:\/\/www.petitecamarguealsacienne.com\/de\/\" \/>\n<meta property=\"og:site_name\" content=\"La Petite Camargue Alsacienne\" \/>\n<meta property=\"article:publisher\" content=\"https:\/\/www.facebook.com\/people\/Petite-Camargue-Alsacienne\/100072042215750\/\" \/>\n<meta property=\"article:modified_time\" content=\"2023-06-19T12:44:31+00:00\" \/>\n<meta property=\"og:image\" content=\"https:\/\/www.petitecamarguealsacienne.com\/wp-inside\/uploads\/2023\/03\/pca.jpg\" \/>\n\t<meta property=\"og:image:width\" content=\"1200\" \/>\n\t<meta property=\"og:image:height\" content=\"675\" \/>\n\t<meta property=\"og:image:type\" content=\"image\/jpeg\" \/>\n<meta name=\"twitter:card\" content=\"summary_large_image\" \/>\n<script type=\"application\/ld+json\" class=\"yoast-schema-graph\">{\"@context\":\"https:\\\/\\\/schema.org\",\"@graph\":[{\"@type\":\"WebPage\",\"@id\":\"https:\\\/\\\/www.petitecamarguealsacienne.com\\\/de\\\/\",\"url\":\"https:\\\/\\\/www.petitecamarguealsacienne.com\\\/de\\\/\",\"name\":\"Naturreservat Petite Camargue Alsacienne, Erhaltung von Lebensr\u00e4umen und Arten\",\"isPartOf\":{\"@id\":\"https:\\\/\\\/www.petitecamarguealsacienne.com\\\/de\\\/#website\"},\"datePublished\":\"2022-07-12T09:25:12+00:00\",\"dateModified\":\"2023-06-19T12:44:31+00:00\",\"description\":\"Verbinde dich wieder mit der Natur und erkunde das Naturreservat, ein gesch\u00fctztes Naturgebiet von nationaler und internationaler Bedeutung! \ud83c\udfde\",\"breadcrumb\":{\"@id\":\"https:\\\/\\\/www.petitecamarguealsacienne.com\\\/de\\\/#breadcrumb\"},\"inLanguage\":\"de\",\"potentialAction\":[{\"@type\":\"ReadAction\",\"target\":[\"https:\\\/\\\/www.petitecamarguealsacienne.com\\\/de\\\/\"]}]},{\"@type\":\"BreadcrumbList\",\"@id\":\"https:\\\/\\\/www.petitecamarguealsacienne.com\\\/de\\\/#breadcrumb\",\"itemListElement\":[{\"@type\":\"ListItem\",\"position\":1,\"name\":\"Startseite\",\"item\":\"https:\\\/\\\/www.petitecamarguealsacienne.com\\\/de\\\/\"},{\"@type\":\"ListItem\",\"position\":2,\"name\":\"Petite Camargue Alsacienne\"}]},{\"@type\":\"WebSite\",\"@id\":\"https:\\\/\\\/www.petitecamarguealsacienne.com\\\/de\\\/#website\",\"url\":\"https:\\\/\\\/www.petitecamarguealsacienne.com\\\/de\\\/\",\"name\":\"La Petite Camargue Alsacienne\",\"description\":\"R\u00e9serve Naturelle au c\u0153ur de la plaine rh\u00e9nane alluviale\",\"publisher\":{\"@id\":\"https:\\\/\\\/www.petitecamarguealsacienne.com\\\/de\\\/#organization\"},\"alternateName\":\"PCA\",\"potentialAction\":[{\"@type\":\"SearchAction\",\"target\":{\"@type\":\"EntryPoint\",\"urlTemplate\":\"https:\\\/\\\/www.petitecamarguealsacienne.com\\\/de\\\/?s={search_term_string}\"},\"query-input\":{\"@type\":\"PropertyValueSpecification\",\"valueRequired\":true,\"valueName\":\"search_term_string\"}}],\"inLanguage\":\"de\"},{\"@type\":\"Organization\",\"@id\":\"https:\\\/\\\/www.petitecamarguealsacienne.com\\\/de\\\/#organization\",\"name\":\"Petite Camargue Alsacienne\",\"alternateName\":\"PCA\",\"url\":\"https:\\\/\\\/www.petitecamarguealsacienne.com\\\/de\\\/\",\"logo\":{\"@type\":\"ImageObject\",\"inLanguage\":\"de\",\"@id\":\"https:\\\/\\\/www.petitecamarguealsacienne.com\\\/de\\\/#\\\/schema\\\/logo\\\/image\\\/\",\"url\":\"https:\\\/\\\/www.petitecamarguealsacienne.com\\\/wp-inside\\\/uploads\\\/2022\\\/10\\\/logo-petite-camargue-alsacienne.png\",\"contentUrl\":\"https:\\\/\\\/www.petitecamarguealsacienne.com\\\/wp-inside\\\/uploads\\\/2022\\\/10\\\/logo-petite-camargue-alsacienne.png\",\"width\":194,\"height\":168,\"caption\":\"Petite Camargue Alsacienne\"},\"image\":{\"@id\":\"https:\\\/\\\/www.petitecamarguealsacienne.com\\\/de\\\/#\\\/schema\\\/logo\\\/image\\\/\"},\"sameAs\":[\"https:\\\/\\\/www.facebook.com\\\/people\\\/Petite-Camargue-Alsacienne\\\/100072042215750\\\/\",\"https:\\\/\\\/www.flickr.com\\\/groups\\\/petitecamarguealsacienne\\\/\"]}]}<\/script>\n<!-- \/ Yoast SEO plugin. -->","yoast_head_json":{"title":"Naturreservat Petite Camargue Alsacienne, Erhaltung von Lebensr\u00e4umen und Arten | La Petite Camargue Alsacienne","description":"Verbinde dich wieder mit der Natur und erkunde das Naturreservat, ein gesch\u00fctztes Naturgebiet von nationaler und internationaler Bedeutung! \ud83c\udfde","robots":{"index":"index","follow":"follow","max-snippet":"max-snippet:-1","max-image-preview":"max-image-preview:large","max-video-preview":"max-video-preview:-1"},"canonical":"https:\/\/www.petitecamarguealsacienne.com\/de\/","og_locale":"de_DE","og_type":"article","og_title":"Naturreservat Petite Camargue Alsacienne, Erhaltung von Lebensr\u00e4umen und Arten | La Petite Camargue Alsacienne","og_description":"Verbinde dich wieder mit der Natur und erkunde das Naturreservat, ein gesch\u00fctztes Naturgebiet von nationaler und internationaler Bedeutung! \ud83c\udfde","og_url":"https:\/\/www.petitecamarguealsacienne.com\/de\/","og_site_name":"La Petite Camargue Alsacienne","article_publisher":"https:\/\/www.facebook.com\/people\/Petite-Camargue-Alsacienne\/100072042215750\/","article_modified_time":"2023-06-19T12:44:31+00:00","og_image":[{"width":1200,"height":675,"url":"https:\/\/www.petitecamarguealsacienne.com\/wp-inside\/uploads\/2023\/03\/pca.jpg","type":"image\/jpeg"}],"twitter_card":"summary_large_image","schema":{"@context":"https:\/\/schema.org","@graph":[{"@type":"WebPage","@id":"https:\/\/www.petitecamarguealsacienne.com\/de\/","url":"https:\/\/www.petitecamarguealsacienne.com\/de\/","name":"Naturreservat Petite Camargue Alsacienne, Erhaltung von Lebensr\u00e4umen und Arten","isPartOf":{"@id":"https:\/\/www.petitecamarguealsacienne.com\/de\/#website"},"datePublished":"2022-07-12T09:25:12+00:00","dateModified":"2023-06-19T12:44:31+00:00","description":"Verbinde dich wieder mit der Natur und erkunde das Naturreservat, ein gesch\u00fctztes Naturgebiet von nationaler und internationaler Bedeutung! \ud83c\udfde","breadcrumb":{"@id":"https:\/\/www.petitecamarguealsacienne.com\/de\/#breadcrumb"},"inLanguage":"de","potentialAction":[{"@type":"ReadAction","target":["https:\/\/www.petitecamarguealsacienne.com\/de\/"]}]},{"@type":"BreadcrumbList","@id":"https:\/\/www.petitecamarguealsacienne.com\/de\/#breadcrumb","itemListElement":[{"@type":"ListItem","position":1,"name":"Startseite","item":"https:\/\/www.petitecamarguealsacienne.com\/de\/"},{"@type":"ListItem","position":2,"name":"Petite Camargue Alsacienne"}]},{"@type":"WebSite","@id":"https:\/\/www.petitecamarguealsacienne.com\/de\/#website","url":"https:\/\/www.petitecamarguealsacienne.com\/de\/","name":"La Petite Camargue Alsacienne","description":"R\u00e9serve Naturelle au c\u0153ur de la plaine rh\u00e9nane alluviale","publisher":{"@id":"https:\/\/www.petitecamarguealsacienne.com\/de\/#organization"},"alternateName":"PCA","potentialAction":[{"@type":"SearchAction","target":{"@type":"EntryPoint","urlTemplate":"https:\/\/www.petitecamarguealsacienne.com\/de\/?s={search_term_string}"},"query-input":{"@type":"PropertyValueSpecification","valueRequired":true,"valueName":"search_term_string"}}],"inLanguage":"de"},{"@type":"Organization","@id":"https:\/\/www.petitecamarguealsacienne.com\/de\/#organization","name":"Petite Camargue Alsacienne","alternateName":"PCA","url":"https:\/\/www.petitecamarguealsacienne.com\/de\/","logo":{"@type":"ImageObject","inLanguage":"de","@id":"https:\/\/www.petitecamarguealsacienne.com\/de\/#\/schema\/logo\/image\/","url":"https:\/\/www.petitecamarguealsacienne.com\/wp-inside\/uploads\/2022\/10\/logo-petite-camargue-alsacienne.png","contentUrl":"https:\/\/www.petitecamarguealsacienne.com\/wp-inside\/uploads\/2022\/10\/logo-petite-camargue-alsacienne.png","width":194,"height":168,"caption":"Petite Camargue Alsacienne"},"image":{"@id":"https:\/\/www.petitecamarguealsacienne.com\/de\/#\/schema\/logo\/image\/"},"sameAs":["https:\/\/www.facebook.com\/people\/Petite-Camargue-Alsacienne\/100072042215750\/","https:\/\/www.flickr.com\/groups\/petitecamarguealsacienne\/"]}]}},"_links":{"self":[{"href":"https:\/\/www.petitecamarguealsacienne.com\/de\/wp-json\/wp\/v2\/pages\/889","targetHints":{"allow":["GET"]}}],"collection":[{"href":"https:\/\/www.petitecamarguealsacienne.com\/de\/wp-json\/wp\/v2\/pages"}],"about":[{"href":"https:\/\/www.petitecamarguealsacienne.com\/de\/wp-json\/wp\/v2\/types\/page"}],"author":[{"embeddable":true,"href":"https:\/\/www.petitecamarguealsacienne.com\/de\/wp-json\/wp\/v2\/users\/4"}],"replies":[{"embeddable":true,"href":"https:\/\/www.petitecamarguealsacienne.com\/de\/wp-json\/wp\/v2\/comments?post=889"}],"version-history":[{"count":25,"href":"https:\/\/www.petitecamarguealsacienne.com\/de\/wp-json\/wp\/v2\/pages\/889\/revisions"}],"predecessor-version":[{"id":3872,"href":"https:\/\/www.petitecamarguealsacienne.com\/de\/wp-json\/wp\/v2\/pages\/889\/revisions\/3872"}],"wp:attachment":[{"href":"https:\/\/www.petitecamarguealsacienne.com\/de\/wp-json\/wp\/v2\/media?parent=889"}],"curies":[{"name":"wp","href":"https:\/\/api.w.org\/{rel}","templated":true}]}}