{"id":3779,"date":"2022-07-12T11:14:36","date_gmt":"2022-07-12T09:14:36","guid":{"rendered":"https:\/\/www.petitecamarguealsacienne.com\/plan-du-site\/"},"modified":"2023-06-05T12:35:00","modified_gmt":"2023-06-05T10:35:00","slug":"sitemap","status":"publish","type":"page","link":"https:\/\/www.petitecamarguealsacienne.com\/de\/sitemap\/","title":{"rendered":"Sitemap"},"content":{"rendered":"<div class=\"wp-post-content\"><!-- zone:zn_pagebanner [0] --><br \/>\n\t\t<!-- \/zone:zn_pagebanner [0] --><br \/>\n<!-- zone:zn_text [1] --><\/p>\n<div class=\"wsp-container\">\n<h2 class=\"wsp-pages-title\">Pages<\/h2>\n<ul class=\"wsp-pages-list\">\n<li class=\"page_item page-item-889\"><a href=\"https:\/\/www.petitecamarguealsacienne.com\/de\/\">Petite Camargue Alsacienne<\/a><\/li>\n<li class=\"page_item page-item-3144 page_item_has_children\"><a href=\"https:\/\/www.petitecamarguealsacienne.com\/de\/naturreservat\/\">Naturreservat<\/a>\n<ul class='children'>\n<li class=\"page_item page-item-3024\"><a href=\"https:\/\/www.petitecamarguealsacienne.com\/de\/naturreservat\/anfahrt\/\">Anfahrt<\/a><\/li>\n<li class=\"page_item page-item-3240 page_item_has_children\"><a href=\"https:\/\/www.petitecamarguealsacienne.com\/de\/naturreservat\/naturschutzgebiet-pca\/\">Naturschutzgebiet Petite Camargue Alsacienne<\/a>\n<ul class='children'>\n<li class=\"page_item page-item-3241\"><a href=\"https:\/\/www.petitecamarguealsacienne.com\/de\/naturreservat\/naturschutzgebiet-pca\/was-ist-nationales-naturschutzgebiet\/\">Was ist ein nationales Naturschutzgebiet ?<\/a><\/li>\n<li class=\"page_item page-item-3242\"><a href=\"https:\/\/www.petitecamarguealsacienne.com\/de\/naturreservat\/naturschutzgebiet-pca\/die-instanzen-naturschutzgebiets\/\">Die Instanzen des Naturschutzgebiets<\/a><\/li>\n<\/ul>\n<\/li>\n<\/ul>\n<\/li>\n<li class=\"page_item page-item-3514\"><a href=\"https:\/\/www.petitecamarguealsacienne.com\/de\/erkunden-sie-eigene-faust-mit-fuhrung\/\">Erkunden Sie die Petite Camargue auf eigene Faust oder mit F\u00fchrung<\/a><\/li>\n<li class=\"page_item page-item-3740 page_item_has_children\"><a href=\"https:\/\/www.petitecamarguealsacienne.com\/de\/fischzucht\/\">Fischzucht<\/a>\n<ul class='children'>\n<li class=\"page_item page-item-3729\"><a href=\"https:\/\/www.petitecamarguealsacienne.com\/de\/fischzucht\/geschichte\/\">Geschichte<\/a><\/li>\n<li class=\"page_item page-item-2985\"><a href=\"https:\/\/www.petitecamarguealsacienne.com\/de\/fischzucht\/fischaktivitaet\/\">Fischaktivit\u00e4t<\/a><\/li>\n<li class=\"page_item page-item-3517\"><a href=\"https:\/\/www.petitecamarguealsacienne.com\/de\/fischzucht\/der-rhein-der-lachs\/\">Der Rhein und der Lachs<\/a><\/li>\n<li class=\"page_item page-item-3243\"><a href=\"https:\/\/www.petitecamarguealsacienne.com\/de\/fischzucht\/standige-kontrolle-wasserqualitat\/\">St\u00e4ndige Kontrolle der Wasserqualit\u00e4t<\/a><\/li>\n<li class=\"page_item page-item-2984\"><a href=\"https:\/\/www.petitecamarguealsacienne.com\/de\/fischzucht\/lachspatenschaft\/\">Werden Sie Lachspate!<\/a><\/li>\n<\/ul>\n<\/li>\n<li class=\"page_item page-item-3520 page_item_has_children\"><a href=\"https:\/\/www.petitecamarguealsacienne.com\/de\/empfangsorte\/\">Empfangsorte<\/a>\n<ul class='children'>\n<li class=\"page_item page-item-3239\"><a href=\"https:\/\/www.petitecamarguealsacienne.com\/de\/empfangsorte\/schleusenwaerterhaus\/\">Das Schleusenw\u00e4rterhaus<\/a><\/li>\n<li class=\"page_item page-item-2988\"><a href=\"https:\/\/www.petitecamarguealsacienne.com\/de\/empfangsorte\/dauerausstellungen\/\">Dauerausstellungen<\/a><\/li>\n<li class=\"page_item page-item-3027\"><a href=\"https:\/\/www.petitecamarguealsacienne.com\/de\/empfangsorte\/naturparkzentrum\/\">Naturparkzentrum<\/a><\/li>\n<\/ul>\n<\/li>\n<li class=\"page_item page-item-3524 page_item_has_children\"><a href=\"https:\/\/www.petitecamarguealsacienne.com\/de\/verein\/\">Der Verein<\/a>\n<ul class='children'>\n<li class=\"page_item page-item-3525\"><a href=\"https:\/\/www.petitecamarguealsacienne.com\/de\/verein\/vereinszweck\/\">Vereinszweck<\/a><\/li>\n<li class=\"page_item page-item-3526\"><a href=\"https:\/\/www.petitecamarguealsacienne.com\/de\/verein\/vereinsordnung\/\">Vereinsordnung<\/a><\/li>\n<li class=\"page_item page-item-3527\"><a href=\"https:\/\/www.petitecamarguealsacienne.com\/de\/verein\/freiwillige-helfer-in-aktion\/\">Freiwillige Helfer in Aktion<\/a><\/li>\n<li class=\"page_item page-item-2986\"><a href=\"https:\/\/www.petitecamarguealsacienne.com\/de\/verein\/boutique\/\">Unsere Boutique<\/a><\/li>\n<li class=\"page_item page-item-3528\"><a href=\"https:\/\/www.petitecamarguealsacienne.com\/de\/verein\/partner\/\">Partner<\/a><\/li>\n<li class=\"page_item page-item-3529\"><a href=\"https:\/\/www.petitecamarguealsacienne.com\/de\/verein\/stellenangebote-praktika\/\">Stellenangebote und Praktika<\/a><\/li>\n<li class=\"page_item page-item-3530\"><a href=\"https:\/\/www.petitecamarguealsacienne.com\/de\/verein\/kommen-sie-unterstuetzen-sie-uns\/\">Kommen Sie und unterst\u00fctzen Sie uns<\/a><\/li>\n<\/ul>\n<\/li>\n<li class=\"page_item page-item-3780\"><a href=\"https:\/\/www.petitecamarguealsacienne.com\/de\/kontakt\/\">Kontakt<\/a><\/li>\n<li class=\"page_item page-item-3778\"><a href=\"https:\/\/www.petitecamarguealsacienne.com\/de\/mentions-legales\/\">Mentions l\u00e9gales<\/a><\/li>\n<\/ul>\n<h2 class=\"wsp-animation_cats-title\">Cat\u00e9gories d&#8217;animation<\/h2>\n<ul class=\"wsp-animation_cats-list\">\n<li><a href=\"https:\/\/www.petitecamarguealsacienne.com\/animation\/accueils-de-loisirs-exterieurs\/\">Accueils de loisirs ext\u00e9rieurs<\/a><\/li>\n<li><a href=\"https:\/\/www.petitecamarguealsacienne.com\/animation\/scolaires\/ce2-cm1-cm2\/\">CE2 \/ CM1 \/ CM2<\/a><\/li>\n<li><a href=\"https:\/\/www.petitecamarguealsacienne.com\/animation\/scolaires\/colleges\/\">Coll\u00e8ges<\/a><\/li>\n<li><a href=\"https:\/\/www.petitecamarguealsacienne.com\/animation\/scolaires\/cp-ce1\/\">CP \/ CE1<\/a><\/li>\n<li><a href=\"https:\/\/www.petitecamarguealsacienne.com\/animation\/groupes-adultes\/\">Groupes adultes<\/a><\/li>\n<li><a href=\"https:\/\/www.petitecamarguealsacienne.com\/animation\/scolaires\/lycees\/\">Lyc\u00e9es<\/a><\/li>\n<li><a href=\"https:\/\/www.petitecamarguealsacienne.com\/animation\/scolaires\/maternelles\/\">Maternelles<\/a><\/li>\n<li><a href=\"https:\/\/www.petitecamarguealsacienne.com\/animation\/nos-accueils-de-loisirs\/mercredis-nature\/\">Mercredis nature<\/a><\/li>\n<li><a href=\"https:\/\/www.petitecamarguealsacienne.com\/animation\/nos-accueils-de-loisirs\/\">Nos accueils de loisirs<\/a><\/li>\n<li><a href=\"https:\/\/www.petitecamarguealsacienne.com\/animation\/accueils-de-loisirs-exterieurs\/periscolaires-et-centres-socioculturels\/\">P\u00e9riscolaires et centres socioculturels<\/a><\/li>\n<li><a href=\"https:\/\/www.petitecamarguealsacienne.com\/animation\/accueils-de-loisirs-exterieurs\/petite-enfance\/\">Petite enfance<\/a><\/li>\n<li><a href=\"https:\/\/www.petitecamarguealsacienne.com\/animation\/scolaires\/\">Scolaires<\/a><\/li>\n<li><a href=\"https:\/\/www.petitecamarguealsacienne.com\/animation\/nos-accueils-de-loisirs\/vacances\/\">Vacances<\/a><\/li>\n<\/ul>\n<h2 class=\"wsp-skp_produit_cats-title\">Cat\u00e9gories produits<\/h2>\n<ul class=\"wsp-skp_produit_cats-list\">\n<li><a href=\"https:\/\/www.petitecamarguealsacienne.com\/skp_produit_cat\/alimentaire\/\">Alimentaire<\/a><\/li>\n<li><a href=\"https:\/\/www.petitecamarguealsacienne.com\/skp_produit_cat\/cartes-postales\/\">Cartes postales<\/a><\/li>\n<li><a href=\"https:\/\/www.petitecamarguealsacienne.com\/skp_produit_cat\/livres\/\">Livres<\/a><\/li>\n<li><a href=\"https:\/\/www.petitecamarguealsacienne.com\/skp_produit_cat\/magnets-et-autres\/\">Magnets et autres<\/a><\/li>\n<\/ul>\n<\/div>\n<p>\t\t\t<!-- \/zone:zn_text [1] -->\n<\/div>\n","protected":false},"excerpt":{"rendered":"<p>Pages Petite Camargue Alsacienne Naturreservat Anfahrt Naturschutzgebiet Petite Camargue Alsacienne Was ist ein nationales Naturschutzgebiet ? Die Instanzen des Naturschutzgebiets Erkunden Sie die Petite Camargue auf eigene Faust oder mit [&hellip;]<\/p>\n","protected":false},"author":4,"featured_media":0,"parent":0,"menu_order":125,"comment_status":"closed","ping_status":"closed","template":"","meta":{"_acf_changed":false,"footnotes":""},"class_list":["post-3779","page","type-page","status-publish","hentry","wp-sticky"],"acf":[],"yoast_head":"<!-- This site is optimized with the Yoast SEO plugin v27.4 - https:\/\/yoast.com\/product\/yoast-seo-wordpress\/ -->\n<title>Sitemap | La Petite Camargue Alsacienne<\/title>\n<meta name=\"robots\" content=\"index, follow, max-snippet:-1, max-image-preview:large, max-video-preview:-1\" \/>\n<link rel=\"canonical\" href=\"https:\/\/www.petitecamarguealsacienne.com\/de\/sitemap\/\" \/>\n<meta property=\"og:locale\" content=\"de_DE\" \/>\n<meta property=\"og:type\" content=\"article\" \/>\n<meta property=\"og:title\" content=\"Sitemap | La Petite Camargue Alsacienne\" \/>\n<meta property=\"og:description\" content=\"Pages Petite Camargue Alsacienne Naturreservat Anfahrt Naturschutzgebiet Petite Camargue Alsacienne Was ist ein nationales Naturschutzgebiet ? Die Instanzen des Naturschutzgebiets Erkunden Sie die Petite Camargue auf eigene Faust oder mit [&hellip;]\" \/>\n<meta property=\"og:url\" content=\"https:\/\/www.petitecamarguealsacienne.com\/de\/sitemap\/\" \/>\n<meta property=\"og:site_name\" content=\"La Petite Camargue Alsacienne\" \/>\n<meta property=\"article:publisher\" content=\"https:\/\/www.facebook.com\/people\/Petite-Camargue-Alsacienne\/100072042215750\/\" \/>\n<meta property=\"article:modified_time\" content=\"2023-06-05T10:35:00+00:00\" \/>\n<meta property=\"og:image\" content=\"https:\/\/www.petitecamarguealsacienne.com\/wp-inside\/uploads\/2023\/03\/pca.jpg\" \/>\n\t<meta property=\"og:image:width\" content=\"1200\" \/>\n\t<meta property=\"og:image:height\" content=\"675\" \/>\n\t<meta property=\"og:image:type\" content=\"image\/jpeg\" \/>\n<meta name=\"twitter:card\" content=\"summary_large_image\" \/>\n<script type=\"application\/ld+json\" class=\"yoast-schema-graph\">{\"@context\":\"https:\\\/\\\/schema.org\",\"@graph\":[{\"@type\":\"WebPage\",\"@id\":\"https:\\\/\\\/www.petitecamarguealsacienne.com\\\/de\\\/sitemap\\\/\",\"url\":\"https:\\\/\\\/www.petitecamarguealsacienne.com\\\/de\\\/sitemap\\\/\",\"name\":\"Sitemap\",\"isPartOf\":{\"@id\":\"https:\\\/\\\/www.petitecamarguealsacienne.com\\\/de\\\/#website\"},\"datePublished\":\"2022-07-12T09:14:36+00:00\",\"dateModified\":\"2023-06-05T10:35:00+00:00\",\"breadcrumb\":{\"@id\":\"https:\\\/\\\/www.petitecamarguealsacienne.com\\\/de\\\/sitemap\\\/#breadcrumb\"},\"inLanguage\":\"de\",\"potentialAction\":[{\"@type\":\"ReadAction\",\"target\":[\"https:\\\/\\\/www.petitecamarguealsacienne.com\\\/de\\\/sitemap\\\/\"]}]},{\"@type\":\"BreadcrumbList\",\"@id\":\"https:\\\/\\\/www.petitecamarguealsacienne.com\\\/de\\\/sitemap\\\/#breadcrumb\",\"itemListElement\":[{\"@type\":\"ListItem\",\"position\":1,\"name\":\"Startseite\",\"item\":\"https:\\\/\\\/www.petitecamarguealsacienne.com\\\/de\\\/\"},{\"@type\":\"ListItem\",\"position\":2,\"name\":\"Sitemap\"}]},{\"@type\":\"WebSite\",\"@id\":\"https:\\\/\\\/www.petitecamarguealsacienne.com\\\/de\\\/#website\",\"url\":\"https:\\\/\\\/www.petitecamarguealsacienne.com\\\/de\\\/\",\"name\":\"La Petite Camargue Alsacienne\",\"description\":\"R\u00e9serve Naturelle au c\u0153ur de la plaine rh\u00e9nane alluviale\",\"publisher\":{\"@id\":\"https:\\\/\\\/www.petitecamarguealsacienne.com\\\/de\\\/#organization\"},\"alternateName\":\"PCA\",\"potentialAction\":[{\"@type\":\"SearchAction\",\"target\":{\"@type\":\"EntryPoint\",\"urlTemplate\":\"https:\\\/\\\/www.petitecamarguealsacienne.com\\\/de\\\/?s={search_term_string}\"},\"query-input\":{\"@type\":\"PropertyValueSpecification\",\"valueRequired\":true,\"valueName\":\"search_term_string\"}}],\"inLanguage\":\"de\"},{\"@type\":\"Organization\",\"@id\":\"https:\\\/\\\/www.petitecamarguealsacienne.com\\\/de\\\/#organization\",\"name\":\"Petite Camargue Alsacienne\",\"alternateName\":\"PCA\",\"url\":\"https:\\\/\\\/www.petitecamarguealsacienne.com\\\/de\\\/\",\"logo\":{\"@type\":\"ImageObject\",\"inLanguage\":\"de\",\"@id\":\"https:\\\/\\\/www.petitecamarguealsacienne.com\\\/de\\\/#\\\/schema\\\/logo\\\/image\\\/\",\"url\":\"https:\\\/\\\/www.petitecamarguealsacienne.com\\\/wp-inside\\\/uploads\\\/2022\\\/10\\\/logo-petite-camargue-alsacienne.png\",\"contentUrl\":\"https:\\\/\\\/www.petitecamarguealsacienne.com\\\/wp-inside\\\/uploads\\\/2022\\\/10\\\/logo-petite-camargue-alsacienne.png\",\"width\":194,\"height\":168,\"caption\":\"Petite Camargue Alsacienne\"},\"image\":{\"@id\":\"https:\\\/\\\/www.petitecamarguealsacienne.com\\\/de\\\/#\\\/schema\\\/logo\\\/image\\\/\"},\"sameAs\":[\"https:\\\/\\\/www.facebook.com\\\/people\\\/Petite-Camargue-Alsacienne\\\/100072042215750\\\/\",\"https:\\\/\\\/www.flickr.com\\\/groups\\\/petitecamarguealsacienne\\\/\"]}]}<\/script>\n<!-- \/ Yoast SEO plugin. -->","yoast_head_json":{"title":"Sitemap | La Petite Camargue Alsacienne","robots":{"index":"index","follow":"follow","max-snippet":"max-snippet:-1","max-image-preview":"max-image-preview:large","max-video-preview":"max-video-preview:-1"},"canonical":"https:\/\/www.petitecamarguealsacienne.com\/de\/sitemap\/","og_locale":"de_DE","og_type":"article","og_title":"Sitemap | La Petite Camargue Alsacienne","og_description":"Pages Petite Camargue Alsacienne Naturreservat Anfahrt Naturschutzgebiet Petite Camargue Alsacienne Was ist ein nationales Naturschutzgebiet ? Die Instanzen des Naturschutzgebiets Erkunden Sie die Petite Camargue auf eigene Faust oder mit [&hellip;]","og_url":"https:\/\/www.petitecamarguealsacienne.com\/de\/sitemap\/","og_site_name":"La Petite Camargue Alsacienne","article_publisher":"https:\/\/www.facebook.com\/people\/Petite-Camargue-Alsacienne\/100072042215750\/","article_modified_time":"2023-06-05T10:35:00+00:00","og_image":[{"width":1200,"height":675,"url":"https:\/\/www.petitecamarguealsacienne.com\/wp-inside\/uploads\/2023\/03\/pca.jpg","type":"image\/jpeg"}],"twitter_card":"summary_large_image","schema":{"@context":"https:\/\/schema.org","@graph":[{"@type":"WebPage","@id":"https:\/\/www.petitecamarguealsacienne.com\/de\/sitemap\/","url":"https:\/\/www.petitecamarguealsacienne.com\/de\/sitemap\/","name":"Sitemap","isPartOf":{"@id":"https:\/\/www.petitecamarguealsacienne.com\/de\/#website"},"datePublished":"2022-07-12T09:14:36+00:00","dateModified":"2023-06-05T10:35:00+00:00","breadcrumb":{"@id":"https:\/\/www.petitecamarguealsacienne.com\/de\/sitemap\/#breadcrumb"},"inLanguage":"de","potentialAction":[{"@type":"ReadAction","target":["https:\/\/www.petitecamarguealsacienne.com\/de\/sitemap\/"]}]},{"@type":"BreadcrumbList","@id":"https:\/\/www.petitecamarguealsacienne.com\/de\/sitemap\/#breadcrumb","itemListElement":[{"@type":"ListItem","position":1,"name":"Startseite","item":"https:\/\/www.petitecamarguealsacienne.com\/de\/"},{"@type":"ListItem","position":2,"name":"Sitemap"}]},{"@type":"WebSite","@id":"https:\/\/www.petitecamarguealsacienne.com\/de\/#website","url":"https:\/\/www.petitecamarguealsacienne.com\/de\/","name":"La Petite Camargue Alsacienne","description":"R\u00e9serve Naturelle au c\u0153ur de la plaine rh\u00e9nane alluviale","publisher":{"@id":"https:\/\/www.petitecamarguealsacienne.com\/de\/#organization"},"alternateName":"PCA","potentialAction":[{"@type":"SearchAction","target":{"@type":"EntryPoint","urlTemplate":"https:\/\/www.petitecamarguealsacienne.com\/de\/?s={search_term_string}"},"query-input":{"@type":"PropertyValueSpecification","valueRequired":true,"valueName":"search_term_string"}}],"inLanguage":"de"},{"@type":"Organization","@id":"https:\/\/www.petitecamarguealsacienne.com\/de\/#organization","name":"Petite Camargue Alsacienne","alternateName":"PCA","url":"https:\/\/www.petitecamarguealsacienne.com\/de\/","logo":{"@type":"ImageObject","inLanguage":"de","@id":"https:\/\/www.petitecamarguealsacienne.com\/de\/#\/schema\/logo\/image\/","url":"https:\/\/www.petitecamarguealsacienne.com\/wp-inside\/uploads\/2022\/10\/logo-petite-camargue-alsacienne.png","contentUrl":"https:\/\/www.petitecamarguealsacienne.com\/wp-inside\/uploads\/2022\/10\/logo-petite-camargue-alsacienne.png","width":194,"height":168,"caption":"Petite Camargue Alsacienne"},"image":{"@id":"https:\/\/www.petitecamarguealsacienne.com\/de\/#\/schema\/logo\/image\/"},"sameAs":["https:\/\/www.facebook.com\/people\/Petite-Camargue-Alsacienne\/100072042215750\/","https:\/\/www.flickr.com\/groups\/petitecamarguealsacienne\/"]}]}},"_links":{"self":[{"href":"https:\/\/www.petitecamarguealsacienne.com\/de\/wp-json\/wp\/v2\/pages\/3779","targetHints":{"allow":["GET"]}}],"collection":[{"href":"https:\/\/www.petitecamarguealsacienne.com\/de\/wp-json\/wp\/v2\/pages"}],"about":[{"href":"https:\/\/www.petitecamarguealsacienne.com\/de\/wp-json\/wp\/v2\/types\/page"}],"author":[{"embeddable":true,"href":"https:\/\/www.petitecamarguealsacienne.com\/de\/wp-json\/wp\/v2\/users\/4"}],"replies":[{"embeddable":true,"href":"https:\/\/www.petitecamarguealsacienne.com\/de\/wp-json\/wp\/v2\/comments?post=3779"}],"version-history":[{"count":1,"href":"https:\/\/www.petitecamarguealsacienne.com\/de\/wp-json\/wp\/v2\/pages\/3779\/revisions"}],"predecessor-version":[{"id":3783,"href":"https:\/\/www.petitecamarguealsacienne.com\/de\/wp-json\/wp\/v2\/pages\/3779\/revisions\/3783"}],"wp:attachment":[{"href":"https:\/\/www.petitecamarguealsacienne.com\/de\/wp-json\/wp\/v2\/media?parent=3779"}],"curies":[{"name":"wp","href":"https:\/\/api.w.org\/{rel}","templated":true}]}}