{"id":3778,"date":"2022-07-12T11:14:12","date_gmt":"2022-07-12T09:14:12","guid":{"rendered":"https:\/\/www.petitecamarguealsacienne.com\/mentions-legales\/"},"modified":"2023-06-20T14:01:53","modified_gmt":"2023-06-20T12:01:53","slug":"impressum","status":"publish","type":"page","link":"https:\/\/www.petitecamarguealsacienne.com\/de\/impressum\/","title":{"rendered":"Impressum"},"content":{"rendered":"<div class=\"wp-post-content\"><!-- zone:zn_pagebanner [0] --><br \/>\n\t\t<!-- \/zone:zn_pagebanner [0] --><br \/>\n<!-- zone:zn_text [1] --><\/p>\n<h2>\u00dcber die Seite<\/h2>\n<p>Sie sind derzeit auf der Seite angemeldet <strong>www.petitecamarguealsacienne.com<\/strong>.<br \/>\nDie Gesamtheit der Daten und Informationen auf der Website <strong>www.petitecamarguealsacienne.com<\/strong> werden der \u00d6ffentlichkeit von der Association de la Petite Camargue Alsacienne zur Verf\u00fcgung gestellt.<br \/>\nDurch einen Blick auf die Website <strong>www.petitecamarguealsacienne.com<\/strong>, verpflichten Sie sich, die in diesem Hinweis enthaltenen Bestimmungen und Bedingungen zu akzeptieren.<\/p>\n<h2>Herausgeber<\/h2>\n<p><strong>L&#8217;Association de la Petite Camargue Alsacienne<\/strong><br \/>\nVerein nach lokalem Recht<br \/>\nSitz\u00a0: 1 rue de la Pisciculture \u2013 68300 Saint-Louis \u2013 France<br \/>\nTel.: +33 (0)3 89 89 78 59<br \/>\npetitecamarguealsacienne@orange.fr<br \/>\nN\u00b0 TVA\u00a0: FR14327438859<\/p>\n<p><strong>Publikationsdirektor :<\/strong> M. Jean-Paul Meyer, Vorsitzender des Vereins<br \/>\n<strong>Bildnachweise<\/strong>\u00a0: Vereinsmitglieder<\/p>\n<h2>Unterkunft<\/h2>\n<p><strong>OVH<\/strong><br \/>\nRCS Lille M\u00e9tropole 424 761 419 00045<br \/>\nAPE-Code 2620Z<br \/>\nN\u00b0 TVA\u00a0: FR 22 424 761 419<br \/>\nSitz\u00a0: 2 rue Kellermann \u2013 59100 Roubaix \u2013 France<\/p>\n<h2>Gestaltung und Referenzierung der Website<\/h2>\n<div><strong>Premi\u00e8re Place<\/strong><br \/>\nSitz KM\u00d8 \u2013 30 rue Fran\u00e7ois Spoerry \u2013 68100 Mulhouse (France)<br \/>\nSARL mit einem Kapital von 8,000,00\u20ac<br \/>\nRCS Mulhouse 489 995 985<br \/>\nN\u00b0 TVA FR12 489995985<br \/>\nTel.: <a class=\"pp-phone-link\" href=\"tel:+33389607161\" title=\"Premi\u00e8re Place\">+33 (0)3 89 60 71 61<\/a><br \/>\n<a class=\"pp-website-link\" href=\"https:\/\/www.premiere.place\" title=\"Premi\u00e8re Place | Web- &#038; e-Marketing-Agentur in Mulhouse (Elsass)\" target=\"_blank\" rel=\"noopener\">www.premiere.place<\/a>\n<\/div>\n<h2>Schutz von pers\u00f6nlichen Daten<\/h2>\n<p>Die Association de la Petite Camargue Alsacienne legt besonderen Wert auf das Recht auf Privatsph\u00e4re der Internetnutzer und verpflichtet sich, ihre pers\u00f6nlichen Daten gem\u00e4\u00df der geltenden franz\u00f6sischen und europ\u00e4ischen Gesetzgebung zu sch\u00fctzen. Von den Besuchern werden keine pers\u00f6nlichen Daten verlangt, um ihnen den Besuch der Website zu erm\u00f6glichen. <strong>www.petitecamarguealsacienne.com<\/strong>.<\/p>\n<p>Jedes Formular auf der Website beschr\u00e4nkt die Sammlung pers\u00f6nlicher Daten auf das absolut Notwendige und gibt systematisch an:<\/p>\n<ul>\n<li>die Zwecke der Erhebung personenbezogener Daten<\/li>\n<li>ob die Daten obligatorisch oder fakultativ sind<\/li>\n<li>den oder die Empf\u00e4nger der gesammelten Daten<\/li>\n<li>die Dauer der Speicherung der gesammelten Daten<\/li>\n<li>Ihre Rechte im Bereich Informatik und Freiheiten und wie Sie diese aus\u00fcben k\u00f6nnen<\/li>\n<\/ul>\n<p>Auf jedem Formular, das auf der Seite vorhanden ist <strong>www.petitecamarguealsacienne.com<\/strong>, ein oder mehrere K\u00e4stchen zum Ankreuzen erm\u00f6glichen es Ihnen, ausdr\u00fccklich Ihre Zustimmung zur Erhebung und Verarbeitung der angeforderten personenbezogenen Daten zu geben. Dadurch kann die Association de la Petite Camargue Alsacienne sicherstellen, dass die ihr \u00fcbermittelten personenbezogenen Daten tats\u00e4chlich f\u00fcr den Zweck bzw. die Zwecke verwendet werden k\u00f6nnen, der\/die ausdr\u00fccklich auf dem Formular angek\u00fcndigt und vom Internetnutzer akzeptiert wurde(n). Jedes angekreuzte K\u00e4stchen entspricht einem bestimmten Zweck der Verarbeitung personenbezogener Daten und dient als rechtlicher Nachweis f\u00fcr die Zustimmung des Internetnutzers.<\/p>\n<p>In keinem Fall darf die Association de la Petite Camargue Alsacienne diese pers\u00f6nlichen Daten f\u00fcr einen anderen Zweck verwenden als den oder die, der\/die ausdr\u00fccklich auf dem Formular angek\u00fcndigt und vom Internetnutzer akzeptiert wurde\/n. Ebenso d\u00fcrfen diese pers\u00f6nlichen Daten nicht an Dritte weitergegeben oder abgetreten werden, ohne dass diese M\u00f6glichkeit ausdr\u00fccklich auf dem Formular erw\u00e4hnt wird.<\/p>\n<p>Gem\u00e4\u00df der Allgemeinen Datenschutzverordnung vom 27. April 2016 und dem ge\u00e4nderten Gesetz &#8222;Informatique et Libert\u00e9s&#8220; vom 6. Januar 1978 haben Sie das Recht, auf die Sie betreffenden Daten zuzugreifen, sie zu berichtigen und aus gerechtfertigten Gr\u00fcnden dagegen Einspruch zu erheben. Um dieses Recht auszu\u00fcben, k\u00f6nnen Sie die Association de la Petite Camargue Alsacienne \u00fcber das <strong><a href=\"https:\/\/www.petitecamarguealsacienne.com\/contact\/\">Kontaktformular<\/a><\/strong> der Website, oder per Post an folgende Adresse\u00a0:<\/p>\n<p>L&#8217;Association de la Petite Camargue Alsacienne<br \/>\n1 rue de la Pisciculture<br \/>\n68300 Saint-Louis \u2013 France<\/p>\n<p>Pers\u00f6nliche Daten, die auf der Website gesammelt werden <strong>www.petitecamarguealsacienne.com<\/strong> werden mithilfe sicherer Protokolle verarbeitet, die das Risiko, dass sie von Dritten abgefangen oder abgerufen werden, erheblich einschr\u00e4nken. Seien Sie dennoch wachsam und geben Sie keine unn\u00f6tigen oder sensiblen pers\u00f6nlichen Informationen preis, wenn Sie unsere Formulare verwenden. Wenn Sie uns solche Informationen mitteilen m\u00f6chten, bevorzugen Sie bitte den Postweg.<\/p>\n<p>Jede Beschwerde im Zusammenhang mit der Verwendung Ihrer pers\u00f6nlichen Daten muss bei der CNIL eingereicht werden, <strong><a href=\"https:\/\/www.cnil.fr\" target=\"_blank\" rel=\"noopener\">www.cnil.fr<\/a><\/strong> ou 3 place de Fontenoy TSA 80715 75334 Paris cedex 07.<\/p>\n<h2>Cookies<\/h2>\n<p>Die Seite <strong>www.petitecamarguealsacienne.com<\/strong> verwendet so genannte Cookies. Dabei handelt es sich um kleine Dateien, die auf Ihren Computer heruntergeladen werden und daf\u00fcr sorgen, dass die Website reibungslos und sicher funktioniert (Session- und Sicherheits-Cookies), und die Informationen dar\u00fcber speichern, wie unsere Besucher unsere Website besuchen (Tracking-Cookies). So k\u00f6nnen wir zum Beispiel feststellen, welche Seiten unsere Besucher am h\u00e4ufigsten aufrufen und wie lange sie auf unserer Website verweilen.<\/p>\n<p>Durch die Einstellung Ihres Browsers haben Sie die M\u00f6glichkeit, Cookies zu deaktivieren oder sich benachrichtigen zu lassen, wenn Cookies auf Ihren Computer heruntergeladen werden sollen. Die Deaktivierung aller Cookies k\u00f6nnte jedoch dazu f\u00fchren, dass Sie nicht alle Funktionen dieser Website richtig nutzen k\u00f6nnen. Wir lassen Ihnen daher die M\u00f6glichkeit, nur die Tracking-Cookies zu deaktivieren, was Ihre Navigation nicht beeintr\u00e4chtigen wird (siehe &#8222;Cookie-Einstellungen&#8220; weiter unten).<\/p>\n<h3>Google Analytics<\/h3>\n<p>Diese Website verwendet den Webanalysedienst Google Analytics. Dadurch k\u00f6nnen wir analysieren, wie Internetnutzer unsere Website nutzen, um ihnen ein besseres Surferlebnis zu bieten. Zu diesem Zweck verwendet Google Analytics Tracking-Cookies, die es erm\u00f6glichen, den Weg eines Internetnutzers auf der Website zu verfolgen. Diese Cookies werden 13 Monate lang aufbewahrt.<\/p>\n<p>Wir haben f\u00fcr diese Website die Anonymisierung von IP-Adressen aktiviert. Das bedeutet, dass die von Google Analytics gesammelten IP-Adressen systematisch gek\u00fcrzt werden, um die Identifizierung von Internetnutzern unm\u00f6glich zu machen. In Ausnahmef\u00e4llen kann es vorkommen, dass die volle IP-Adresse an einen Server von Google in den USA \u00fcbertragen und dort sofort gek\u00fcrzt wird. Google verwendet die \u00fcber Cookies gesammelten Informationen im Auftrag der Association de la Petite Camargue Alsacienne, um die Surfgewohnheiten der Internetnutzer zu analysieren und Berichte \u00fcber die Aktivit\u00e4ten auf der Website zu erstellen.<\/p>\n<p>Google stellt den Nutzern ein Plug-in f\u00fcr ihren Browser zur Verf\u00fcgung, mit dem sie verhindern k\u00f6nnen, dass Daten \u00fcber ihr Surfverhalten auf Webseiten gesammelt werden, die Google Analytics verwenden.<br \/>\nDieses Plug-in ist unter dieser Adresse verf\u00fcgbar: <strong><a href=\"https:\/\/tools.google.com\/dlpage\/gaoptout?hl=fr\" target=\"_blank\" rel=\"noopener\">tools.google.com\/dlpage\/gaoptout<\/a><\/strong><\/p>\n<h3>Google Remarketing<\/h3>\n<p>Auf dieser Website wird m\u00f6glicherweise der Dienst Google Remarketing verwendet, mit dem Nutzern im Google-Werbenetzwerk gezielt Werbeanzeigen auf der Grundlage der besuchten Websites angezeigt werden. Dies erm\u00f6glicht es uns unter anderem, Ihre Navigationsdaten auf dieser Website zu verwenden, um Ihnen gezielte Anzeigen anzubieten, wenn Sie andere Websites im Google-Werbenetzwerk besuchen. Sie haben die M\u00f6glichkeit, diese Funktion \u00fcber den folgenden Link zu deaktivieren: <strong><a href=\"https:\/\/adssettings.google.com\/\" target=\"_blank\" rel=\"noopener\">adssettings.google.com<\/a><\/strong><\/p>\n<p>Wenn Sie ein Google-Konto besitzen und beim Besuch unserer Website in diesem Konto angemeldet sind und Sie Google gestattet haben, Ihren Browserverlauf mit Ihrem Google-Konto zu verkn\u00fcpfen und diesen Browserverlauf zur Personalisierung von Anzeigen zu verwenden, wird Google die mithilfe von Google Analytics erfassten Navigationsdaten mit Ihrem Google-Konto verkn\u00fcpfen. Wenn Sie Ihr Google-Konto auf mehreren Ger\u00e4ten verwenden, werden unsere Anzeigen m\u00f6glicherweise auch auf diesen anderen Ger\u00e4ten angezeigt. Obwohl Google auf dieser Website Daten im Zusammenhang mit der Nutzung von Google-Konten sammelt, kann die Association de la Petite Camargue Alsacienne daraus keine R\u00fcckschl\u00fcsse auf die Identit\u00e4t der Nutzer von Google-Konten ziehen, die die Website besuchen.<\/p>\n<p>F\u00fcr weitere Informationen dar\u00fcber, wie Google diese Daten sammelt und verwendet, verweisen wir auf die Datenschutzbestimmungen von Google : <strong><a href=\"https:\/\/policies.google.com\/privacy\" target=\"_blank\" rel=\"noopener\">policies.google.com\/privacy<\/a><\/strong><\/p>\n<h3>Einstellen von Cookies<\/h3>\n<p>Hier k\u00f6nnen Sie Ihre <a class=\"skpcc-open-settings skpcc-link\" href=\"#\" title=\"\" data-cc=\"show-consentModal\">Cookie-Einstellungen<\/a> f\u00fcr diese Seite \u00e4ndern:<\/p>\n<p><a class=\"skpcc-open-settings skpcc-link button\" href=\"#\" title=\"\" data-cc=\"show-preferencesModal\">Cookie-Einstellungen<\/a><\/p>\n<p>F\u00fcr weitere Informationen \u00fcber Cookies und wie Sie diese verwalten k\u00f6nnen, empfehlen wir Ihnen, die Seite <strong><a href=\"https:\/\/www.youronlinechoices.com\/fr\/\" target=\"_blank\" rel=\"noopener\">www.youronlinechoices.com<\/a><\/strong>, entwickelt von der EDAA-Organisation (European Interactive Digital Advertising Alliance).<\/p>\n<h2>Geistiges Eigentum<\/h2>\n<p>Die gesamte Website unterliegt der franz\u00f6sischen und internationalen Gesetzgebung \u00fcber das Urheberrecht und das geistige Eigentum. Alle Vervielf\u00e4ltigungsrechte sind vorbehalten, einschlie\u00dflich der herunterladbaren Dokumente und der ikonografischen und fotografischen Darstellungen sowie der animierten Sequenzen.<\/p>\n<p>Jede vollst\u00e4ndige oder teilweise Vervielf\u00e4ltigung oder Darstellung des Inhalts der Website durch ein beliebiges Verfahren <strong>www.petitecamarguealsacienne.com<\/strong>, ohne die ausdr\u00fcckliche Genehmigung der Association de la Petite Camargue Alsacienne ist rechtswidrig und stellt eine F\u00e4lschung dar.<\/p>\n<p>Jegliche Nutzung von Informationen aus der Website <strong>www.petitecamarguealsacienne.com<\/strong> muss zwingend die Quelle der Information angeben. Die Internetadresse der Seite <strong>www.petitecamarguealsacienne.com<\/strong> muss unbedingt in der Quellenangabe enthalten sein.<\/p>\n<p>Die auf dieser Website genannten Marken sind von den Unternehmen, denen sie geh\u00f6ren, registriert.<\/p>\n<h2>Verantwortung<\/h2>\n<p>Der Inhalt und die Umgebung von externen Seiten, auf die die Seite <strong>www.petitecamarguealsacienne.com<\/strong> verweisen kann (insbesondere \u00fcber Hypertext-Links), haftet die Association de la Petite Camargue Alsacienne nicht.<\/p>\n<p>Die Einrichtung von Hypertext-Links durch Dritte zu Seiten oder Dokumenten der Website <strong>www.petitecamarguealsacienne.com<\/strong> ist unter der Bedingung erlaubt, dass die Links nicht gegen die Interessen der Association de la Petite Camargue Alsacienne versto\u00dfen und dass sie gew\u00e4hrleisten, dass der Nutzer die M\u00f6glichkeit hat, den Ursprung und den Autor des Dokuments zu identifizieren.<\/p>\n<p>Die Association de la Petite Camargue Alsacienne kann in keiner Weise f\u00fcr den Inhalt der Informationen auf dieser Website oder f\u00fcr die Folgen, die sich aus ihrer Nutzung oder Auslegung ergeben k\u00f6nnen, haftbar gemacht werden.<\/p>\n<p>Die Konsultation der Website <strong>www.petitecamarguealsacienne.com<\/strong> setzt voraus, dass der Internetnutzer die oben genannten Bedingungen und Konditionen akzeptiert.<\/p>\n<p>\t\t\t<!-- \/zone:zn_text [1] -->\n<\/div>\n","protected":false},"excerpt":{"rendered":"<p>\u00dcber die Seite Sie sind derzeit auf der Seite angemeldet www.petitecamarguealsacienne.com. Die Gesamtheit der Daten und Informationen auf der Website www.petitecamarguealsacienne.com werden der \u00d6ffentlichkeit von der Association de la Petite [&hellip;]<\/p>\n","protected":false},"author":4,"featured_media":0,"parent":0,"menu_order":120,"comment_status":"closed","ping_status":"closed","template":"","meta":{"_acf_changed":false,"footnotes":""},"class_list":["post-3778","page","type-page","status-publish","hentry","wp-sticky"],"acf":[],"yoast_head":"<!-- This site is optimized with the Yoast SEO plugin v27.4 - https:\/\/yoast.com\/product\/yoast-seo-wordpress\/ -->\n<title>Impressum | La Petite Camargue Alsacienne<\/title>\n<meta name=\"robots\" content=\"index, follow, max-snippet:-1, max-image-preview:large, max-video-preview:-1\" \/>\n<link rel=\"canonical\" href=\"https:\/\/www.petitecamarguealsacienne.com\/de\/impressum\/\" \/>\n<meta property=\"og:locale\" content=\"de_DE\" \/>\n<meta property=\"og:type\" content=\"article\" \/>\n<meta property=\"og:title\" content=\"Impressum | La Petite Camargue Alsacienne\" \/>\n<meta property=\"og:description\" content=\"\u00dcber die Seite Sie sind derzeit auf der Seite angemeldet www.petitecamarguealsacienne.com. Die Gesamtheit der Daten und Informationen auf der Website www.petitecamarguealsacienne.com werden der \u00d6ffentlichkeit von der Association de la Petite [&hellip;]\" \/>\n<meta property=\"og:url\" content=\"https:\/\/www.petitecamarguealsacienne.com\/de\/impressum\/\" \/>\n<meta property=\"og:site_name\" content=\"La Petite Camargue Alsacienne\" \/>\n<meta property=\"article:publisher\" content=\"https:\/\/www.facebook.com\/people\/Petite-Camargue-Alsacienne\/100072042215750\/\" \/>\n<meta property=\"article:modified_time\" content=\"2023-06-20T12:01:53+00:00\" \/>\n<meta property=\"og:image\" content=\"https:\/\/www.petitecamarguealsacienne.com\/wp-inside\/uploads\/2023\/03\/pca.jpg\" \/>\n\t<meta property=\"og:image:width\" content=\"1200\" \/>\n\t<meta property=\"og:image:height\" content=\"675\" \/>\n\t<meta property=\"og:image:type\" content=\"image\/jpeg\" \/>\n<meta name=\"twitter:card\" content=\"summary_large_image\" \/>\n<script type=\"application\/ld+json\" class=\"yoast-schema-graph\">{\"@context\":\"https:\\\/\\\/schema.org\",\"@graph\":[{\"@type\":\"WebPage\",\"@id\":\"https:\\\/\\\/www.petitecamarguealsacienne.com\\\/de\\\/impressum\\\/\",\"url\":\"https:\\\/\\\/www.petitecamarguealsacienne.com\\\/de\\\/impressum\\\/\",\"name\":\"Impressum\",\"isPartOf\":{\"@id\":\"https:\\\/\\\/www.petitecamarguealsacienne.com\\\/de\\\/#website\"},\"datePublished\":\"2022-07-12T09:14:12+00:00\",\"dateModified\":\"2023-06-20T12:01:53+00:00\",\"breadcrumb\":{\"@id\":\"https:\\\/\\\/www.petitecamarguealsacienne.com\\\/de\\\/impressum\\\/#breadcrumb\"},\"inLanguage\":\"de\",\"potentialAction\":[{\"@type\":\"ReadAction\",\"target\":[\"https:\\\/\\\/www.petitecamarguealsacienne.com\\\/de\\\/impressum\\\/\"]}]},{\"@type\":\"BreadcrumbList\",\"@id\":\"https:\\\/\\\/www.petitecamarguealsacienne.com\\\/de\\\/impressum\\\/#breadcrumb\",\"itemListElement\":[{\"@type\":\"ListItem\",\"position\":1,\"name\":\"Startseite\",\"item\":\"https:\\\/\\\/www.petitecamarguealsacienne.com\\\/de\\\/\"},{\"@type\":\"ListItem\",\"position\":2,\"name\":\"Impressum\"}]},{\"@type\":\"WebSite\",\"@id\":\"https:\\\/\\\/www.petitecamarguealsacienne.com\\\/de\\\/#website\",\"url\":\"https:\\\/\\\/www.petitecamarguealsacienne.com\\\/de\\\/\",\"name\":\"La Petite Camargue Alsacienne\",\"description\":\"R\u00e9serve Naturelle au c\u0153ur de la plaine rh\u00e9nane alluviale\",\"publisher\":{\"@id\":\"https:\\\/\\\/www.petitecamarguealsacienne.com\\\/de\\\/#organization\"},\"alternateName\":\"PCA\",\"potentialAction\":[{\"@type\":\"SearchAction\",\"target\":{\"@type\":\"EntryPoint\",\"urlTemplate\":\"https:\\\/\\\/www.petitecamarguealsacienne.com\\\/de\\\/?s={search_term_string}\"},\"query-input\":{\"@type\":\"PropertyValueSpecification\",\"valueRequired\":true,\"valueName\":\"search_term_string\"}}],\"inLanguage\":\"de\"},{\"@type\":\"Organization\",\"@id\":\"https:\\\/\\\/www.petitecamarguealsacienne.com\\\/de\\\/#organization\",\"name\":\"Petite Camargue Alsacienne\",\"alternateName\":\"PCA\",\"url\":\"https:\\\/\\\/www.petitecamarguealsacienne.com\\\/de\\\/\",\"logo\":{\"@type\":\"ImageObject\",\"inLanguage\":\"de\",\"@id\":\"https:\\\/\\\/www.petitecamarguealsacienne.com\\\/de\\\/#\\\/schema\\\/logo\\\/image\\\/\",\"url\":\"https:\\\/\\\/www.petitecamarguealsacienne.com\\\/wp-inside\\\/uploads\\\/2022\\\/10\\\/logo-petite-camargue-alsacienne.png\",\"contentUrl\":\"https:\\\/\\\/www.petitecamarguealsacienne.com\\\/wp-inside\\\/uploads\\\/2022\\\/10\\\/logo-petite-camargue-alsacienne.png\",\"width\":194,\"height\":168,\"caption\":\"Petite Camargue Alsacienne\"},\"image\":{\"@id\":\"https:\\\/\\\/www.petitecamarguealsacienne.com\\\/de\\\/#\\\/schema\\\/logo\\\/image\\\/\"},\"sameAs\":[\"https:\\\/\\\/www.facebook.com\\\/people\\\/Petite-Camargue-Alsacienne\\\/100072042215750\\\/\",\"https:\\\/\\\/www.flickr.com\\\/groups\\\/petitecamarguealsacienne\\\/\"]}]}<\/script>\n<!-- \/ Yoast SEO plugin. -->","yoast_head_json":{"title":"Impressum | La Petite Camargue Alsacienne","robots":{"index":"index","follow":"follow","max-snippet":"max-snippet:-1","max-image-preview":"max-image-preview:large","max-video-preview":"max-video-preview:-1"},"canonical":"https:\/\/www.petitecamarguealsacienne.com\/de\/impressum\/","og_locale":"de_DE","og_type":"article","og_title":"Impressum | La Petite Camargue Alsacienne","og_description":"\u00dcber die Seite Sie sind derzeit auf der Seite angemeldet www.petitecamarguealsacienne.com. Die Gesamtheit der Daten und Informationen auf der Website www.petitecamarguealsacienne.com werden der \u00d6ffentlichkeit von der Association de la Petite [&hellip;]","og_url":"https:\/\/www.petitecamarguealsacienne.com\/de\/impressum\/","og_site_name":"La Petite Camargue Alsacienne","article_publisher":"https:\/\/www.facebook.com\/people\/Petite-Camargue-Alsacienne\/100072042215750\/","article_modified_time":"2023-06-20T12:01:53+00:00","og_image":[{"width":1200,"height":675,"url":"https:\/\/www.petitecamarguealsacienne.com\/wp-inside\/uploads\/2023\/03\/pca.jpg","type":"image\/jpeg"}],"twitter_card":"summary_large_image","schema":{"@context":"https:\/\/schema.org","@graph":[{"@type":"WebPage","@id":"https:\/\/www.petitecamarguealsacienne.com\/de\/impressum\/","url":"https:\/\/www.petitecamarguealsacienne.com\/de\/impressum\/","name":"Impressum","isPartOf":{"@id":"https:\/\/www.petitecamarguealsacienne.com\/de\/#website"},"datePublished":"2022-07-12T09:14:12+00:00","dateModified":"2023-06-20T12:01:53+00:00","breadcrumb":{"@id":"https:\/\/www.petitecamarguealsacienne.com\/de\/impressum\/#breadcrumb"},"inLanguage":"de","potentialAction":[{"@type":"ReadAction","target":["https:\/\/www.petitecamarguealsacienne.com\/de\/impressum\/"]}]},{"@type":"BreadcrumbList","@id":"https:\/\/www.petitecamarguealsacienne.com\/de\/impressum\/#breadcrumb","itemListElement":[{"@type":"ListItem","position":1,"name":"Startseite","item":"https:\/\/www.petitecamarguealsacienne.com\/de\/"},{"@type":"ListItem","position":2,"name":"Impressum"}]},{"@type":"WebSite","@id":"https:\/\/www.petitecamarguealsacienne.com\/de\/#website","url":"https:\/\/www.petitecamarguealsacienne.com\/de\/","name":"La Petite Camargue Alsacienne","description":"R\u00e9serve Naturelle au c\u0153ur de la plaine rh\u00e9nane alluviale","publisher":{"@id":"https:\/\/www.petitecamarguealsacienne.com\/de\/#organization"},"alternateName":"PCA","potentialAction":[{"@type":"SearchAction","target":{"@type":"EntryPoint","urlTemplate":"https:\/\/www.petitecamarguealsacienne.com\/de\/?s={search_term_string}"},"query-input":{"@type":"PropertyValueSpecification","valueRequired":true,"valueName":"search_term_string"}}],"inLanguage":"de"},{"@type":"Organization","@id":"https:\/\/www.petitecamarguealsacienne.com\/de\/#organization","name":"Petite Camargue Alsacienne","alternateName":"PCA","url":"https:\/\/www.petitecamarguealsacienne.com\/de\/","logo":{"@type":"ImageObject","inLanguage":"de","@id":"https:\/\/www.petitecamarguealsacienne.com\/de\/#\/schema\/logo\/image\/","url":"https:\/\/www.petitecamarguealsacienne.com\/wp-inside\/uploads\/2022\/10\/logo-petite-camargue-alsacienne.png","contentUrl":"https:\/\/www.petitecamarguealsacienne.com\/wp-inside\/uploads\/2022\/10\/logo-petite-camargue-alsacienne.png","width":194,"height":168,"caption":"Petite Camargue Alsacienne"},"image":{"@id":"https:\/\/www.petitecamarguealsacienne.com\/de\/#\/schema\/logo\/image\/"},"sameAs":["https:\/\/www.facebook.com\/people\/Petite-Camargue-Alsacienne\/100072042215750\/","https:\/\/www.flickr.com\/groups\/petitecamarguealsacienne\/"]}]}},"_links":{"self":[{"href":"https:\/\/www.petitecamarguealsacienne.com\/de\/wp-json\/wp\/v2\/pages\/3778","targetHints":{"allow":["GET"]}}],"collection":[{"href":"https:\/\/www.petitecamarguealsacienne.com\/de\/wp-json\/wp\/v2\/pages"}],"about":[{"href":"https:\/\/www.petitecamarguealsacienne.com\/de\/wp-json\/wp\/v2\/types\/page"}],"author":[{"embeddable":true,"href":"https:\/\/www.petitecamarguealsacienne.com\/de\/wp-json\/wp\/v2\/users\/4"}],"replies":[{"embeddable":true,"href":"https:\/\/www.petitecamarguealsacienne.com\/de\/wp-json\/wp\/v2\/comments?post=3778"}],"version-history":[{"count":4,"href":"https:\/\/www.petitecamarguealsacienne.com\/de\/wp-json\/wp\/v2\/pages\/3778\/revisions"}],"predecessor-version":[{"id":3876,"href":"https:\/\/www.petitecamarguealsacienne.com\/de\/wp-json\/wp\/v2\/pages\/3778\/revisions\/3876"}],"wp:attachment":[{"href":"https:\/\/www.petitecamarguealsacienne.com\/de\/wp-json\/wp\/v2\/media?parent=3778"}],"curies":[{"name":"wp","href":"https:\/\/api.w.org\/{rel}","templated":true}]}}