{"id":3729,"date":"2022-11-17T17:24:24","date_gmt":"2022-11-17T16:24:24","guid":{"rendered":"https:\/\/www.petitecamarguealsacienne.com\/historique\/"},"modified":"2023-06-06T14:11:29","modified_gmt":"2023-06-06T12:11:29","slug":"geschichte","status":"publish","type":"page","link":"https:\/\/www.petitecamarguealsacienne.com\/de\/fischzucht\/geschichte\/","title":{"rendered":"Geschichte"},"content":{"rendered":"<div class=\"wp-post-content\"><!-- zone:zn_pagebanner [0] --><br \/>\n\t\t<!-- \/zone:zn_pagebanner [0] --><br \/>\n<!-- zone:zn_text_img [1] --><\/p>\n<h2>Die erste Fischzucht in Europa entstand im jetzigen Naturschutzgebiet!<\/h2>\n<p>Der entscheidende Schritt in der Aufzucht von Fischen wurde in Frankreich durch die Wiederentdeckung der <strong>k\u00fcnstlichen Befruchtung von Forelleneiern<\/strong> und ihrer Kultivierung im Brutapparat gemacht.<\/p>\n<p>Schon im Jahr 1840 gelang es dem Vogesenfischer R\u00e9my, Forelleneier k\u00fcnstlich zu befruchten und die Gebirgsb\u00e4che und Seen in seiner Region mit der Fischbrut zu besiedeln. Der Gastwirt Gehin aus La Bresse erkannte die Bedeutung dieser Erfindung und benachrichtigte Doktor Haxo von der Vereinigung \u201eDie Weisen der Vogesen\u201c. Dieser wiederum schickte einen Bericht an die franz\u00f6sische Akademie der Wissenschaften, welche wiederum die Regierung verst\u00e4ndigte. Das Landwirtschaftsministerium beauftragte daraufhin den Biologen Prof. Coste, zu begutachten, ob sich das Verfahren praktisch anwenden lasse. Trotz der massiven Kritik und Bedenken einiger Politiker f\u00f6rderte die Regierung die Forschung mit dem Ziel, eine <strong>\u201eFabrik\u201c zu bauen, um alle Wasserl\u00e4ufe<\/strong> mit Fischen zu besetzen<\/p>\n<p><!-- \/zone:zn_text_img [1] --><br \/>\n<!-- zone:zn_text [2] --><\/p>\n<p>Im Jahr 1852 w\u00e4hlte Prof. Coste das heutige Gebiet der Petite Camargue aus, um die erste industrielle Fischzucht in Europa aufzubauen.<br \/>\nFaktoren wie die N\u00e4he zum damals sehr fischreichen Rheins und seiner Zufl\u00fcsse und deren Wasserqualit\u00e4t spielten eine Rolle bei der Standortwahl. Die Fischzucht sollte Millionen Fischeier liefern, um die Wasserl\u00e4ufe in ganz Frankreich und Europe wieder mit Fischen zu besiedeln.<\/p>\n<p>1860 war der Bau der Geb\u00e4ude und der Au\u00dfenanlagen abgeschlossen. Die Einrichtung wurde aufgrund der N\u00e4he zur einzigen naheliegenden Stadt <strong>die Fischzucht von H\u00fcningen<\/strong> genannt.<\/p>\n<p>\t\t\t<!-- \/zone:zn_text [2] --><br \/>\n<!-- zone:zn_text [3] --><\/p>\n<h2>Die Fischzucht heute<\/h2>\n<p>Heute dient jedes einzelne Geb\u00e4ude in diesem ansehnlichen Komplex einem besonderen Zweck:<\/p>\n<ul>\n<li>Im Hauptgeb\u00e4ude befinden sich die B\u00fcros des Vereins Petite Camargue Alsacienne und Wohnungen.<\/li>\n<li>In den H\u00e4usern der Ranger sind die Praktikanten untergebracht,<\/li>\n<li>Die kleinen H\u00e4user im Osten und Westen beherbergen ein <strong>Forschungslabor<\/strong> und eine Vogelwarte. In dieser <strong>Vogelwarte<\/strong> werden die V\u00f6gel beringt. Dies geschieht unter Aufsicht des franz\u00f6sischen Forschungszentrums f\u00fcr die Biologie von Vogelpopulationen des Naturhistorischen Museums in Paris.<\/li>\n<li>Im Haus des Naturschutzzentrums befindet sich der Empfang f\u00fcr <a href=\"https:\/\/www.petitecamarguealsacienne.com\/de\/empfangsorte\/naturparkzentrum\/\">tempor\u00e4re Ausstellungen<\/a><\/li>\n<li>Die Nebengeb\u00e4ude werden als Werkst\u00e4tten und Schuppen benutzt,<\/li>\n<li>Im Ostfl\u00fcgel befinden sich vor allem die <strong>Anlagen f\u00fcr die Aufzucht von Lachsen<\/strong>, mit welchen der Rhein und seine Zufl\u00fcsse im Rahmen des Wiedereinf\u00fchrungsprogramms &#8222;Lachs 2000&#8220; besiedelt werden soll. So werden jedes Jahr 300 000 Lachseier aus verschiedenen Lachsst\u00e4mmen, sowie eine kleine Anzahl an Fario-Forellen, gez\u00fcchtet.<\/li>\n<li>Im Westfl\u00fcgel ist das Besucherzentrum untergebracht, mit den Dauerausstellungen die Geschichte <a href=\"https:\/\/www.petitecamarguealsacienne.com\/de\/empfangsorte\/dauerausstellungen\/\">unseres gro\u00dfen Stroms unter dem Titel &#8222;M\u00e9moire du Rhin&#8220; (Erinnerung an den Rhein)<\/a>.<\/li>\n<\/ul>\n<p>\t\t\t<!-- \/zone:zn_text [3] -->\n<\/div>\n","protected":false},"excerpt":{"rendered":"<p>In La R\u00e9serve entstand die erste Fischzucht Europas! Erfahren Sie mehr \u00fcber ihre Geschichte seit 1852. <\/p>\n","protected":false},"author":4,"featured_media":1609,"parent":3740,"menu_order":5,"comment_status":"closed","ping_status":"closed","template":"","meta":{"_acf_changed":false,"footnotes":""},"class_list":["post-3729","page","type-page","status-publish","has-post-thumbnail","hentry","wp-sticky"],"acf":[],"yoast_head":"<!-- This site is optimized with the Yoast SEO plugin v27.5 - https:\/\/yoast.com\/product\/yoast-seo-wordpress\/ -->\n<title>Fischzucht Lachs Rhein, Geschichte | La Petite Camargue Alsacienne<\/title>\n<meta name=\"description\" content=\"Erfahren Sie, wie unsere Fischzucht entstanden ist und wie das Naturschutzgebiet heute organisiert ist.\" \/>\n<meta name=\"robots\" content=\"index, follow, max-snippet:-1, max-image-preview:large, max-video-preview:-1\" \/>\n<link rel=\"canonical\" href=\"https:\/\/www.petitecamarguealsacienne.com\/de\/fischzucht\/geschichte\/\" \/>\n<meta property=\"og:locale\" content=\"de_DE\" \/>\n<meta property=\"og:type\" content=\"article\" \/>\n<meta property=\"og:title\" content=\"Fischzucht Lachs Rhein, Geschichte | La Petite Camargue Alsacienne\" \/>\n<meta property=\"og:description\" content=\"Erfahren Sie, wie unsere Fischzucht entstanden ist und wie das Naturschutzgebiet heute organisiert ist.\" \/>\n<meta property=\"og:url\" content=\"https:\/\/www.petitecamarguealsacienne.com\/de\/fischzucht\/geschichte\/\" \/>\n<meta property=\"og:site_name\" content=\"La Petite Camargue Alsacienne\" \/>\n<meta property=\"article:publisher\" content=\"https:\/\/www.facebook.com\/people\/Petite-Camargue-Alsacienne\/100072042215750\/\" \/>\n<meta property=\"article:modified_time\" content=\"2023-06-06T12:11:29+00:00\" \/>\n<meta property=\"og:image\" content=\"https:\/\/www.petitecamarguealsacienne.com\/wp-inside\/uploads\/2023\/02\/vue_aerienne_petite_camargue_alsacienne.jpg\" \/>\n\t<meta property=\"og:image:width\" content=\"1980\" \/>\n\t<meta property=\"og:image:height\" content=\"1201\" \/>\n\t<meta property=\"og:image:type\" content=\"image\/jpeg\" \/>\n<meta name=\"twitter:card\" content=\"summary_large_image\" \/>\n<meta name=\"twitter:label1\" content=\"Gesch\u00e4tzte Lesezeit\" \/>\n\t<meta name=\"twitter:data1\" content=\"2\u00a0Minuten\" \/>\n<script type=\"application\/ld+json\" class=\"yoast-schema-graph\">{\"@context\":\"https:\\\/\\\/schema.org\",\"@graph\":[{\"@type\":\"WebPage\",\"@id\":\"https:\\\/\\\/www.petitecamarguealsacienne.com\\\/de\\\/fischzucht\\\/geschichte\\\/\",\"url\":\"https:\\\/\\\/www.petitecamarguealsacienne.com\\\/de\\\/fischzucht\\\/geschichte\\\/\",\"name\":\"Fischzucht Lachs Rhein, Geschichte\",\"isPartOf\":{\"@id\":\"https:\\\/\\\/www.petitecamarguealsacienne.com\\\/de\\\/#website\"},\"primaryImageOfPage\":{\"@id\":\"https:\\\/\\\/www.petitecamarguealsacienne.com\\\/de\\\/fischzucht\\\/geschichte\\\/#primaryimage\"},\"image\":{\"@id\":\"https:\\\/\\\/www.petitecamarguealsacienne.com\\\/de\\\/fischzucht\\\/geschichte\\\/#primaryimage\"},\"thumbnailUrl\":\"https:\\\/\\\/www.petitecamarguealsacienne.com\\\/wp-inside\\\/uploads\\\/2023\\\/02\\\/vue_aerienne_petite_camargue_alsacienne.jpg\",\"datePublished\":\"2022-11-17T16:24:24+00:00\",\"dateModified\":\"2023-06-06T12:11:29+00:00\",\"description\":\"Erfahren Sie, wie unsere Fischzucht entstanden ist und wie das Naturschutzgebiet heute organisiert ist.\",\"breadcrumb\":{\"@id\":\"https:\\\/\\\/www.petitecamarguealsacienne.com\\\/de\\\/fischzucht\\\/geschichte\\\/#breadcrumb\"},\"inLanguage\":\"de\",\"potentialAction\":[{\"@type\":\"ReadAction\",\"target\":[\"https:\\\/\\\/www.petitecamarguealsacienne.com\\\/de\\\/fischzucht\\\/geschichte\\\/\"]}]},{\"@type\":\"ImageObject\",\"inLanguage\":\"de\",\"@id\":\"https:\\\/\\\/www.petitecamarguealsacienne.com\\\/de\\\/fischzucht\\\/geschichte\\\/#primaryimage\",\"url\":\"https:\\\/\\\/www.petitecamarguealsacienne.com\\\/wp-inside\\\/uploads\\\/2023\\\/02\\\/vue_aerienne_petite_camargue_alsacienne.jpg\",\"contentUrl\":\"https:\\\/\\\/www.petitecamarguealsacienne.com\\\/wp-inside\\\/uploads\\\/2023\\\/02\\\/vue_aerienne_petite_camargue_alsacienne.jpg\",\"width\":1980,\"height\":1201,\"caption\":\"Petite Camargue Alsacienne vue a\u00e9rienne\"},{\"@type\":\"BreadcrumbList\",\"@id\":\"https:\\\/\\\/www.petitecamarguealsacienne.com\\\/de\\\/fischzucht\\\/geschichte\\\/#breadcrumb\",\"itemListElement\":[{\"@type\":\"ListItem\",\"position\":1,\"name\":\"Startseite\",\"item\":\"https:\\\/\\\/www.petitecamarguealsacienne.com\\\/de\\\/\"},{\"@type\":\"ListItem\",\"position\":2,\"name\":\"Fischzucht\",\"item\":\"https:\\\/\\\/www.petitecamarguealsacienne.com\\\/de\\\/fischzucht\\\/\"},{\"@type\":\"ListItem\",\"position\":3,\"name\":\"Geschichte\"}]},{\"@type\":\"WebSite\",\"@id\":\"https:\\\/\\\/www.petitecamarguealsacienne.com\\\/de\\\/#website\",\"url\":\"https:\\\/\\\/www.petitecamarguealsacienne.com\\\/de\\\/\",\"name\":\"La Petite Camargue Alsacienne\",\"description\":\"R\u00e9serve Naturelle au c\u0153ur de la plaine rh\u00e9nane alluviale\",\"publisher\":{\"@id\":\"https:\\\/\\\/www.petitecamarguealsacienne.com\\\/de\\\/#organization\"},\"alternateName\":\"PCA\",\"potentialAction\":[{\"@type\":\"SearchAction\",\"target\":{\"@type\":\"EntryPoint\",\"urlTemplate\":\"https:\\\/\\\/www.petitecamarguealsacienne.com\\\/de\\\/?s={search_term_string}\"},\"query-input\":{\"@type\":\"PropertyValueSpecification\",\"valueRequired\":true,\"valueName\":\"search_term_string\"}}],\"inLanguage\":\"de\"},{\"@type\":\"Organization\",\"@id\":\"https:\\\/\\\/www.petitecamarguealsacienne.com\\\/de\\\/#organization\",\"name\":\"Petite Camargue Alsacienne\",\"alternateName\":\"PCA\",\"url\":\"https:\\\/\\\/www.petitecamarguealsacienne.com\\\/de\\\/\",\"logo\":{\"@type\":\"ImageObject\",\"inLanguage\":\"de\",\"@id\":\"https:\\\/\\\/www.petitecamarguealsacienne.com\\\/de\\\/#\\\/schema\\\/logo\\\/image\\\/\",\"url\":\"https:\\\/\\\/www.petitecamarguealsacienne.com\\\/wp-inside\\\/uploads\\\/2022\\\/10\\\/logo-petite-camargue-alsacienne.png\",\"contentUrl\":\"https:\\\/\\\/www.petitecamarguealsacienne.com\\\/wp-inside\\\/uploads\\\/2022\\\/10\\\/logo-petite-camargue-alsacienne.png\",\"width\":194,\"height\":168,\"caption\":\"Petite Camargue Alsacienne\"},\"image\":{\"@id\":\"https:\\\/\\\/www.petitecamarguealsacienne.com\\\/de\\\/#\\\/schema\\\/logo\\\/image\\\/\"},\"sameAs\":[\"https:\\\/\\\/www.facebook.com\\\/people\\\/Petite-Camargue-Alsacienne\\\/100072042215750\\\/\",\"https:\\\/\\\/www.flickr.com\\\/groups\\\/petitecamarguealsacienne\\\/\"]}]}<\/script>\n<!-- \/ Yoast SEO plugin. -->","yoast_head_json":{"title":"Fischzucht Lachs Rhein, Geschichte | La Petite Camargue Alsacienne","description":"Erfahren Sie, wie unsere Fischzucht entstanden ist und wie das Naturschutzgebiet heute organisiert ist.","robots":{"index":"index","follow":"follow","max-snippet":"max-snippet:-1","max-image-preview":"max-image-preview:large","max-video-preview":"max-video-preview:-1"},"canonical":"https:\/\/www.petitecamarguealsacienne.com\/de\/fischzucht\/geschichte\/","og_locale":"de_DE","og_type":"article","og_title":"Fischzucht Lachs Rhein, Geschichte | La Petite Camargue Alsacienne","og_description":"Erfahren Sie, wie unsere Fischzucht entstanden ist und wie das Naturschutzgebiet heute organisiert ist.","og_url":"https:\/\/www.petitecamarguealsacienne.com\/de\/fischzucht\/geschichte\/","og_site_name":"La Petite Camargue Alsacienne","article_publisher":"https:\/\/www.facebook.com\/people\/Petite-Camargue-Alsacienne\/100072042215750\/","article_modified_time":"2023-06-06T12:11:29+00:00","og_image":[{"width":1980,"height":1201,"url":"https:\/\/www.petitecamarguealsacienne.com\/wp-inside\/uploads\/2023\/02\/vue_aerienne_petite_camargue_alsacienne.jpg","type":"image\/jpeg"}],"twitter_card":"summary_large_image","twitter_misc":{"Gesch\u00e4tzte Lesezeit":"2\u00a0Minuten"},"schema":{"@context":"https:\/\/schema.org","@graph":[{"@type":"WebPage","@id":"https:\/\/www.petitecamarguealsacienne.com\/de\/fischzucht\/geschichte\/","url":"https:\/\/www.petitecamarguealsacienne.com\/de\/fischzucht\/geschichte\/","name":"Fischzucht Lachs Rhein, Geschichte","isPartOf":{"@id":"https:\/\/www.petitecamarguealsacienne.com\/de\/#website"},"primaryImageOfPage":{"@id":"https:\/\/www.petitecamarguealsacienne.com\/de\/fischzucht\/geschichte\/#primaryimage"},"image":{"@id":"https:\/\/www.petitecamarguealsacienne.com\/de\/fischzucht\/geschichte\/#primaryimage"},"thumbnailUrl":"https:\/\/www.petitecamarguealsacienne.com\/wp-inside\/uploads\/2023\/02\/vue_aerienne_petite_camargue_alsacienne.jpg","datePublished":"2022-11-17T16:24:24+00:00","dateModified":"2023-06-06T12:11:29+00:00","description":"Erfahren Sie, wie unsere Fischzucht entstanden ist und wie das Naturschutzgebiet heute organisiert ist.","breadcrumb":{"@id":"https:\/\/www.petitecamarguealsacienne.com\/de\/fischzucht\/geschichte\/#breadcrumb"},"inLanguage":"de","potentialAction":[{"@type":"ReadAction","target":["https:\/\/www.petitecamarguealsacienne.com\/de\/fischzucht\/geschichte\/"]}]},{"@type":"ImageObject","inLanguage":"de","@id":"https:\/\/www.petitecamarguealsacienne.com\/de\/fischzucht\/geschichte\/#primaryimage","url":"https:\/\/www.petitecamarguealsacienne.com\/wp-inside\/uploads\/2023\/02\/vue_aerienne_petite_camargue_alsacienne.jpg","contentUrl":"https:\/\/www.petitecamarguealsacienne.com\/wp-inside\/uploads\/2023\/02\/vue_aerienne_petite_camargue_alsacienne.jpg","width":1980,"height":1201,"caption":"Petite Camargue Alsacienne vue a\u00e9rienne"},{"@type":"BreadcrumbList","@id":"https:\/\/www.petitecamarguealsacienne.com\/de\/fischzucht\/geschichte\/#breadcrumb","itemListElement":[{"@type":"ListItem","position":1,"name":"Startseite","item":"https:\/\/www.petitecamarguealsacienne.com\/de\/"},{"@type":"ListItem","position":2,"name":"Fischzucht","item":"https:\/\/www.petitecamarguealsacienne.com\/de\/fischzucht\/"},{"@type":"ListItem","position":3,"name":"Geschichte"}]},{"@type":"WebSite","@id":"https:\/\/www.petitecamarguealsacienne.com\/de\/#website","url":"https:\/\/www.petitecamarguealsacienne.com\/de\/","name":"La Petite Camargue Alsacienne","description":"R\u00e9serve Naturelle au c\u0153ur de la plaine rh\u00e9nane alluviale","publisher":{"@id":"https:\/\/www.petitecamarguealsacienne.com\/de\/#organization"},"alternateName":"PCA","potentialAction":[{"@type":"SearchAction","target":{"@type":"EntryPoint","urlTemplate":"https:\/\/www.petitecamarguealsacienne.com\/de\/?s={search_term_string}"},"query-input":{"@type":"PropertyValueSpecification","valueRequired":true,"valueName":"search_term_string"}}],"inLanguage":"de"},{"@type":"Organization","@id":"https:\/\/www.petitecamarguealsacienne.com\/de\/#organization","name":"Petite Camargue Alsacienne","alternateName":"PCA","url":"https:\/\/www.petitecamarguealsacienne.com\/de\/","logo":{"@type":"ImageObject","inLanguage":"de","@id":"https:\/\/www.petitecamarguealsacienne.com\/de\/#\/schema\/logo\/image\/","url":"https:\/\/www.petitecamarguealsacienne.com\/wp-inside\/uploads\/2022\/10\/logo-petite-camargue-alsacienne.png","contentUrl":"https:\/\/www.petitecamarguealsacienne.com\/wp-inside\/uploads\/2022\/10\/logo-petite-camargue-alsacienne.png","width":194,"height":168,"caption":"Petite Camargue Alsacienne"},"image":{"@id":"https:\/\/www.petitecamarguealsacienne.com\/de\/#\/schema\/logo\/image\/"},"sameAs":["https:\/\/www.facebook.com\/people\/Petite-Camargue-Alsacienne\/100072042215750\/","https:\/\/www.flickr.com\/groups\/petitecamarguealsacienne\/"]}]}},"_links":{"self":[{"href":"https:\/\/www.petitecamarguealsacienne.com\/de\/wp-json\/wp\/v2\/pages\/3729","targetHints":{"allow":["GET"]}}],"collection":[{"href":"https:\/\/www.petitecamarguealsacienne.com\/de\/wp-json\/wp\/v2\/pages"}],"about":[{"href":"https:\/\/www.petitecamarguealsacienne.com\/de\/wp-json\/wp\/v2\/types\/page"}],"author":[{"embeddable":true,"href":"https:\/\/www.petitecamarguealsacienne.com\/de\/wp-json\/wp\/v2\/users\/4"}],"replies":[{"embeddable":true,"href":"https:\/\/www.petitecamarguealsacienne.com\/de\/wp-json\/wp\/v2\/comments?post=3729"}],"version-history":[{"count":4,"href":"https:\/\/www.petitecamarguealsacienne.com\/de\/wp-json\/wp\/v2\/pages\/3729\/revisions"}],"predecessor-version":[{"id":3808,"href":"https:\/\/www.petitecamarguealsacienne.com\/de\/wp-json\/wp\/v2\/pages\/3729\/revisions\/3808"}],"up":[{"embeddable":true,"href":"https:\/\/www.petitecamarguealsacienne.com\/de\/wp-json\/wp\/v2\/pages\/3740"}],"wp:featuredmedia":[{"embeddable":true,"href":"https:\/\/www.petitecamarguealsacienne.com\/de\/wp-json\/wp\/v2\/media\/1609"}],"wp:attachment":[{"href":"https:\/\/www.petitecamarguealsacienne.com\/de\/wp-json\/wp\/v2\/media?parent=3729"}],"curies":[{"name":"wp","href":"https:\/\/api.w.org\/{rel}","templated":true}]}}