{"id":3530,"date":"2022-11-18T10:46:21","date_gmt":"2022-11-18T09:46:21","guid":{"rendered":"https:\/\/www.petitecamarguealsacienne.com\/association\/nous-rejoindre-nous-aider\/"},"modified":"2025-08-21T17:49:27","modified_gmt":"2025-08-21T15:49:27","slug":"kommen-sie-unterstuetzen-sie-uns","status":"publish","type":"page","link":"https:\/\/www.petitecamarguealsacienne.com\/de\/verein\/kommen-sie-unterstuetzen-sie-uns\/","title":{"rendered":"Kommen Sie und unterst\u00fctzen Sie uns"},"content":{"rendered":"<div class=\"wp-post-content\"><!-- zone:zn_pagebanner [0] --><br \/>\n\t\t<!-- \/zone:zn_pagebanner [0] --><br \/>\n<!-- zone:zn_text [1] --><\/p>\n<h2>Mitglied werden, Beitrag zahlen<\/h2>\n<p>Es gibt vielf\u00e4ltige Gr\u00fcnde, um Mitglied zu werden:<\/p>\n<ul>\n<li>informiert sein \u00fcber die Aktionen des Vereins Petite Camargue Alsacienne,<\/li>\n<li>Ausk\u00fcnfte erhalten \u00fcber Fortbildungsprojekte im Bereich Umweltschutz,<\/li>\n<li>Um die Pflege und den Unterhalt des Naturschutzgebiets zu unterst\u00fctzen,<\/li>\n<li>zur Mithilfe bei der Wiederherstellung der nat\u00fcrlichen Lebensr\u00e4ume und der Artenvielfalt.<\/li>\n<\/ul>\n<p><strong>Sie erhalten einen Spendenbescheid, mit dem Sie 66% ihrer Spende bis zu einer Obergrenze von 20% ihres zu versteuernden Gehalts absetzen k\u00f6nnen. <\/strong><\/p>\n<p>Um Mitglied des F\u00f6rdervereins zu werden, k\u00f6nnen Sie das nachfolgende Formular hochladen und ausgef\u00fcllt mit einem Scheck &#8211; ausgestellt auf den Verein Petite Camargue Alsacienne &#8211; an folgende Adresse senden:<\/p>\n<p>Petite Camargue Alsacienne<br \/>\n1 rue de la Pisciculture<br \/>\n68300 SAINT-LOUIS<\/p>\n<p><a class=\"button\" href=\"https:\/\/www.petitecamarguealsacienne.com\/wp-inside\/uploads\/2023\/05\/cotisation-2023-de.pdf\" target=\"_blank\" rel=\"noopener\">Formular herunterladen (DE)<\/a> <a class=\"button\" href=\"https:\/\/www.petitecamarguealsacienne.com\/wp-inside\/uploads\/2023\/05\/cotisation-2023-ch.pdf\" target=\"_blank\" rel=\"noopener\">Formular herunterladen (CH)<\/a><\/p>\n<ul>\n<li>Einfacher Mitgliedsbeitrag: 20 \u20ac<\/li>\n<li>Mitgliedsbeitrag f\u00fcr Paare: 30 \u20ac<\/li>\n<li>F\u00f6rderbeitrag: ab 35 \u20ac<\/li>\n<\/ul>\n<p>Sie k\u00f6nnen den Betrag f\u00fcr den Beitritt oder den Jahresbeitrag auch Online \u00fcberweisen.<\/p>\n<h2>Ich mache eine Spende<\/h2>\n<p>Mit einer Spende k\u00f6nnen Sie ihren Beitrag zum Unterhalt und der Weiterentwicklung des Naturschutzgebiets Petite Camargue Alsacienne leisten.<\/p>\n<p><strong>Sie erhalten einen Spendenbescheid, mit dem Sie 66% ihrer Spende bis zu einer Obergrenze von 20% ihres zu versteuernden Gehalts absetzen k\u00f6nnen. <\/strong><\/p>\n<p>Schicken Sie ihre Spende per Post an folgende Adresse:<\/p>\n<p>Petite Camargue Alsacienne<br \/>\n1 rue de la Pisciculture<br \/>\n68300 SAINT-LOUIS<\/p>\n<p>Sie k\u00f6nnen auch Online eine Spende \u00fcberweisen.<\/p>\n<p>Zahlungen aus dem Ausland sind ebenfalls m\u00f6glich.<\/p>\n<p>\t\t\t<!-- \/zone:zn_text [1] --><br \/>\n<!-- zone:zn_text [2] --><\/p>\n<h3>Online-Zahlungsformula<\/h3>\n<p>Die Bank<strong> Cr\u00e9dit Mutuel<\/strong> stellt uns kostenlos ein Online-Zahlungsformular zur Verf\u00fcgung.<br \/>\nWie verwende ich das Online-Zahlungsformular?<\/p>\n<ol>\n<li>Klick auf\u00a0<a href=\"https:\/\/www.apayer.fr\/PETITECAMARGUEALSACIENNE\" target=\"_blank\" rel=\"noopener\">https:\/\/www.apayer.fr\/PETITECAMARGUEALSACIENNE<\/a><\/li>\n<li>W\u00e4hlen Sie unter \u201ePaiement \/Zahlung\u201c die gew\u00fcnschte Aktion aus (Mitgliedsbeitrag, Beitritt, Spende) und f\u00fcllen Sie das Formular mit Ihren pers\u00f6nlichen Daten aus.<\/li>\n<\/ol>\n<p><strong>Die Formularfelder m\u00fcssen alle ausgef\u00fcllt sein, um einen Spendenbescheinigung zu erhalten. Klicken Sie dann auf \u201esuivant\u201c und gehen Sie ihre Bankdaten auf der abgesicherten Seite der Bank Cr\u00e9dit Mutuel ein.<\/strong><\/p>\n<p>\t\t\t<!-- \/zone:zn_text [2] --><br \/>\n<!-- zone:zn_text [3] --><\/p>\n<p style=\"text-align: center;\"><strong>Vielen Dank f\u00fcr Ihre Unterst\u00fctzung!<\/strong><\/p>\n<p>\t\t\t<!-- \/zone:zn_text [3] -->\n<\/div>\n","protected":false},"excerpt":{"rendered":"<p>Der Verein hat mehr als 1000 Mitglieder. Z\u00f6gern Sie nicht, ihr beizutreten! Alle Infos, um Mitglied zu werden oder zu spenden.<\/p>\n","protected":false},"author":4,"featured_media":1447,"parent":3524,"menu_order":30,"comment_status":"closed","ping_status":"closed","template":"","meta":{"_acf_changed":false,"footnotes":""},"class_list":["post-3530","page","type-page","status-publish","has-post-thumbnail","hentry","wp-sticky"],"acf":[],"yoast_head":"<!-- This site is optimized with the Yoast SEO plugin v27.3 - https:\/\/yoast.com\/product\/yoast-seo-wordpress\/ -->\n<title>Das Naturschutzgebiet unterst\u00fctzen, Spenden sind steuerlich absetzbar | La Petite Camargue Alsacienne<\/title>\n<meta name=\"description\" content=\"Werden Sie Mitglied in unserem Verein oder unterst\u00fctzen Sie uns durch eine Spende\" \/>\n<meta name=\"robots\" content=\"index, follow, max-snippet:-1, max-image-preview:large, max-video-preview:-1\" \/>\n<link rel=\"canonical\" href=\"https:\/\/www.petitecamarguealsacienne.com\/de\/verein\/kommen-sie-unterstuetzen-sie-uns\/\" \/>\n<meta property=\"og:locale\" content=\"de_DE\" \/>\n<meta property=\"og:type\" content=\"article\" \/>\n<meta property=\"og:title\" content=\"Das Naturschutzgebiet unterst\u00fctzen, Spenden sind steuerlich absetzbar | La Petite Camargue Alsacienne\" \/>\n<meta property=\"og:description\" content=\"Werden Sie Mitglied in unserem Verein oder unterst\u00fctzen Sie uns durch eine Spende\" \/>\n<meta property=\"og:url\" content=\"https:\/\/www.petitecamarguealsacienne.com\/de\/verein\/kommen-sie-unterstuetzen-sie-uns\/\" \/>\n<meta property=\"og:site_name\" content=\"La Petite Camargue Alsacienne\" \/>\n<meta property=\"article:publisher\" content=\"https:\/\/www.facebook.com\/people\/Petite-Camargue-Alsacienne\/100072042215750\/\" \/>\n<meta property=\"article:modified_time\" content=\"2025-08-21T15:49:27+00:00\" \/>\n<meta property=\"og:image\" content=\"https:\/\/www.petitecamarguealsacienne.com\/wp-inside\/uploads\/2023\/01\/equipe-bras-verts.jpg\" \/>\n\t<meta property=\"og:image:width\" content=\"1920\" \/>\n\t<meta property=\"og:image:height\" content=\"885\" \/>\n\t<meta property=\"og:image:type\" content=\"image\/jpeg\" \/>\n<meta name=\"twitter:card\" content=\"summary_large_image\" \/>\n<meta name=\"twitter:label1\" content=\"Gesch\u00e4tzte Lesezeit\" \/>\n\t<meta name=\"twitter:data1\" content=\"2\u00a0Minuten\" \/>\n<script type=\"application\/ld+json\" class=\"yoast-schema-graph\">{\"@context\":\"https:\\\/\\\/schema.org\",\"@graph\":[{\"@type\":\"WebPage\",\"@id\":\"https:\\\/\\\/www.petitecamarguealsacienne.com\\\/de\\\/verein\\\/kommen-sie-unterstuetzen-sie-uns\\\/\",\"url\":\"https:\\\/\\\/www.petitecamarguealsacienne.com\\\/de\\\/verein\\\/kommen-sie-unterstuetzen-sie-uns\\\/\",\"name\":\"Das Naturschutzgebiet unterst\u00fctzen, Spenden sind steuerlich absetzbar\",\"isPartOf\":{\"@id\":\"https:\\\/\\\/www.petitecamarguealsacienne.com\\\/de\\\/#website\"},\"primaryImageOfPage\":{\"@id\":\"https:\\\/\\\/www.petitecamarguealsacienne.com\\\/de\\\/verein\\\/kommen-sie-unterstuetzen-sie-uns\\\/#primaryimage\"},\"image\":{\"@id\":\"https:\\\/\\\/www.petitecamarguealsacienne.com\\\/de\\\/verein\\\/kommen-sie-unterstuetzen-sie-uns\\\/#primaryimage\"},\"thumbnailUrl\":\"https:\\\/\\\/www.petitecamarguealsacienne.com\\\/wp-inside\\\/uploads\\\/2023\\\/01\\\/equipe-bras-verts.jpg\",\"datePublished\":\"2022-11-18T09:46:21+00:00\",\"dateModified\":\"2025-08-21T15:49:27+00:00\",\"description\":\"Werden Sie Mitglied in unserem Verein oder unterst\u00fctzen Sie uns durch eine Spende\",\"breadcrumb\":{\"@id\":\"https:\\\/\\\/www.petitecamarguealsacienne.com\\\/de\\\/verein\\\/kommen-sie-unterstuetzen-sie-uns\\\/#breadcrumb\"},\"inLanguage\":\"de\",\"potentialAction\":[{\"@type\":\"ReadAction\",\"target\":[\"https:\\\/\\\/www.petitecamarguealsacienne.com\\\/de\\\/verein\\\/kommen-sie-unterstuetzen-sie-uns\\\/\"]}]},{\"@type\":\"ImageObject\",\"inLanguage\":\"de\",\"@id\":\"https:\\\/\\\/www.petitecamarguealsacienne.com\\\/de\\\/verein\\\/kommen-sie-unterstuetzen-sie-uns\\\/#primaryimage\",\"url\":\"https:\\\/\\\/www.petitecamarguealsacienne.com\\\/wp-inside\\\/uploads\\\/2023\\\/01\\\/equipe-bras-verts.jpg\",\"contentUrl\":\"https:\\\/\\\/www.petitecamarguealsacienne.com\\\/wp-inside\\\/uploads\\\/2023\\\/01\\\/equipe-bras-verts.jpg\",\"width\":1920,\"height\":885,\"caption\":\"\u00e9quipe bras verts r\u00e9serve naturelle\"},{\"@type\":\"BreadcrumbList\",\"@id\":\"https:\\\/\\\/www.petitecamarguealsacienne.com\\\/de\\\/verein\\\/kommen-sie-unterstuetzen-sie-uns\\\/#breadcrumb\",\"itemListElement\":[{\"@type\":\"ListItem\",\"position\":1,\"name\":\"Startseite\",\"item\":\"https:\\\/\\\/www.petitecamarguealsacienne.com\\\/de\\\/\"},{\"@type\":\"ListItem\",\"position\":2,\"name\":\"Der Verein\",\"item\":\"https:\\\/\\\/www.petitecamarguealsacienne.com\\\/de\\\/verein\\\/\"},{\"@type\":\"ListItem\",\"position\":3,\"name\":\"Kommen Sie und unterst\u00fctzen Sie uns\"}]},{\"@type\":\"WebSite\",\"@id\":\"https:\\\/\\\/www.petitecamarguealsacienne.com\\\/de\\\/#website\",\"url\":\"https:\\\/\\\/www.petitecamarguealsacienne.com\\\/de\\\/\",\"name\":\"La Petite Camargue Alsacienne\",\"description\":\"R\u00e9serve Naturelle au c\u0153ur de la plaine rh\u00e9nane alluviale\",\"publisher\":{\"@id\":\"https:\\\/\\\/www.petitecamarguealsacienne.com\\\/de\\\/#organization\"},\"alternateName\":\"PCA\",\"potentialAction\":[{\"@type\":\"SearchAction\",\"target\":{\"@type\":\"EntryPoint\",\"urlTemplate\":\"https:\\\/\\\/www.petitecamarguealsacienne.com\\\/de\\\/?s={search_term_string}\"},\"query-input\":{\"@type\":\"PropertyValueSpecification\",\"valueRequired\":true,\"valueName\":\"search_term_string\"}}],\"inLanguage\":\"de\"},{\"@type\":\"Organization\",\"@id\":\"https:\\\/\\\/www.petitecamarguealsacienne.com\\\/de\\\/#organization\",\"name\":\"Petite Camargue Alsacienne\",\"alternateName\":\"PCA\",\"url\":\"https:\\\/\\\/www.petitecamarguealsacienne.com\\\/de\\\/\",\"logo\":{\"@type\":\"ImageObject\",\"inLanguage\":\"de\",\"@id\":\"https:\\\/\\\/www.petitecamarguealsacienne.com\\\/de\\\/#\\\/schema\\\/logo\\\/image\\\/\",\"url\":\"https:\\\/\\\/www.petitecamarguealsacienne.com\\\/wp-inside\\\/uploads\\\/2022\\\/10\\\/logo-petite-camargue-alsacienne.png\",\"contentUrl\":\"https:\\\/\\\/www.petitecamarguealsacienne.com\\\/wp-inside\\\/uploads\\\/2022\\\/10\\\/logo-petite-camargue-alsacienne.png\",\"width\":194,\"height\":168,\"caption\":\"Petite Camargue Alsacienne\"},\"image\":{\"@id\":\"https:\\\/\\\/www.petitecamarguealsacienne.com\\\/de\\\/#\\\/schema\\\/logo\\\/image\\\/\"},\"sameAs\":[\"https:\\\/\\\/www.facebook.com\\\/people\\\/Petite-Camargue-Alsacienne\\\/100072042215750\\\/\",\"https:\\\/\\\/www.flickr.com\\\/groups\\\/petitecamarguealsacienne\\\/\"]}]}<\/script>\n<!-- \/ Yoast SEO plugin. -->","yoast_head_json":{"title":"Das Naturschutzgebiet unterst\u00fctzen, Spenden sind steuerlich absetzbar | La Petite Camargue Alsacienne","description":"Werden Sie Mitglied in unserem Verein oder unterst\u00fctzen Sie uns durch eine Spende","robots":{"index":"index","follow":"follow","max-snippet":"max-snippet:-1","max-image-preview":"max-image-preview:large","max-video-preview":"max-video-preview:-1"},"canonical":"https:\/\/www.petitecamarguealsacienne.com\/de\/verein\/kommen-sie-unterstuetzen-sie-uns\/","og_locale":"de_DE","og_type":"article","og_title":"Das Naturschutzgebiet unterst\u00fctzen, Spenden sind steuerlich absetzbar | La Petite Camargue Alsacienne","og_description":"Werden Sie Mitglied in unserem Verein oder unterst\u00fctzen Sie uns durch eine Spende","og_url":"https:\/\/www.petitecamarguealsacienne.com\/de\/verein\/kommen-sie-unterstuetzen-sie-uns\/","og_site_name":"La Petite Camargue Alsacienne","article_publisher":"https:\/\/www.facebook.com\/people\/Petite-Camargue-Alsacienne\/100072042215750\/","article_modified_time":"2025-08-21T15:49:27+00:00","og_image":[{"width":1920,"height":885,"url":"https:\/\/www.petitecamarguealsacienne.com\/wp-inside\/uploads\/2023\/01\/equipe-bras-verts.jpg","type":"image\/jpeg"}],"twitter_card":"summary_large_image","twitter_misc":{"Gesch\u00e4tzte Lesezeit":"2\u00a0Minuten"},"schema":{"@context":"https:\/\/schema.org","@graph":[{"@type":"WebPage","@id":"https:\/\/www.petitecamarguealsacienne.com\/de\/verein\/kommen-sie-unterstuetzen-sie-uns\/","url":"https:\/\/www.petitecamarguealsacienne.com\/de\/verein\/kommen-sie-unterstuetzen-sie-uns\/","name":"Das Naturschutzgebiet unterst\u00fctzen, Spenden sind steuerlich absetzbar","isPartOf":{"@id":"https:\/\/www.petitecamarguealsacienne.com\/de\/#website"},"primaryImageOfPage":{"@id":"https:\/\/www.petitecamarguealsacienne.com\/de\/verein\/kommen-sie-unterstuetzen-sie-uns\/#primaryimage"},"image":{"@id":"https:\/\/www.petitecamarguealsacienne.com\/de\/verein\/kommen-sie-unterstuetzen-sie-uns\/#primaryimage"},"thumbnailUrl":"https:\/\/www.petitecamarguealsacienne.com\/wp-inside\/uploads\/2023\/01\/equipe-bras-verts.jpg","datePublished":"2022-11-18T09:46:21+00:00","dateModified":"2025-08-21T15:49:27+00:00","description":"Werden Sie Mitglied in unserem Verein oder unterst\u00fctzen Sie uns durch eine Spende","breadcrumb":{"@id":"https:\/\/www.petitecamarguealsacienne.com\/de\/verein\/kommen-sie-unterstuetzen-sie-uns\/#breadcrumb"},"inLanguage":"de","potentialAction":[{"@type":"ReadAction","target":["https:\/\/www.petitecamarguealsacienne.com\/de\/verein\/kommen-sie-unterstuetzen-sie-uns\/"]}]},{"@type":"ImageObject","inLanguage":"de","@id":"https:\/\/www.petitecamarguealsacienne.com\/de\/verein\/kommen-sie-unterstuetzen-sie-uns\/#primaryimage","url":"https:\/\/www.petitecamarguealsacienne.com\/wp-inside\/uploads\/2023\/01\/equipe-bras-verts.jpg","contentUrl":"https:\/\/www.petitecamarguealsacienne.com\/wp-inside\/uploads\/2023\/01\/equipe-bras-verts.jpg","width":1920,"height":885,"caption":"\u00e9quipe bras verts r\u00e9serve naturelle"},{"@type":"BreadcrumbList","@id":"https:\/\/www.petitecamarguealsacienne.com\/de\/verein\/kommen-sie-unterstuetzen-sie-uns\/#breadcrumb","itemListElement":[{"@type":"ListItem","position":1,"name":"Startseite","item":"https:\/\/www.petitecamarguealsacienne.com\/de\/"},{"@type":"ListItem","position":2,"name":"Der Verein","item":"https:\/\/www.petitecamarguealsacienne.com\/de\/verein\/"},{"@type":"ListItem","position":3,"name":"Kommen Sie und unterst\u00fctzen Sie uns"}]},{"@type":"WebSite","@id":"https:\/\/www.petitecamarguealsacienne.com\/de\/#website","url":"https:\/\/www.petitecamarguealsacienne.com\/de\/","name":"La Petite Camargue Alsacienne","description":"R\u00e9serve Naturelle au c\u0153ur de la plaine rh\u00e9nane alluviale","publisher":{"@id":"https:\/\/www.petitecamarguealsacienne.com\/de\/#organization"},"alternateName":"PCA","potentialAction":[{"@type":"SearchAction","target":{"@type":"EntryPoint","urlTemplate":"https:\/\/www.petitecamarguealsacienne.com\/de\/?s={search_term_string}"},"query-input":{"@type":"PropertyValueSpecification","valueRequired":true,"valueName":"search_term_string"}}],"inLanguage":"de"},{"@type":"Organization","@id":"https:\/\/www.petitecamarguealsacienne.com\/de\/#organization","name":"Petite Camargue Alsacienne","alternateName":"PCA","url":"https:\/\/www.petitecamarguealsacienne.com\/de\/","logo":{"@type":"ImageObject","inLanguage":"de","@id":"https:\/\/www.petitecamarguealsacienne.com\/de\/#\/schema\/logo\/image\/","url":"https:\/\/www.petitecamarguealsacienne.com\/wp-inside\/uploads\/2022\/10\/logo-petite-camargue-alsacienne.png","contentUrl":"https:\/\/www.petitecamarguealsacienne.com\/wp-inside\/uploads\/2022\/10\/logo-petite-camargue-alsacienne.png","width":194,"height":168,"caption":"Petite Camargue Alsacienne"},"image":{"@id":"https:\/\/www.petitecamarguealsacienne.com\/de\/#\/schema\/logo\/image\/"},"sameAs":["https:\/\/www.facebook.com\/people\/Petite-Camargue-Alsacienne\/100072042215750\/","https:\/\/www.flickr.com\/groups\/petitecamarguealsacienne\/"]}]}},"_links":{"self":[{"href":"https:\/\/www.petitecamarguealsacienne.com\/de\/wp-json\/wp\/v2\/pages\/3530","targetHints":{"allow":["GET"]}}],"collection":[{"href":"https:\/\/www.petitecamarguealsacienne.com\/de\/wp-json\/wp\/v2\/pages"}],"about":[{"href":"https:\/\/www.petitecamarguealsacienne.com\/de\/wp-json\/wp\/v2\/types\/page"}],"author":[{"embeddable":true,"href":"https:\/\/www.petitecamarguealsacienne.com\/de\/wp-json\/wp\/v2\/users\/4"}],"replies":[{"embeddable":true,"href":"https:\/\/www.petitecamarguealsacienne.com\/de\/wp-json\/wp\/v2\/comments?post=3530"}],"version-history":[{"count":6,"href":"https:\/\/www.petitecamarguealsacienne.com\/de\/wp-json\/wp\/v2\/pages\/3530\/revisions"}],"predecessor-version":[{"id":6951,"href":"https:\/\/www.petitecamarguealsacienne.com\/de\/wp-json\/wp\/v2\/pages\/3530\/revisions\/6951"}],"up":[{"embeddable":true,"href":"https:\/\/www.petitecamarguealsacienne.com\/de\/wp-json\/wp\/v2\/pages\/3524"}],"wp:featuredmedia":[{"embeddable":true,"href":"https:\/\/www.petitecamarguealsacienne.com\/de\/wp-json\/wp\/v2\/media\/1447"}],"wp:attachment":[{"href":"https:\/\/www.petitecamarguealsacienne.com\/de\/wp-json\/wp\/v2\/media?parent=3530"}],"curies":[{"name":"wp","href":"https:\/\/api.w.org\/{rel}","templated":true}]}}