{"id":3514,"date":"2022-11-17T17:16:10","date_gmt":"2022-11-17T16:16:10","guid":{"rendered":"https:\/\/www.petitecamarguealsacienne.com\/visite-libre-guidee\/"},"modified":"2023-07-03T16:33:00","modified_gmt":"2023-07-03T14:33:00","slug":"erkunden-sie-eigene-faust-mit-fuhrung","status":"publish","type":"page","link":"https:\/\/www.petitecamarguealsacienne.com\/de\/naturreservat\/erkunden-sie-eigene-faust-mit-fuhrung\/","title":{"rendered":"Erkunden Sie die Petite Camargue auf eigene Faust oder mit F\u00fchrung"},"content":{"rendered":"<div class=\"wp-post-content\"><!-- zone:zn_pagebanner [0] --><br \/>\n\t\t<!-- \/zone:zn_pagebanner [0] --><br \/>\n<!-- zone:zn_text_img [1] --><\/p>\n<h2>Die Rundwege und Aussichtspunkte sind frei zug\u00e4nglich!<\/h2>\n<p>Das Naturschutzgebiet, seine Aussichtspunkte und die Rundwege sind frei und kostenlos zug\u00e4nglich nach den geltenden Regeln.<\/p>\n<p>Wenn Sie die Petite Camargue alleine, in der Familie oder mit Freunden erkunden m\u00f6chten, stehen ihnen die Prospekte mit den eingezeichneten Rundwegen in Franz\u00f6sisch und Deutsch zur Verf\u00fcgung. Sie k\u00f6nnen diese in der <a href=\"https:\/\/www.petitecamarguealsacienne.com\/de\/verein\/boutique\/\">Boutique<\/a>\u00a0und am <a href=\"https:\/\/www.petitecamarguealsacienne.com\/de\/empfangsorte\/schleusenwaerterhaus\/\">Schleusenw\u00e4rterhaus<\/a>\u00a0k\u00e4uflich erwerben.<\/p>\n<p>Werfen Sie auch einen Blick auf unser Jahresprogramm an \u00f6ffentlichen Veranstaltungen und Aktionen. Sie k\u00f6nnen so kostenlos an zahlreichen F\u00fchrungen, Workshops und Veranstaltungen in und um die Petite Camargue Alsacienne teilnehmen.<\/p>\n<p>Vergessen Sie nicht wetterfeste Kleidung und ein Fernglas zur Beobachtung von Landschaft, Flora und Fauna mitzunehmen.<\/p>\n<p><a class=\"button outline\" href=\"https:\/\/www.petitecamarguealsacienne.com\/wp-inside\/uploads\/2023\/03\/pca-plan-reserve-carte-sentiers-2018-fr.pdf\" target=\"_blank\" rel=\"noopener\">Wanderwege und Rundwege als pdf hochladen<\/a><\/p>\n<p><!-- \/zone:zn_text_img [1] --><br \/>\n<!-- zone:zn_text_img [2] --><\/p>\n<h2>In der Gruppe: folgen Sie den Wanderf\u00fchrern von CINE!<\/h2>\n<p>F\u00fcr Schulen, Freizeitaktionen, Vereine, Unternehmensaussch\u00fcsse gilt das Dekret der Pr\u00e4fektur. Art. Art. 18 des Dekrets(<a href=\"https:\/\/www.legifrance.gouv.fr\/loda\/id\/JORFTEXT000000793051\" target=\"_blank\" rel=\"noopener\">art. 18 du d\u00e9cret<\/a>) legt fest, dass in diesen F\u00e4llen vor dem Besuch unbedingt <a href=\"https:\/\/www.petitecamarguealsacienne.com\/contact\/\">Kontakt zum Verein<\/a> CINE aufzunehmen ist<\/p>\n<p>Ein oder mehrere Natur- und Wanderf\u00fchrer von <a href=\"https:\/\/www.petitecamarguealsacienne.com\/animations\/\">CINE<\/a> werden ihre Gruppe begleiten. Zahlreiche Themen k\u00f6nnen so zur Sprache kommen: Entdecken Sie die diversen Aspekte des Naturschutzgebiets, Flora und Fauna.<\/p>\n<p>Haben wir Ihr Interesse geweckt? F\u00fcr mehr Infos, <a href=\"https:\/\/www.petitecamarguealsacienne.com\/animations\/\">klicken sie hier<\/a><\/p>\n<p><!-- \/zone:zn_text_img [2] --><br \/>\n<!-- zone:zn_text [3] --><\/p>\n<h3>Einige Tipps f\u00fcr Ihre Fahrer:<\/h3>\n<p><strong>Mit dem Bus zum Schleusenw\u00e4rterhaus: Zufahrt nur \u00fcber die D21 zwischen Rosenau und Village-Neuf m\u00f6glich. <\/strong>Bitte parken Sie auf den f\u00fcr Busse reservierten Parkpl\u00e4tzen hinter dem Schleusenw\u00e4rterhaus. So k\u00f6nnen ihre Passagiere sicher aussteigen.<br \/>\n<strong><a href=\"https:\/\/goo.gl\/maps\/WeG6c3nA7w7S9fjU9\" target=\"_blank\" rel=\"noopener\">Parkplatz am Schleusenw\u00e4rterhaus<\/a><\/strong> : 8 rue du Canal 68300 SAINT-LOUIS<br \/>\nGPS (Koordinate): 47,620681, 7,548141<\/p>\n<p><strong>Anfahrt mit dem Bus zur Rheininsel<\/strong> :<br \/>\n<strong><a href=\"https:\/\/goo.gl\/maps\/jzA2fZxEG2VBUNoE9\" target=\"_blank\" rel=\"noopener\">Parkplatz an den Kembser Schleusen<\/a><\/strong> : Grand Canal d\u2019Alsace 68128 Rosenau<br \/>\nGPS (Koordinate): 47,653125, 7,525495<br \/>\n<strong><a href=\"https:\/\/goo.gl\/maps\/mH9SLMuyU1UqHU7L8\" target=\"_blank\" rel=\"noopener\">Parkplatz am Stauwehr<\/a><\/strong> : Rheinstra\u00dfe 1, 79576 Weil am Rhein, Deutschland<br \/>\nGPS (Koordinate): 47,619683, 7,573999<\/p>\n<p><a class=\"button outline\" href=\"https:\/\/www.petitecamarguealsacienne.com\/wp-inside\/uploads\/2023\/03\/plan_acces_bus_pca.pdf\" target=\"_blank\" rel=\"noopener\">Den speziellen Anfahrtsplan f\u00fcr Busse hochladen<\/a><\/p>\n<p>\t\t\t<!-- \/zone:zn_text [3] -->\n<\/div>\n","protected":false},"excerpt":{"rendered":"<p>En individuel : parcourez les sentiers et les observatoires en toute libert\u00e9. En groupe : suivez les animateurs nature du CINE !<\/p>\n","protected":false},"author":4,"featured_media":1484,"parent":3144,"menu_order":15,"comment_status":"closed","ping_status":"closed","template":"","meta":{"_acf_changed":false,"footnotes":""},"class_list":["post-3514","page","type-page","status-publish","has-post-thumbnail","hentry","wp-sticky"],"acf":[],"yoast_head":"<!-- This site is optimized with the Yoast SEO plugin v27.5 - https:\/\/yoast.com\/product\/yoast-seo-wordpress\/ -->\n<title>Erkunden Sie die Petite Camargue auf eigene Faust oder mit F\u00fchrung | La Petite Camargue Alsacienne<\/title>\n<meta name=\"robots\" content=\"index, follow, max-snippet:-1, max-image-preview:large, max-video-preview:-1\" \/>\n<link rel=\"canonical\" href=\"https:\/\/www.petitecamarguealsacienne.com\/de\/naturreservat\/erkunden-sie-eigene-faust-mit-fuhrung\/\" \/>\n<meta property=\"og:locale\" content=\"de_DE\" \/>\n<meta property=\"og:type\" content=\"article\" \/>\n<meta property=\"og:title\" content=\"Erkunden Sie die Petite Camargue auf eigene Faust oder mit F\u00fchrung | La Petite Camargue Alsacienne\" \/>\n<meta property=\"og:description\" content=\"En individuel : parcourez les sentiers et les observatoires en toute libert\u00e9. En groupe : suivez les animateurs nature du CINE !\" \/>\n<meta property=\"og:url\" content=\"https:\/\/www.petitecamarguealsacienne.com\/de\/naturreservat\/erkunden-sie-eigene-faust-mit-fuhrung\/\" \/>\n<meta property=\"og:site_name\" content=\"La Petite Camargue Alsacienne\" \/>\n<meta property=\"article:publisher\" content=\"https:\/\/www.facebook.com\/people\/Petite-Camargue-Alsacienne\/100072042215750\/\" \/>\n<meta property=\"article:modified_time\" content=\"2023-07-03T14:33:00+00:00\" \/>\n<meta property=\"og:image\" content=\"https:\/\/www.petitecamarguealsacienne.com\/wp-inside\/uploads\/2023\/01\/veolia-seance-4.jpeg\" \/>\n\t<meta property=\"og:image:width\" content=\"1920\" \/>\n\t<meta property=\"og:image:height\" content=\"1440\" \/>\n\t<meta property=\"og:image:type\" content=\"image\/jpeg\" \/>\n<meta name=\"twitter:card\" content=\"summary_large_image\" \/>\n<meta name=\"twitter:label1\" content=\"Gesch\u00e4tzte Lesezeit\" \/>\n\t<meta name=\"twitter:data1\" content=\"2\u00a0Minuten\" \/>\n<script type=\"application\/ld+json\" class=\"yoast-schema-graph\">{\"@context\":\"https:\\\/\\\/schema.org\",\"@graph\":[{\"@type\":\"WebPage\",\"@id\":\"https:\\\/\\\/www.petitecamarguealsacienne.com\\\/de\\\/naturreservat\\\/erkunden-sie-eigene-faust-mit-fuhrung\\\/\",\"url\":\"https:\\\/\\\/www.petitecamarguealsacienne.com\\\/de\\\/naturreservat\\\/erkunden-sie-eigene-faust-mit-fuhrung\\\/\",\"name\":\"Erkunden Sie die Petite Camargue auf eigene Faust oder mit F\u00fchrung\",\"isPartOf\":{\"@id\":\"https:\\\/\\\/www.petitecamarguealsacienne.com\\\/de\\\/#website\"},\"primaryImageOfPage\":{\"@id\":\"https:\\\/\\\/www.petitecamarguealsacienne.com\\\/de\\\/naturreservat\\\/erkunden-sie-eigene-faust-mit-fuhrung\\\/#primaryimage\"},\"image\":{\"@id\":\"https:\\\/\\\/www.petitecamarguealsacienne.com\\\/de\\\/naturreservat\\\/erkunden-sie-eigene-faust-mit-fuhrung\\\/#primaryimage\"},\"thumbnailUrl\":\"https:\\\/\\\/www.petitecamarguealsacienne.com\\\/wp-inside\\\/uploads\\\/2023\\\/01\\\/veolia-seance-4.jpeg\",\"datePublished\":\"2022-11-17T16:16:10+00:00\",\"dateModified\":\"2023-07-03T14:33:00+00:00\",\"breadcrumb\":{\"@id\":\"https:\\\/\\\/www.petitecamarguealsacienne.com\\\/de\\\/naturreservat\\\/erkunden-sie-eigene-faust-mit-fuhrung\\\/#breadcrumb\"},\"inLanguage\":\"de\",\"potentialAction\":[{\"@type\":\"ReadAction\",\"target\":[\"https:\\\/\\\/www.petitecamarguealsacienne.com\\\/de\\\/naturreservat\\\/erkunden-sie-eigene-faust-mit-fuhrung\\\/\"]}]},{\"@type\":\"ImageObject\",\"inLanguage\":\"de\",\"@id\":\"https:\\\/\\\/www.petitecamarguealsacienne.com\\\/de\\\/naturreservat\\\/erkunden-sie-eigene-faust-mit-fuhrung\\\/#primaryimage\",\"url\":\"https:\\\/\\\/www.petitecamarguealsacienne.com\\\/wp-inside\\\/uploads\\\/2023\\\/01\\\/veolia-seance-4.jpeg\",\"contentUrl\":\"https:\\\/\\\/www.petitecamarguealsacienne.com\\\/wp-inside\\\/uploads\\\/2023\\\/01\\\/veolia-seance-4.jpeg\",\"width\":1920,\"height\":1440,\"caption\":\"veolia s\u00e9ance avec enfants\"},{\"@type\":\"BreadcrumbList\",\"@id\":\"https:\\\/\\\/www.petitecamarguealsacienne.com\\\/de\\\/naturreservat\\\/erkunden-sie-eigene-faust-mit-fuhrung\\\/#breadcrumb\",\"itemListElement\":[{\"@type\":\"ListItem\",\"position\":1,\"name\":\"Startseite\",\"item\":\"https:\\\/\\\/www.petitecamarguealsacienne.com\\\/de\\\/\"},{\"@type\":\"ListItem\",\"position\":2,\"name\":\"Naturreservat\",\"item\":\"https:\\\/\\\/www.petitecamarguealsacienne.com\\\/de\\\/naturreservat\\\/\"},{\"@type\":\"ListItem\",\"position\":3,\"name\":\"Erkunden Sie die Petite Camargue auf eigene Faust oder mit F\u00fchrung\"}]},{\"@type\":\"WebSite\",\"@id\":\"https:\\\/\\\/www.petitecamarguealsacienne.com\\\/de\\\/#website\",\"url\":\"https:\\\/\\\/www.petitecamarguealsacienne.com\\\/de\\\/\",\"name\":\"La Petite Camargue Alsacienne\",\"description\":\"R\u00e9serve Naturelle au c\u0153ur de la plaine rh\u00e9nane alluviale\",\"publisher\":{\"@id\":\"https:\\\/\\\/www.petitecamarguealsacienne.com\\\/de\\\/#organization\"},\"alternateName\":\"PCA\",\"potentialAction\":[{\"@type\":\"SearchAction\",\"target\":{\"@type\":\"EntryPoint\",\"urlTemplate\":\"https:\\\/\\\/www.petitecamarguealsacienne.com\\\/de\\\/?s={search_term_string}\"},\"query-input\":{\"@type\":\"PropertyValueSpecification\",\"valueRequired\":true,\"valueName\":\"search_term_string\"}}],\"inLanguage\":\"de\"},{\"@type\":\"Organization\",\"@id\":\"https:\\\/\\\/www.petitecamarguealsacienne.com\\\/de\\\/#organization\",\"name\":\"Petite Camargue Alsacienne\",\"alternateName\":\"PCA\",\"url\":\"https:\\\/\\\/www.petitecamarguealsacienne.com\\\/de\\\/\",\"logo\":{\"@type\":\"ImageObject\",\"inLanguage\":\"de\",\"@id\":\"https:\\\/\\\/www.petitecamarguealsacienne.com\\\/de\\\/#\\\/schema\\\/logo\\\/image\\\/\",\"url\":\"https:\\\/\\\/www.petitecamarguealsacienne.com\\\/wp-inside\\\/uploads\\\/2022\\\/10\\\/logo-petite-camargue-alsacienne.png\",\"contentUrl\":\"https:\\\/\\\/www.petitecamarguealsacienne.com\\\/wp-inside\\\/uploads\\\/2022\\\/10\\\/logo-petite-camargue-alsacienne.png\",\"width\":194,\"height\":168,\"caption\":\"Petite Camargue Alsacienne\"},\"image\":{\"@id\":\"https:\\\/\\\/www.petitecamarguealsacienne.com\\\/de\\\/#\\\/schema\\\/logo\\\/image\\\/\"},\"sameAs\":[\"https:\\\/\\\/www.facebook.com\\\/people\\\/Petite-Camargue-Alsacienne\\\/100072042215750\\\/\",\"https:\\\/\\\/www.flickr.com\\\/groups\\\/petitecamarguealsacienne\\\/\"]}]}<\/script>\n<!-- \/ Yoast SEO plugin. -->","yoast_head_json":{"title":"Erkunden Sie die Petite Camargue auf eigene Faust oder mit F\u00fchrung | La Petite Camargue Alsacienne","robots":{"index":"index","follow":"follow","max-snippet":"max-snippet:-1","max-image-preview":"max-image-preview:large","max-video-preview":"max-video-preview:-1"},"canonical":"https:\/\/www.petitecamarguealsacienne.com\/de\/naturreservat\/erkunden-sie-eigene-faust-mit-fuhrung\/","og_locale":"de_DE","og_type":"article","og_title":"Erkunden Sie die Petite Camargue auf eigene Faust oder mit F\u00fchrung | La Petite Camargue Alsacienne","og_description":"En individuel : parcourez les sentiers et les observatoires en toute libert\u00e9. En groupe : suivez les animateurs nature du CINE !","og_url":"https:\/\/www.petitecamarguealsacienne.com\/de\/naturreservat\/erkunden-sie-eigene-faust-mit-fuhrung\/","og_site_name":"La Petite Camargue Alsacienne","article_publisher":"https:\/\/www.facebook.com\/people\/Petite-Camargue-Alsacienne\/100072042215750\/","article_modified_time":"2023-07-03T14:33:00+00:00","og_image":[{"width":1920,"height":1440,"url":"https:\/\/www.petitecamarguealsacienne.com\/wp-inside\/uploads\/2023\/01\/veolia-seance-4.jpeg","type":"image\/jpeg"}],"twitter_card":"summary_large_image","twitter_misc":{"Gesch\u00e4tzte Lesezeit":"2\u00a0Minuten"},"schema":{"@context":"https:\/\/schema.org","@graph":[{"@type":"WebPage","@id":"https:\/\/www.petitecamarguealsacienne.com\/de\/naturreservat\/erkunden-sie-eigene-faust-mit-fuhrung\/","url":"https:\/\/www.petitecamarguealsacienne.com\/de\/naturreservat\/erkunden-sie-eigene-faust-mit-fuhrung\/","name":"Erkunden Sie die Petite Camargue auf eigene Faust oder mit F\u00fchrung","isPartOf":{"@id":"https:\/\/www.petitecamarguealsacienne.com\/de\/#website"},"primaryImageOfPage":{"@id":"https:\/\/www.petitecamarguealsacienne.com\/de\/naturreservat\/erkunden-sie-eigene-faust-mit-fuhrung\/#primaryimage"},"image":{"@id":"https:\/\/www.petitecamarguealsacienne.com\/de\/naturreservat\/erkunden-sie-eigene-faust-mit-fuhrung\/#primaryimage"},"thumbnailUrl":"https:\/\/www.petitecamarguealsacienne.com\/wp-inside\/uploads\/2023\/01\/veolia-seance-4.jpeg","datePublished":"2022-11-17T16:16:10+00:00","dateModified":"2023-07-03T14:33:00+00:00","breadcrumb":{"@id":"https:\/\/www.petitecamarguealsacienne.com\/de\/naturreservat\/erkunden-sie-eigene-faust-mit-fuhrung\/#breadcrumb"},"inLanguage":"de","potentialAction":[{"@type":"ReadAction","target":["https:\/\/www.petitecamarguealsacienne.com\/de\/naturreservat\/erkunden-sie-eigene-faust-mit-fuhrung\/"]}]},{"@type":"ImageObject","inLanguage":"de","@id":"https:\/\/www.petitecamarguealsacienne.com\/de\/naturreservat\/erkunden-sie-eigene-faust-mit-fuhrung\/#primaryimage","url":"https:\/\/www.petitecamarguealsacienne.com\/wp-inside\/uploads\/2023\/01\/veolia-seance-4.jpeg","contentUrl":"https:\/\/www.petitecamarguealsacienne.com\/wp-inside\/uploads\/2023\/01\/veolia-seance-4.jpeg","width":1920,"height":1440,"caption":"veolia s\u00e9ance avec enfants"},{"@type":"BreadcrumbList","@id":"https:\/\/www.petitecamarguealsacienne.com\/de\/naturreservat\/erkunden-sie-eigene-faust-mit-fuhrung\/#breadcrumb","itemListElement":[{"@type":"ListItem","position":1,"name":"Startseite","item":"https:\/\/www.petitecamarguealsacienne.com\/de\/"},{"@type":"ListItem","position":2,"name":"Naturreservat","item":"https:\/\/www.petitecamarguealsacienne.com\/de\/naturreservat\/"},{"@type":"ListItem","position":3,"name":"Erkunden Sie die Petite Camargue auf eigene Faust oder mit F\u00fchrung"}]},{"@type":"WebSite","@id":"https:\/\/www.petitecamarguealsacienne.com\/de\/#website","url":"https:\/\/www.petitecamarguealsacienne.com\/de\/","name":"La Petite Camargue Alsacienne","description":"R\u00e9serve Naturelle au c\u0153ur de la plaine rh\u00e9nane alluviale","publisher":{"@id":"https:\/\/www.petitecamarguealsacienne.com\/de\/#organization"},"alternateName":"PCA","potentialAction":[{"@type":"SearchAction","target":{"@type":"EntryPoint","urlTemplate":"https:\/\/www.petitecamarguealsacienne.com\/de\/?s={search_term_string}"},"query-input":{"@type":"PropertyValueSpecification","valueRequired":true,"valueName":"search_term_string"}}],"inLanguage":"de"},{"@type":"Organization","@id":"https:\/\/www.petitecamarguealsacienne.com\/de\/#organization","name":"Petite Camargue Alsacienne","alternateName":"PCA","url":"https:\/\/www.petitecamarguealsacienne.com\/de\/","logo":{"@type":"ImageObject","inLanguage":"de","@id":"https:\/\/www.petitecamarguealsacienne.com\/de\/#\/schema\/logo\/image\/","url":"https:\/\/www.petitecamarguealsacienne.com\/wp-inside\/uploads\/2022\/10\/logo-petite-camargue-alsacienne.png","contentUrl":"https:\/\/www.petitecamarguealsacienne.com\/wp-inside\/uploads\/2022\/10\/logo-petite-camargue-alsacienne.png","width":194,"height":168,"caption":"Petite Camargue Alsacienne"},"image":{"@id":"https:\/\/www.petitecamarguealsacienne.com\/de\/#\/schema\/logo\/image\/"},"sameAs":["https:\/\/www.facebook.com\/people\/Petite-Camargue-Alsacienne\/100072042215750\/","https:\/\/www.flickr.com\/groups\/petitecamarguealsacienne\/"]}]}},"_links":{"self":[{"href":"https:\/\/www.petitecamarguealsacienne.com\/de\/wp-json\/wp\/v2\/pages\/3514","targetHints":{"allow":["GET"]}}],"collection":[{"href":"https:\/\/www.petitecamarguealsacienne.com\/de\/wp-json\/wp\/v2\/pages"}],"about":[{"href":"https:\/\/www.petitecamarguealsacienne.com\/de\/wp-json\/wp\/v2\/types\/page"}],"author":[{"embeddable":true,"href":"https:\/\/www.petitecamarguealsacienne.com\/de\/wp-json\/wp\/v2\/users\/4"}],"replies":[{"embeddable":true,"href":"https:\/\/www.petitecamarguealsacienne.com\/de\/wp-json\/wp\/v2\/comments?post=3514"}],"version-history":[{"count":4,"href":"https:\/\/www.petitecamarguealsacienne.com\/de\/wp-json\/wp\/v2\/pages\/3514\/revisions"}],"predecessor-version":[{"id":3758,"href":"https:\/\/www.petitecamarguealsacienne.com\/de\/wp-json\/wp\/v2\/pages\/3514\/revisions\/3758"}],"up":[{"embeddable":true,"href":"https:\/\/www.petitecamarguealsacienne.com\/de\/wp-json\/wp\/v2\/pages\/3144"}],"wp:featuredmedia":[{"embeddable":true,"href":"https:\/\/www.petitecamarguealsacienne.com\/de\/wp-json\/wp\/v2\/media\/1484"}],"wp:attachment":[{"href":"https:\/\/www.petitecamarguealsacienne.com\/de\/wp-json\/wp\/v2\/media?parent=3514"}],"curies":[{"name":"wp","href":"https:\/\/api.w.org\/{rel}","templated":true}]}}