{"id":3241,"date":"2022-11-17T17:19:04","date_gmt":"2022-11-17T16:19:04","guid":{"rendered":"https:\/\/www.petitecamarguealsacienne.com\/reserve-naturelle\/la-reserve-naturelle-pca\/quest-ce-quune-reserve-naturelle\/"},"modified":"2023-06-05T11:30:41","modified_gmt":"2023-06-05T09:30:41","slug":"was-ist-nationales-naturschutzgebiet","status":"publish","type":"page","link":"https:\/\/www.petitecamarguealsacienne.com\/de\/naturreservat\/naturschutzgebiet-pca\/was-ist-nationales-naturschutzgebiet\/","title":{"rendered":"Was ist ein nationales Naturschutzgebiet ?"},"content":{"rendered":"<div class=\"wp-post-content\"><!-- zone:zn_pagebanner [0] --><br \/>\n\t\t<!-- \/zone:zn_pagebanner [0] --><br \/>\n<!-- zone:zn_text [1] --><\/p>\n<p>Nationale Naturschutzgebiete (RNN) unterliegen in Frankreich \u00e4u\u00dferst strengen Schutzma\u00dfnahmen und dienen dazu, die wertvollsten seltenen und\/oder bedrohten Teile der Natur zu sch\u00fctzen. Ihr Auftrag ist es, funktionierende und \u00f6kologisch intakte Lebensr\u00e4ume und Kulturr\u00e4ume zu erhalten. Ihnen allen ist gemeinsam, dass sie ein einheitliches Territorium bilden, mit einem Regelwerk und einer speziellen Verwaltungsinstanz.<br \/>\nSie werden \u00fcber einen Ministerialerlass eingerichtet und unterstehen dem Pr\u00e4fekten des jeweiligen Departments. Die Verwaltung liegt in den H\u00e4nden von einer oder mehreren lokalen Einrichtungen.<br \/>\nEin Verein mit dem gleichen Namen ist f\u00fcr die Verwaltung der Naturschutzgebiets Petite Camargue Alsacienne zust\u00e4ndig.<\/p>\n<p>\t\t\t<!-- \/zone:zn_text [1] --><br \/>\n<!-- zone:zn_text [2] --><\/p>\n<h2>Rolle und Auftrag von Naturschutzgebieten<\/h2>\n<h3>Schutzma\u00dfnahmen<\/h3>\n<p>Der franz\u00f6sische Staat stellt diese Gebiete unter einen starken juristischen Schutz. Die gesetzlichen Regeln unterscheiden sich f\u00fcr die verschiedenen Naturschutzgebiete je nach sch\u00fctzenswerten Zielen und geographischen Besonderheiten. Menschliches Eingreifen oder der Zugang zum Naturschutzgebiet kann je nach Schutzma\u00dfnahmen ausgeschlossen, eingeschr\u00e4nkt oder gestattet werden.<\/p>\n<h3>Die Leitung<\/h3>\n<p>Jedes Naturschutzgebiet hat seine eigenen Konzepte an Schutz- und Managementprojekten. Ziel ist es immer, das fragile Gleichgewicht von Mensch und Natur zu erhalten. Je nach Notwendigkeit kann die Leitung des Naturschutzgebiets \u00f6kologisch wirksam eingreifen, um Gel\u00e4nde und Arten zu renaturieren oder aber beschlie\u00dfen, nicht einzugreifen und die Natur sich selbst zu \u00fcberlassen.<\/p>\n<h3>Kenntnis erwerben und vermitteln<\/h3>\n<p>\u00dcber den Erhalt der Natur als urspr\u00fcngliches Ziel hinaus werden in den Naturschutzgebiete auch Forschungsprojekte durchgef\u00fchrt. Hier wird am lebenden Beispiel erforscht, wie die \u00d6kosysteme funktionieren, welche Artenvielfalt herrscht.<\/p>\n<h3>Sensibilisieren<\/h3>\n<p>Naturschutzgebiete bieten wunderbare M\u00f6glichkeiten, die Natur auch spielerisch zu entdecken. Mit ihren erzieherischen Aktionen im Bereich Umweltschutz bilden Sie in der Gesellschaft eine echtes Bewusstsein f\u00fcr die Umwelt im Sinne eines gemeinsamen Einsatzes zum Erhalt unseres sch\u00fctzenswerten Naturerbes.<\/p>\n<p>\t\t\t<!-- \/zone:zn_text [2] -->\n<\/div>\n","protected":false},"excerpt":{"rendered":"<p>Les R\u00e9serves Naturelles Nationales (RNN) en France constituent la mesure de protection la plus forte, d\u00e9di\u00e9e aux \u00e9l\u00e9ments de la nature les plus pr\u00e9cieux car rares et\/ou menac\u00e9s.<\/p>\n","protected":false},"author":4,"featured_media":2768,"parent":3240,"menu_order":5,"comment_status":"closed","ping_status":"closed","template":"","meta":{"_acf_changed":false,"footnotes":""},"class_list":["post-3241","page","type-page","status-publish","has-post-thumbnail","hentry","wp-sticky"],"acf":[],"yoast_head":"<!-- This site is optimized with the Yoast SEO plugin v27.4 - https:\/\/yoast.com\/product\/yoast-seo-wordpress\/ -->\n<title>Was ist ein nationales Naturschutzgebiet ? | La Petite Camargue Alsacienne<\/title>\n<meta name=\"description\" content=\"Die Aufgaben von Naturschutzgebieten: Sch\u00fctzen, Kennenlernen, Verwalten, Sensibilisieren.\" \/>\n<meta name=\"robots\" content=\"index, follow, max-snippet:-1, max-image-preview:large, max-video-preview:-1\" \/>\n<link rel=\"canonical\" href=\"https:\/\/www.petitecamarguealsacienne.com\/de\/naturreservat\/naturschutzgebiet-pca\/was-ist-nationales-naturschutzgebiet\/\" \/>\n<meta property=\"og:locale\" content=\"de_DE\" \/>\n<meta property=\"og:type\" content=\"article\" \/>\n<meta property=\"og:title\" content=\"Was ist ein nationales Naturschutzgebiet ? | La Petite Camargue Alsacienne\" \/>\n<meta property=\"og:description\" content=\"Die Aufgaben von Naturschutzgebieten: Sch\u00fctzen, Kennenlernen, Verwalten, Sensibilisieren.\" \/>\n<meta property=\"og:url\" content=\"https:\/\/www.petitecamarguealsacienne.com\/de\/naturreservat\/naturschutzgebiet-pca\/was-ist-nationales-naturschutzgebiet\/\" \/>\n<meta property=\"og:site_name\" content=\"La Petite Camargue Alsacienne\" \/>\n<meta property=\"article:publisher\" content=\"https:\/\/www.facebook.com\/people\/Petite-Camargue-Alsacienne\/100072042215750\/\" \/>\n<meta property=\"article:modified_time\" content=\"2023-06-05T09:30:41+00:00\" \/>\n<meta property=\"og:image\" content=\"https:\/\/www.petitecamarguealsacienne.com\/wp-inside\/uploads\/2023\/03\/qu-est-ce-quune-reserve-naturelle-j-witt-sipa-press-145.jpg\" \/>\n\t<meta property=\"og:image:width\" content=\"1024\" \/>\n\t<meta property=\"og:image:height\" content=\"681\" \/>\n\t<meta property=\"og:image:type\" content=\"image\/jpeg\" \/>\n<meta name=\"twitter:card\" content=\"summary_large_image\" \/>\n<meta name=\"twitter:label1\" content=\"Gesch\u00e4tzte Lesezeit\" \/>\n\t<meta name=\"twitter:data1\" content=\"1\u00a0Minute\" \/>\n<script type=\"application\/ld+json\" class=\"yoast-schema-graph\">{\"@context\":\"https:\\\/\\\/schema.org\",\"@graph\":[{\"@type\":\"WebPage\",\"@id\":\"https:\\\/\\\/www.petitecamarguealsacienne.com\\\/de\\\/naturreservat\\\/naturschutzgebiet-pca\\\/was-ist-nationales-naturschutzgebiet\\\/\",\"url\":\"https:\\\/\\\/www.petitecamarguealsacienne.com\\\/de\\\/naturreservat\\\/naturschutzgebiet-pca\\\/was-ist-nationales-naturschutzgebiet\\\/\",\"name\":\"Was ist ein nationales Naturschutzgebiet ?\",\"isPartOf\":{\"@id\":\"https:\\\/\\\/www.petitecamarguealsacienne.com\\\/de\\\/#website\"},\"primaryImageOfPage\":{\"@id\":\"https:\\\/\\\/www.petitecamarguealsacienne.com\\\/de\\\/naturreservat\\\/naturschutzgebiet-pca\\\/was-ist-nationales-naturschutzgebiet\\\/#primaryimage\"},\"image\":{\"@id\":\"https:\\\/\\\/www.petitecamarguealsacienne.com\\\/de\\\/naturreservat\\\/naturschutzgebiet-pca\\\/was-ist-nationales-naturschutzgebiet\\\/#primaryimage\"},\"thumbnailUrl\":\"https:\\\/\\\/www.petitecamarguealsacienne.com\\\/wp-inside\\\/uploads\\\/2023\\\/03\\\/qu-est-ce-quune-reserve-naturelle-j-witt-sipa-press-145.jpg\",\"datePublished\":\"2022-11-17T16:19:04+00:00\",\"dateModified\":\"2023-06-05T09:30:41+00:00\",\"description\":\"Die Aufgaben von Naturschutzgebieten: Sch\u00fctzen, Kennenlernen, Verwalten, Sensibilisieren.\",\"breadcrumb\":{\"@id\":\"https:\\\/\\\/www.petitecamarguealsacienne.com\\\/de\\\/naturreservat\\\/naturschutzgebiet-pca\\\/was-ist-nationales-naturschutzgebiet\\\/#breadcrumb\"},\"inLanguage\":\"de\",\"potentialAction\":[{\"@type\":\"ReadAction\",\"target\":[\"https:\\\/\\\/www.petitecamarguealsacienne.com\\\/de\\\/naturreservat\\\/naturschutzgebiet-pca\\\/was-ist-nationales-naturschutzgebiet\\\/\"]}]},{\"@type\":\"ImageObject\",\"inLanguage\":\"de\",\"@id\":\"https:\\\/\\\/www.petitecamarguealsacienne.com\\\/de\\\/naturreservat\\\/naturschutzgebiet-pca\\\/was-ist-nationales-naturschutzgebiet\\\/#primaryimage\",\"url\":\"https:\\\/\\\/www.petitecamarguealsacienne.com\\\/wp-inside\\\/uploads\\\/2023\\\/03\\\/qu-est-ce-quune-reserve-naturelle-j-witt-sipa-press-145.jpg\",\"contentUrl\":\"https:\\\/\\\/www.petitecamarguealsacienne.com\\\/wp-inside\\\/uploads\\\/2023\\\/03\\\/qu-est-ce-quune-reserve-naturelle-j-witt-sipa-press-145.jpg\",\"width\":1024,\"height\":681,\"caption\":\"Qu'est-ce qu'une r\u00e9serve naturelle ?\"},{\"@type\":\"BreadcrumbList\",\"@id\":\"https:\\\/\\\/www.petitecamarguealsacienne.com\\\/de\\\/naturreservat\\\/naturschutzgebiet-pca\\\/was-ist-nationales-naturschutzgebiet\\\/#breadcrumb\",\"itemListElement\":[{\"@type\":\"ListItem\",\"position\":1,\"name\":\"Startseite\",\"item\":\"https:\\\/\\\/www.petitecamarguealsacienne.com\\\/de\\\/\"},{\"@type\":\"ListItem\",\"position\":2,\"name\":\"Naturreservat\",\"item\":\"https:\\\/\\\/www.petitecamarguealsacienne.com\\\/de\\\/naturreservat\\\/\"},{\"@type\":\"ListItem\",\"position\":3,\"name\":\"Naturschutzgebiet Petite Camargue Alsacienne\",\"item\":\"https:\\\/\\\/www.petitecamarguealsacienne.com\\\/de\\\/naturreservat\\\/naturschutzgebiet-pca\\\/\"},{\"@type\":\"ListItem\",\"position\":4,\"name\":\"Was ist ein nationales Naturschutzgebiet ?\"}]},{\"@type\":\"WebSite\",\"@id\":\"https:\\\/\\\/www.petitecamarguealsacienne.com\\\/de\\\/#website\",\"url\":\"https:\\\/\\\/www.petitecamarguealsacienne.com\\\/de\\\/\",\"name\":\"La Petite Camargue Alsacienne\",\"description\":\"R\u00e9serve Naturelle au c\u0153ur de la plaine rh\u00e9nane alluviale\",\"publisher\":{\"@id\":\"https:\\\/\\\/www.petitecamarguealsacienne.com\\\/de\\\/#organization\"},\"alternateName\":\"PCA\",\"potentialAction\":[{\"@type\":\"SearchAction\",\"target\":{\"@type\":\"EntryPoint\",\"urlTemplate\":\"https:\\\/\\\/www.petitecamarguealsacienne.com\\\/de\\\/?s={search_term_string}\"},\"query-input\":{\"@type\":\"PropertyValueSpecification\",\"valueRequired\":true,\"valueName\":\"search_term_string\"}}],\"inLanguage\":\"de\"},{\"@type\":\"Organization\",\"@id\":\"https:\\\/\\\/www.petitecamarguealsacienne.com\\\/de\\\/#organization\",\"name\":\"Petite Camargue Alsacienne\",\"alternateName\":\"PCA\",\"url\":\"https:\\\/\\\/www.petitecamarguealsacienne.com\\\/de\\\/\",\"logo\":{\"@type\":\"ImageObject\",\"inLanguage\":\"de\",\"@id\":\"https:\\\/\\\/www.petitecamarguealsacienne.com\\\/de\\\/#\\\/schema\\\/logo\\\/image\\\/\",\"url\":\"https:\\\/\\\/www.petitecamarguealsacienne.com\\\/wp-inside\\\/uploads\\\/2022\\\/10\\\/logo-petite-camargue-alsacienne.png\",\"contentUrl\":\"https:\\\/\\\/www.petitecamarguealsacienne.com\\\/wp-inside\\\/uploads\\\/2022\\\/10\\\/logo-petite-camargue-alsacienne.png\",\"width\":194,\"height\":168,\"caption\":\"Petite Camargue Alsacienne\"},\"image\":{\"@id\":\"https:\\\/\\\/www.petitecamarguealsacienne.com\\\/de\\\/#\\\/schema\\\/logo\\\/image\\\/\"},\"sameAs\":[\"https:\\\/\\\/www.facebook.com\\\/people\\\/Petite-Camargue-Alsacienne\\\/100072042215750\\\/\",\"https:\\\/\\\/www.flickr.com\\\/groups\\\/petitecamarguealsacienne\\\/\"]}]}<\/script>\n<!-- \/ Yoast SEO plugin. -->","yoast_head_json":{"title":"Was ist ein nationales Naturschutzgebiet ? | La Petite Camargue Alsacienne","description":"Die Aufgaben von Naturschutzgebieten: Sch\u00fctzen, Kennenlernen, Verwalten, Sensibilisieren.","robots":{"index":"index","follow":"follow","max-snippet":"max-snippet:-1","max-image-preview":"max-image-preview:large","max-video-preview":"max-video-preview:-1"},"canonical":"https:\/\/www.petitecamarguealsacienne.com\/de\/naturreservat\/naturschutzgebiet-pca\/was-ist-nationales-naturschutzgebiet\/","og_locale":"de_DE","og_type":"article","og_title":"Was ist ein nationales Naturschutzgebiet ? | La Petite Camargue Alsacienne","og_description":"Die Aufgaben von Naturschutzgebieten: Sch\u00fctzen, Kennenlernen, Verwalten, Sensibilisieren.","og_url":"https:\/\/www.petitecamarguealsacienne.com\/de\/naturreservat\/naturschutzgebiet-pca\/was-ist-nationales-naturschutzgebiet\/","og_site_name":"La Petite Camargue Alsacienne","article_publisher":"https:\/\/www.facebook.com\/people\/Petite-Camargue-Alsacienne\/100072042215750\/","article_modified_time":"2023-06-05T09:30:41+00:00","og_image":[{"width":1024,"height":681,"url":"https:\/\/www.petitecamarguealsacienne.com\/wp-inside\/uploads\/2023\/03\/qu-est-ce-quune-reserve-naturelle-j-witt-sipa-press-145.jpg","type":"image\/jpeg"}],"twitter_card":"summary_large_image","twitter_misc":{"Gesch\u00e4tzte Lesezeit":"1\u00a0Minute"},"schema":{"@context":"https:\/\/schema.org","@graph":[{"@type":"WebPage","@id":"https:\/\/www.petitecamarguealsacienne.com\/de\/naturreservat\/naturschutzgebiet-pca\/was-ist-nationales-naturschutzgebiet\/","url":"https:\/\/www.petitecamarguealsacienne.com\/de\/naturreservat\/naturschutzgebiet-pca\/was-ist-nationales-naturschutzgebiet\/","name":"Was ist ein nationales Naturschutzgebiet ?","isPartOf":{"@id":"https:\/\/www.petitecamarguealsacienne.com\/de\/#website"},"primaryImageOfPage":{"@id":"https:\/\/www.petitecamarguealsacienne.com\/de\/naturreservat\/naturschutzgebiet-pca\/was-ist-nationales-naturschutzgebiet\/#primaryimage"},"image":{"@id":"https:\/\/www.petitecamarguealsacienne.com\/de\/naturreservat\/naturschutzgebiet-pca\/was-ist-nationales-naturschutzgebiet\/#primaryimage"},"thumbnailUrl":"https:\/\/www.petitecamarguealsacienne.com\/wp-inside\/uploads\/2023\/03\/qu-est-ce-quune-reserve-naturelle-j-witt-sipa-press-145.jpg","datePublished":"2022-11-17T16:19:04+00:00","dateModified":"2023-06-05T09:30:41+00:00","description":"Die Aufgaben von Naturschutzgebieten: Sch\u00fctzen, Kennenlernen, Verwalten, Sensibilisieren.","breadcrumb":{"@id":"https:\/\/www.petitecamarguealsacienne.com\/de\/naturreservat\/naturschutzgebiet-pca\/was-ist-nationales-naturschutzgebiet\/#breadcrumb"},"inLanguage":"de","potentialAction":[{"@type":"ReadAction","target":["https:\/\/www.petitecamarguealsacienne.com\/de\/naturreservat\/naturschutzgebiet-pca\/was-ist-nationales-naturschutzgebiet\/"]}]},{"@type":"ImageObject","inLanguage":"de","@id":"https:\/\/www.petitecamarguealsacienne.com\/de\/naturreservat\/naturschutzgebiet-pca\/was-ist-nationales-naturschutzgebiet\/#primaryimage","url":"https:\/\/www.petitecamarguealsacienne.com\/wp-inside\/uploads\/2023\/03\/qu-est-ce-quune-reserve-naturelle-j-witt-sipa-press-145.jpg","contentUrl":"https:\/\/www.petitecamarguealsacienne.com\/wp-inside\/uploads\/2023\/03\/qu-est-ce-quune-reserve-naturelle-j-witt-sipa-press-145.jpg","width":1024,"height":681,"caption":"Qu'est-ce qu'une r\u00e9serve naturelle ?"},{"@type":"BreadcrumbList","@id":"https:\/\/www.petitecamarguealsacienne.com\/de\/naturreservat\/naturschutzgebiet-pca\/was-ist-nationales-naturschutzgebiet\/#breadcrumb","itemListElement":[{"@type":"ListItem","position":1,"name":"Startseite","item":"https:\/\/www.petitecamarguealsacienne.com\/de\/"},{"@type":"ListItem","position":2,"name":"Naturreservat","item":"https:\/\/www.petitecamarguealsacienne.com\/de\/naturreservat\/"},{"@type":"ListItem","position":3,"name":"Naturschutzgebiet Petite Camargue Alsacienne","item":"https:\/\/www.petitecamarguealsacienne.com\/de\/naturreservat\/naturschutzgebiet-pca\/"},{"@type":"ListItem","position":4,"name":"Was ist ein nationales Naturschutzgebiet ?"}]},{"@type":"WebSite","@id":"https:\/\/www.petitecamarguealsacienne.com\/de\/#website","url":"https:\/\/www.petitecamarguealsacienne.com\/de\/","name":"La Petite Camargue Alsacienne","description":"R\u00e9serve Naturelle au c\u0153ur de la plaine rh\u00e9nane alluviale","publisher":{"@id":"https:\/\/www.petitecamarguealsacienne.com\/de\/#organization"},"alternateName":"PCA","potentialAction":[{"@type":"SearchAction","target":{"@type":"EntryPoint","urlTemplate":"https:\/\/www.petitecamarguealsacienne.com\/de\/?s={search_term_string}"},"query-input":{"@type":"PropertyValueSpecification","valueRequired":true,"valueName":"search_term_string"}}],"inLanguage":"de"},{"@type":"Organization","@id":"https:\/\/www.petitecamarguealsacienne.com\/de\/#organization","name":"Petite Camargue Alsacienne","alternateName":"PCA","url":"https:\/\/www.petitecamarguealsacienne.com\/de\/","logo":{"@type":"ImageObject","inLanguage":"de","@id":"https:\/\/www.petitecamarguealsacienne.com\/de\/#\/schema\/logo\/image\/","url":"https:\/\/www.petitecamarguealsacienne.com\/wp-inside\/uploads\/2022\/10\/logo-petite-camargue-alsacienne.png","contentUrl":"https:\/\/www.petitecamarguealsacienne.com\/wp-inside\/uploads\/2022\/10\/logo-petite-camargue-alsacienne.png","width":194,"height":168,"caption":"Petite Camargue Alsacienne"},"image":{"@id":"https:\/\/www.petitecamarguealsacienne.com\/de\/#\/schema\/logo\/image\/"},"sameAs":["https:\/\/www.facebook.com\/people\/Petite-Camargue-Alsacienne\/100072042215750\/","https:\/\/www.flickr.com\/groups\/petitecamarguealsacienne\/"]}]}},"_links":{"self":[{"href":"https:\/\/www.petitecamarguealsacienne.com\/de\/wp-json\/wp\/v2\/pages\/3241","targetHints":{"allow":["GET"]}}],"collection":[{"href":"https:\/\/www.petitecamarguealsacienne.com\/de\/wp-json\/wp\/v2\/pages"}],"about":[{"href":"https:\/\/www.petitecamarguealsacienne.com\/de\/wp-json\/wp\/v2\/types\/page"}],"author":[{"embeddable":true,"href":"https:\/\/www.petitecamarguealsacienne.com\/de\/wp-json\/wp\/v2\/users\/4"}],"replies":[{"embeddable":true,"href":"https:\/\/www.petitecamarguealsacienne.com\/de\/wp-json\/wp\/v2\/comments?post=3241"}],"version-history":[{"count":3,"href":"https:\/\/www.petitecamarguealsacienne.com\/de\/wp-json\/wp\/v2\/pages\/3241\/revisions"}],"predecessor-version":[{"id":3744,"href":"https:\/\/www.petitecamarguealsacienne.com\/de\/wp-json\/wp\/v2\/pages\/3241\/revisions\/3744"}],"up":[{"embeddable":true,"href":"https:\/\/www.petitecamarguealsacienne.com\/de\/wp-json\/wp\/v2\/pages\/3240"}],"wp:featuredmedia":[{"embeddable":true,"href":"https:\/\/www.petitecamarguealsacienne.com\/de\/wp-json\/wp\/v2\/media\/2768"}],"wp:attachment":[{"href":"https:\/\/www.petitecamarguealsacienne.com\/de\/wp-json\/wp\/v2\/media?parent=3241"}],"curies":[{"name":"wp","href":"https:\/\/api.w.org\/{rel}","templated":true}]}}