{"id":3239,"date":"2022-11-18T10:43:35","date_gmt":"2022-11-18T09:43:35","guid":{"rendered":"https:\/\/www.petitecamarguealsacienne.com\/maison-eclusiere\/"},"modified":"2023-08-04T09:11:20","modified_gmt":"2023-08-04T07:11:20","slug":"schleusenwaerterhaus","status":"publish","type":"page","link":"https:\/\/www.petitecamarguealsacienne.com\/de\/empfangsorte\/schleusenwaerterhaus\/","title":{"rendered":"Das Schleusenw\u00e4rterhaus"},"content":{"rendered":"<div class=\"wp-post-content\"><!-- zone:zn_pagebanner [0] --><br \/>\n\t\t<!-- \/zone:zn_pagebanner [0] --><br \/>\n<!-- zone:zn_text_img [1] --><\/p>\n<h2>Empfang und Infostand<\/h2>\n<p>Dieses ehemalige Schleusenw\u00e4rterhaus war 1961 nach Aufgabe des H\u00fcninger Kanals als Wasserstra\u00dfe dem Verfall \u00fcberlassen. 2010 wurde es nach allen Kriterien der Nachhaltigkeit renoviert und dient heute als Touristeninformationsstelle. (historische Fotos auf diese Seite)<br \/>\nSie finden hier vor allem den \u00dcbersichtsplan mit den Wanderwegen durch das Naturschutzgebiet, das Jahresprogramm mit F\u00fchrungen und Veranstaltungen sowie zahlreiche Touristeninformationen f\u00fcr einen erlebnisreichen Aufenthalt im Dreil\u00e4ndereck DE-FR-CH.<\/p>\n<p><!-- \/zone:zn_text_img [1] --><br \/>\n<!-- zone:zn_text [2] --><\/p>\n<h2>Ausstellungen<\/h2>\n<p>Entdecken Sie auch \u00fcber das Jahr wechselnde Ausstellungen Kunstgewerbe, Fotoausstellung oder Informationen zur Geschichte und Entwicklung der Natur. Es ist f\u00fcr jeden Geschmack etwas dabei!). Einen Einblick gibt unser Veranstaltungskalender.<\/p>\n<p>\t\t\t<!-- \/zone:zn_text [2] --><br \/>\n<!-- zone:zn_text [3] --><\/p>\n<h2>Ein Ort zum Rasten und Erholen<\/h2>\n<p>Hier finden Sie sonnige und schattige Picknickpl\u00e4tze, Rasenfl\u00e4chen mit Tischen und B\u00e4nken. Genie\u00dfen Sie ihr Picknick im Gr\u00fcnen. Um ihre Pause noch angenehmer zu gestalten, finden Sie im Schleusenw\u00e4rterh\u00e4uschen am Empfang ein Angebot an hei\u00dfen und kalten Getr\u00e4nke und Knabbereien.<br \/>\nIn der II\u2019AU hinter dem Schleusenw\u00e4rterhaus erwartet Sie ein Barfu\u00dfpfad und ein Kinderspielplatz.<\/p>\n<p>\t\t\t<!-- \/zone:zn_text [3] --><br \/>\n<!-- zone:zn_text [4] --><\/p>\n<h2>\u00d6ffnungszeiten &amp; Anfahrt<\/h2>\n<p>Ge\u00f6ffnet vom 1. M\u00e4rz bis 29. Oktober 2023, von Mittwoch bis Sonntag von 13 bis 17:30 Uhr.<br \/>\nEintritt frei<\/p>\n<p>Das Schleusenw\u00e4rterhaus befindet sich in Saint-Louis Neuweg, rue du Canal.<br \/>\nAchtung ! Die Stra\u00dfe ist an Sonn- und Feiertagen gesperrt. Der Parkplatz am Schleusenw\u00e4rterhaus ist jedoch von Village-Neuf und Rosenau herkommend erreichbar.<\/p>\n<p>Vom Parkplatz am Schleusenw\u00e4rterhaus erreichen Sie bequem zu Fu\u00df das Herzst\u00fcck des Naturschutzgebiets (Beschilderung folgen, 15 Minuten Fu\u00dfmarsch), die Geb\u00e4ude der kaiserlichen Fischzuchtanstalt, das <a href=\"https:\/\/www.petitecamarguealsacienne.com\/de\/naturparkzentrum\/\">Naturschutzzentrum<\/a> und die Sonderausstellungen zur Geschichte des Rheins und der Lachszucht: \u201eM\u00e9moire du Rhin\u201c und \u201eM\u00e9moire de Saumon\u201c.<\/p>\n<p style=\"text-align: center;\"><a class=\"button\" href=\"https:\/\/www.petitecamarguealsacienne.com\/de\/naturreservat\/anfahrt\/\">Zur Seite gehen<\/a><\/p>\n<p>\t\t\t<!-- \/zone:zn_text [4] --><br \/>\n<!-- zone:zn_text_img [5] --><\/p>\n<h2>Tempor\u00e4re Ausstellungen<\/h2>\n<p><strong>Eintritt frei<\/strong> w\u00e4hrend der \u00d6ffnungszeiten.<\/p>\n<p><!-- \/zone:zn_text_img [5] -->\n<\/div>\n","protected":false},"excerpt":{"rendered":"<p>Das Maison \u00c9clusi\u00e8re befindet sich am Ufer des Kanals von Huningue und ist ein Ort des Empfangs, der Information, der Ausstellung und der Entspannung.<\/p>\n","protected":false},"author":4,"featured_media":2176,"parent":3520,"menu_order":5,"comment_status":"closed","ping_status":"closed","template":"","meta":{"_acf_changed":false,"footnotes":""},"class_list":["post-3239","page","type-page","status-publish","has-post-thumbnail","hentry","wp-sticky"],"acf":[],"yoast_head":"<!-- This site is optimized with the Yoast SEO plugin v27.4 - https:\/\/yoast.com\/product\/yoast-seo-wordpress\/ -->\n<title>Schleusenw\u00e4rterhaus, Touristeninformation &amp; Ausstellunge | La Petite Camargue Alsacienne<\/title>\n<meta name=\"description\" content=\"Das Schleusenw\u00e4rterhaus am H\u00fcninger Kanal dient als Empfangsbereich f\u00fcr die Petite Camargue. Sie finden hier Informationsmaterial, Ausstellungen und Rastpl\u00e4tze.\" \/>\n<meta name=\"robots\" content=\"index, follow, max-snippet:-1, max-image-preview:large, max-video-preview:-1\" \/>\n<link rel=\"canonical\" href=\"https:\/\/www.petitecamarguealsacienne.com\/de\/empfangsorte\/schleusenwaerterhaus\/\" \/>\n<meta property=\"og:locale\" content=\"de_DE\" \/>\n<meta property=\"og:type\" content=\"article\" \/>\n<meta property=\"og:title\" content=\"Schleusenw\u00e4rterhaus, Touristeninformation &amp; Ausstellunge | La Petite Camargue Alsacienne\" \/>\n<meta property=\"og:description\" content=\"Das Schleusenw\u00e4rterhaus am H\u00fcninger Kanal dient als Empfangsbereich f\u00fcr die Petite Camargue. Sie finden hier Informationsmaterial, Ausstellungen und Rastpl\u00e4tze.\" \/>\n<meta property=\"og:url\" content=\"https:\/\/www.petitecamarguealsacienne.com\/de\/empfangsorte\/schleusenwaerterhaus\/\" \/>\n<meta property=\"og:site_name\" content=\"La Petite Camargue Alsacienne\" \/>\n<meta property=\"article:publisher\" content=\"https:\/\/www.facebook.com\/people\/Petite-Camargue-Alsacienne\/100072042215750\/\" \/>\n<meta property=\"article:modified_time\" content=\"2023-08-04T07:11:20+00:00\" \/>\n<meta property=\"og:image\" content=\"https:\/\/www.petitecamarguealsacienne.com\/wp-inside\/uploads\/2023\/03\/maison-eclusiere-renovee.jpg\" \/>\n\t<meta property=\"og:image:width\" content=\"1969\" \/>\n\t<meta property=\"og:image:height\" content=\"1281\" \/>\n\t<meta property=\"og:image:type\" content=\"image\/jpeg\" \/>\n<meta name=\"twitter:card\" content=\"summary_large_image\" \/>\n<meta name=\"twitter:label1\" content=\"Gesch\u00e4tzte Lesezeit\" \/>\n\t<meta name=\"twitter:data1\" content=\"1\u00a0Minute\" \/>\n<script type=\"application\/ld+json\" class=\"yoast-schema-graph\">{\"@context\":\"https:\\\/\\\/schema.org\",\"@graph\":[{\"@type\":\"WebPage\",\"@id\":\"https:\\\/\\\/www.petitecamarguealsacienne.com\\\/de\\\/empfangsorte\\\/schleusenwaerterhaus\\\/\",\"url\":\"https:\\\/\\\/www.petitecamarguealsacienne.com\\\/de\\\/empfangsorte\\\/schleusenwaerterhaus\\\/\",\"name\":\"Schleusenw\u00e4rterhaus, Touristeninformation & Ausstellunge\",\"isPartOf\":{\"@id\":\"https:\\\/\\\/www.petitecamarguealsacienne.com\\\/de\\\/#website\"},\"primaryImageOfPage\":{\"@id\":\"https:\\\/\\\/www.petitecamarguealsacienne.com\\\/de\\\/empfangsorte\\\/schleusenwaerterhaus\\\/#primaryimage\"},\"image\":{\"@id\":\"https:\\\/\\\/www.petitecamarguealsacienne.com\\\/de\\\/empfangsorte\\\/schleusenwaerterhaus\\\/#primaryimage\"},\"thumbnailUrl\":\"https:\\\/\\\/www.petitecamarguealsacienne.com\\\/wp-inside\\\/uploads\\\/2023\\\/03\\\/maison-eclusiere-renovee.jpg\",\"datePublished\":\"2022-11-18T09:43:35+00:00\",\"dateModified\":\"2023-08-04T07:11:20+00:00\",\"description\":\"Das Schleusenw\u00e4rterhaus am H\u00fcninger Kanal dient als Empfangsbereich f\u00fcr die Petite Camargue. Sie finden hier Informationsmaterial, Ausstellungen und Rastpl\u00e4tze.\",\"breadcrumb\":{\"@id\":\"https:\\\/\\\/www.petitecamarguealsacienne.com\\\/de\\\/empfangsorte\\\/schleusenwaerterhaus\\\/#breadcrumb\"},\"inLanguage\":\"de\",\"potentialAction\":[{\"@type\":\"ReadAction\",\"target\":[\"https:\\\/\\\/www.petitecamarguealsacienne.com\\\/de\\\/empfangsorte\\\/schleusenwaerterhaus\\\/\"]}]},{\"@type\":\"ImageObject\",\"inLanguage\":\"de\",\"@id\":\"https:\\\/\\\/www.petitecamarguealsacienne.com\\\/de\\\/empfangsorte\\\/schleusenwaerterhaus\\\/#primaryimage\",\"url\":\"https:\\\/\\\/www.petitecamarguealsacienne.com\\\/wp-inside\\\/uploads\\\/2023\\\/03\\\/maison-eclusiere-renovee.jpg\",\"contentUrl\":\"https:\\\/\\\/www.petitecamarguealsacienne.com\\\/wp-inside\\\/uploads\\\/2023\\\/03\\\/maison-eclusiere-renovee.jpg\",\"width\":1969,\"height\":1281,\"caption\":\"Maison \u00e9clusi\u00e8re\"},{\"@type\":\"BreadcrumbList\",\"@id\":\"https:\\\/\\\/www.petitecamarguealsacienne.com\\\/de\\\/empfangsorte\\\/schleusenwaerterhaus\\\/#breadcrumb\",\"itemListElement\":[{\"@type\":\"ListItem\",\"position\":1,\"name\":\"Startseite\",\"item\":\"https:\\\/\\\/www.petitecamarguealsacienne.com\\\/de\\\/\"},{\"@type\":\"ListItem\",\"position\":2,\"name\":\"Empfangsorte\",\"item\":\"https:\\\/\\\/www.petitecamarguealsacienne.com\\\/de\\\/empfangsorte\\\/\"},{\"@type\":\"ListItem\",\"position\":3,\"name\":\"Das Schleusenw\u00e4rterhaus\"}]},{\"@type\":\"WebSite\",\"@id\":\"https:\\\/\\\/www.petitecamarguealsacienne.com\\\/de\\\/#website\",\"url\":\"https:\\\/\\\/www.petitecamarguealsacienne.com\\\/de\\\/\",\"name\":\"La Petite Camargue Alsacienne\",\"description\":\"R\u00e9serve Naturelle au c\u0153ur de la plaine rh\u00e9nane alluviale\",\"publisher\":{\"@id\":\"https:\\\/\\\/www.petitecamarguealsacienne.com\\\/de\\\/#organization\"},\"alternateName\":\"PCA\",\"potentialAction\":[{\"@type\":\"SearchAction\",\"target\":{\"@type\":\"EntryPoint\",\"urlTemplate\":\"https:\\\/\\\/www.petitecamarguealsacienne.com\\\/de\\\/?s={search_term_string}\"},\"query-input\":{\"@type\":\"PropertyValueSpecification\",\"valueRequired\":true,\"valueName\":\"search_term_string\"}}],\"inLanguage\":\"de\"},{\"@type\":\"Organization\",\"@id\":\"https:\\\/\\\/www.petitecamarguealsacienne.com\\\/de\\\/#organization\",\"name\":\"Petite Camargue Alsacienne\",\"alternateName\":\"PCA\",\"url\":\"https:\\\/\\\/www.petitecamarguealsacienne.com\\\/de\\\/\",\"logo\":{\"@type\":\"ImageObject\",\"inLanguage\":\"de\",\"@id\":\"https:\\\/\\\/www.petitecamarguealsacienne.com\\\/de\\\/#\\\/schema\\\/logo\\\/image\\\/\",\"url\":\"https:\\\/\\\/www.petitecamarguealsacienne.com\\\/wp-inside\\\/uploads\\\/2022\\\/10\\\/logo-petite-camargue-alsacienne.png\",\"contentUrl\":\"https:\\\/\\\/www.petitecamarguealsacienne.com\\\/wp-inside\\\/uploads\\\/2022\\\/10\\\/logo-petite-camargue-alsacienne.png\",\"width\":194,\"height\":168,\"caption\":\"Petite Camargue Alsacienne\"},\"image\":{\"@id\":\"https:\\\/\\\/www.petitecamarguealsacienne.com\\\/de\\\/#\\\/schema\\\/logo\\\/image\\\/\"},\"sameAs\":[\"https:\\\/\\\/www.facebook.com\\\/people\\\/Petite-Camargue-Alsacienne\\\/100072042215750\\\/\",\"https:\\\/\\\/www.flickr.com\\\/groups\\\/petitecamarguealsacienne\\\/\"]}]}<\/script>\n<!-- \/ Yoast SEO plugin. -->","yoast_head_json":{"title":"Schleusenw\u00e4rterhaus, Touristeninformation & Ausstellunge | La Petite Camargue Alsacienne","description":"Das Schleusenw\u00e4rterhaus am H\u00fcninger Kanal dient als Empfangsbereich f\u00fcr die Petite Camargue. Sie finden hier Informationsmaterial, Ausstellungen und Rastpl\u00e4tze.","robots":{"index":"index","follow":"follow","max-snippet":"max-snippet:-1","max-image-preview":"max-image-preview:large","max-video-preview":"max-video-preview:-1"},"canonical":"https:\/\/www.petitecamarguealsacienne.com\/de\/empfangsorte\/schleusenwaerterhaus\/","og_locale":"de_DE","og_type":"article","og_title":"Schleusenw\u00e4rterhaus, Touristeninformation & Ausstellunge | La Petite Camargue Alsacienne","og_description":"Das Schleusenw\u00e4rterhaus am H\u00fcninger Kanal dient als Empfangsbereich f\u00fcr die Petite Camargue. Sie finden hier Informationsmaterial, Ausstellungen und Rastpl\u00e4tze.","og_url":"https:\/\/www.petitecamarguealsacienne.com\/de\/empfangsorte\/schleusenwaerterhaus\/","og_site_name":"La Petite Camargue Alsacienne","article_publisher":"https:\/\/www.facebook.com\/people\/Petite-Camargue-Alsacienne\/100072042215750\/","article_modified_time":"2023-08-04T07:11:20+00:00","og_image":[{"width":1969,"height":1281,"url":"https:\/\/www.petitecamarguealsacienne.com\/wp-inside\/uploads\/2023\/03\/maison-eclusiere-renovee.jpg","type":"image\/jpeg"}],"twitter_card":"summary_large_image","twitter_misc":{"Gesch\u00e4tzte Lesezeit":"1\u00a0Minute"},"schema":{"@context":"https:\/\/schema.org","@graph":[{"@type":"WebPage","@id":"https:\/\/www.petitecamarguealsacienne.com\/de\/empfangsorte\/schleusenwaerterhaus\/","url":"https:\/\/www.petitecamarguealsacienne.com\/de\/empfangsorte\/schleusenwaerterhaus\/","name":"Schleusenw\u00e4rterhaus, Touristeninformation & Ausstellunge","isPartOf":{"@id":"https:\/\/www.petitecamarguealsacienne.com\/de\/#website"},"primaryImageOfPage":{"@id":"https:\/\/www.petitecamarguealsacienne.com\/de\/empfangsorte\/schleusenwaerterhaus\/#primaryimage"},"image":{"@id":"https:\/\/www.petitecamarguealsacienne.com\/de\/empfangsorte\/schleusenwaerterhaus\/#primaryimage"},"thumbnailUrl":"https:\/\/www.petitecamarguealsacienne.com\/wp-inside\/uploads\/2023\/03\/maison-eclusiere-renovee.jpg","datePublished":"2022-11-18T09:43:35+00:00","dateModified":"2023-08-04T07:11:20+00:00","description":"Das Schleusenw\u00e4rterhaus am H\u00fcninger Kanal dient als Empfangsbereich f\u00fcr die Petite Camargue. Sie finden hier Informationsmaterial, Ausstellungen und Rastpl\u00e4tze.","breadcrumb":{"@id":"https:\/\/www.petitecamarguealsacienne.com\/de\/empfangsorte\/schleusenwaerterhaus\/#breadcrumb"},"inLanguage":"de","potentialAction":[{"@type":"ReadAction","target":["https:\/\/www.petitecamarguealsacienne.com\/de\/empfangsorte\/schleusenwaerterhaus\/"]}]},{"@type":"ImageObject","inLanguage":"de","@id":"https:\/\/www.petitecamarguealsacienne.com\/de\/empfangsorte\/schleusenwaerterhaus\/#primaryimage","url":"https:\/\/www.petitecamarguealsacienne.com\/wp-inside\/uploads\/2023\/03\/maison-eclusiere-renovee.jpg","contentUrl":"https:\/\/www.petitecamarguealsacienne.com\/wp-inside\/uploads\/2023\/03\/maison-eclusiere-renovee.jpg","width":1969,"height":1281,"caption":"Maison \u00e9clusi\u00e8re"},{"@type":"BreadcrumbList","@id":"https:\/\/www.petitecamarguealsacienne.com\/de\/empfangsorte\/schleusenwaerterhaus\/#breadcrumb","itemListElement":[{"@type":"ListItem","position":1,"name":"Startseite","item":"https:\/\/www.petitecamarguealsacienne.com\/de\/"},{"@type":"ListItem","position":2,"name":"Empfangsorte","item":"https:\/\/www.petitecamarguealsacienne.com\/de\/empfangsorte\/"},{"@type":"ListItem","position":3,"name":"Das Schleusenw\u00e4rterhaus"}]},{"@type":"WebSite","@id":"https:\/\/www.petitecamarguealsacienne.com\/de\/#website","url":"https:\/\/www.petitecamarguealsacienne.com\/de\/","name":"La Petite Camargue Alsacienne","description":"R\u00e9serve Naturelle au c\u0153ur de la plaine rh\u00e9nane alluviale","publisher":{"@id":"https:\/\/www.petitecamarguealsacienne.com\/de\/#organization"},"alternateName":"PCA","potentialAction":[{"@type":"SearchAction","target":{"@type":"EntryPoint","urlTemplate":"https:\/\/www.petitecamarguealsacienne.com\/de\/?s={search_term_string}"},"query-input":{"@type":"PropertyValueSpecification","valueRequired":true,"valueName":"search_term_string"}}],"inLanguage":"de"},{"@type":"Organization","@id":"https:\/\/www.petitecamarguealsacienne.com\/de\/#organization","name":"Petite Camargue Alsacienne","alternateName":"PCA","url":"https:\/\/www.petitecamarguealsacienne.com\/de\/","logo":{"@type":"ImageObject","inLanguage":"de","@id":"https:\/\/www.petitecamarguealsacienne.com\/de\/#\/schema\/logo\/image\/","url":"https:\/\/www.petitecamarguealsacienne.com\/wp-inside\/uploads\/2022\/10\/logo-petite-camargue-alsacienne.png","contentUrl":"https:\/\/www.petitecamarguealsacienne.com\/wp-inside\/uploads\/2022\/10\/logo-petite-camargue-alsacienne.png","width":194,"height":168,"caption":"Petite Camargue Alsacienne"},"image":{"@id":"https:\/\/www.petitecamarguealsacienne.com\/de\/#\/schema\/logo\/image\/"},"sameAs":["https:\/\/www.facebook.com\/people\/Petite-Camargue-Alsacienne\/100072042215750\/","https:\/\/www.flickr.com\/groups\/petitecamarguealsacienne\/"]}]}},"_links":{"self":[{"href":"https:\/\/www.petitecamarguealsacienne.com\/de\/wp-json\/wp\/v2\/pages\/3239","targetHints":{"allow":["GET"]}}],"collection":[{"href":"https:\/\/www.petitecamarguealsacienne.com\/de\/wp-json\/wp\/v2\/pages"}],"about":[{"href":"https:\/\/www.petitecamarguealsacienne.com\/de\/wp-json\/wp\/v2\/types\/page"}],"author":[{"embeddable":true,"href":"https:\/\/www.petitecamarguealsacienne.com\/de\/wp-json\/wp\/v2\/users\/4"}],"replies":[{"embeddable":true,"href":"https:\/\/www.petitecamarguealsacienne.com\/de\/wp-json\/wp\/v2\/comments?post=3239"}],"version-history":[{"count":7,"href":"https:\/\/www.petitecamarguealsacienne.com\/de\/wp-json\/wp\/v2\/pages\/3239\/revisions"}],"predecessor-version":[{"id":4097,"href":"https:\/\/www.petitecamarguealsacienne.com\/de\/wp-json\/wp\/v2\/pages\/3239\/revisions\/4097"}],"up":[{"embeddable":true,"href":"https:\/\/www.petitecamarguealsacienne.com\/de\/wp-json\/wp\/v2\/pages\/3520"}],"wp:featuredmedia":[{"embeddable":true,"href":"https:\/\/www.petitecamarguealsacienne.com\/de\/wp-json\/wp\/v2\/media\/2176"}],"wp:attachment":[{"href":"https:\/\/www.petitecamarguealsacienne.com\/de\/wp-json\/wp\/v2\/media?parent=3239"}],"curies":[{"name":"wp","href":"https:\/\/api.w.org\/{rel}","templated":true}]}}