{"id":3144,"date":"2022-11-17T17:10:48","date_gmt":"2022-11-17T16:10:48","guid":{"rendered":"https:\/\/www.petitecamarguealsacienne.com\/reserve-naturelle\/"},"modified":"2023-07-04T09:42:27","modified_gmt":"2023-07-04T07:42:27","slug":"naturreservat","status":"publish","type":"page","link":"https:\/\/www.petitecamarguealsacienne.com\/de\/naturreservat\/","title":{"rendered":"Naturreservat"},"content":{"rendered":"<div class=\"wp-post-content\"><!-- zone:zn_pagebanner [0] --><br \/>\n\t\t<!-- \/zone:zn_pagebanner [0] --><br \/>\n<!-- zone:zn_text [3] --><\/p>\n<h2>Das Nationale Naturreservat in K\u00fcrze<\/h2>\n<h3>Bezeichnung des Standorts<\/h3>\n<p>R\u00e9serve Naturelle Nationale-<strong>RNN60<\/strong><\/p>\n<p>Code national : <strong><a href=\"https:\/\/inpn.mnhn.fr\/espace\/protege\/FR3600060\" target=\"_blank\" rel=\"noopener\">FR3600060<\/a><\/strong><\/p>\n<p>Code international : <strong>6250<\/strong><\/p>\n<p>Code Inspire : <strong>FR.MNHN.I056FR3600060<\/strong><\/p>\n<p>Cat\u00e9gorie UICN : <strong>IV<\/strong><\/p>\n<p><a class=\"button outline\" href=\"https:\/\/www.petitecamarguealsacienne.com\/wp-inside\/uploads\/2023\/03\/decret_ministeriel_82-509_11-06-1982.pdf\" target=\"_blank\" rel=\"noopener\">Klick auf des Dekret<\/a><\/p>\n<h3>Informations<\/h3>\n<p>Ort: Breitengrad: <strong>47,64308<\/strong> L\u00e4ngengrad: <strong>7,53583<\/strong><\/p>\n<p>Gr\u00fcndungsdatum: <strong>11-06-1982<\/strong><\/p>\n<p>Datum der letzten \u00c4nderung: <strong>27-07-2006<\/strong><\/p>\n<p>Gr\u00fcndungsprozess: <strong> Ministerialbeschluss <a href=\"https:\/\/www.legifrance.gouv.fr\/loda\/id\/JORFTEXT000000793051\" target=\"_blank\" rel=\"noopener\">(Dekret)<\/a><\/strong><\/p>\n<p>Fl\u00e4che: <strong>904 ha<\/strong><\/p>\n<p>Gemeinde: <strong>Bartenheim, Kembs, Rosenau, Saint-Louis, Village-Neuf<\/strong><\/p>\n<p>Leitungsorgan: <strong>Verein der Petite Camargue Alsacienne<\/strong><\/p>\n<h3>Kontakt<\/h3>\n<p>Adresse: <strong>1 rue de la Pisciculture<br \/>\n68300 SAINT-LOUIS<\/strong><\/p>\n<p>Telefon: <a href=\"tel:+33389897859\">+33 (0)3 89 89 78 59<\/a><\/p>\n<p>Mail: petitecamarguealsacienne@orange.fr<\/p>\n<p>\t\t\t<!-- \/zone:zn_text [3] --><br \/>\n<!-- zone:zn_list_accordion [4] --><\/p>\n<h3>Nat\u00fcrliche Landschaften<\/h3>\n<p>Das Naturschutzgebiet der Petite Camargue Alsacienne besteht aus einem Mosaik verschiedener Gel\u00e4ndeformen, die sich in der Zeit gebildet haben als der Rhein noch seinem nat\u00fcrlichen Lauf folgte. Auf Weidenbest\u00e4nde aus Weichholz am Rheinufer folgen auf den h\u00f6her liegenden Gebieten die Hartholzbest\u00e4nde von Eichen. Im offenen Gel\u00e4nde findet man sowohl Trockenwiesen als auch Feuchtwiesen, Schilf- und Sumpfgebiete.<\/p>\n<h3>Fauna-Flora<\/h3>\n<p>Die Oberrheinebene ist ein biogeographischer Kreuzungspunkt vieler Tier- und Pflanzarten: oft befindet sich hier die Grenze ihres Verbreitungsgebiets. Dar\u00fcber hinaus bieten die vielen verschiedenen Landschaftsformen Lebensraum f\u00fcr eine gro\u00dfe Artenvielfalt an Tieren und Pflanzen.<\/p>\n<h3>Was steht auf dem Spiel?<\/h3>\n<p>Wir m\u00fcssen heute daf\u00fcr sorgen, dass diese gro\u00dfe Vielfalt an Landschaften naturgem\u00e4\u00df bewirtschaftet wird. Offene Landschaften m\u00fcssen erhalten werden. Die Trockenwiesen werden im Winter gem\u00e4ht. Auf den Feuchtwiesen grasen Hochlandrinder und Konik-Wildpferde. Die W\u00e4lder bleiben naturbelassen; es wird kein Holz eingeschlagen und das Totholz bleibt liegen. Die globalen Klimaver\u00e4nderungen werden auch einen Einfluss auf die verschiedenen Landschaften, die dort lebenden Arten und unseren Umgang mit ihnen haben. Im Rahmen des europ\u00e4ischen Naturschutzprogramm Life Natur Adap\u2019t wurde hierf\u00fcr ein Plan f\u00fcr entsprechende Anpassungsprozesse erarbeitet.<\/p>\n<h3>Regeln und Vorschriften<\/h3>\n<h3>Einige Grundregeln<\/h3>\n<p><img decoding=\"async\" loading=\"lazy\" class=\"alignnone size-medium wp-image-1506\" src=\"https:\/\/www.petitecamarguealsacienne.com\/wp-inside\/uploads\/2023\/02\/reglementation-_petite-camargue-480x123.jpg\" alt=\"R\u00e9glementation Petite Camargue\" width=\"480\" height=\"123\" srcset=\"https:\/\/www.petitecamarguealsacienne.com\/wp-inside\/uploads\/2023\/02\/reglementation-_petite-camargue-480x123.jpg 480w, https:\/\/www.petitecamarguealsacienne.com\/wp-inside\/uploads\/2023\/02\/reglementation-_petite-camargue.jpg 687w\" sizes=\"auto, (max-width: 480px) 100vw, 480px\" \/><\/p>\n<h3>Freizeitaktivit\u00e4ten<\/h3>\n<p><img decoding=\"async\" loading=\"lazy\" class=\"alignnone size-medium wp-image-1508\" src=\"https:\/\/www.petitecamarguealsacienne.com\/wp-inside\/uploads\/2023\/02\/reglementation-_petite-camargue-loisirs-480x262.jpg\" alt=\"R\u00e9glementation des loisirs Petite Camargue Alsacienne\" width=\"480\" height=\"262\" srcset=\"https:\/\/www.petitecamarguealsacienne.com\/wp-inside\/uploads\/2023\/02\/reglementation-_petite-camargue-loisirs-480x262.jpg 480w, https:\/\/www.petitecamarguealsacienne.com\/wp-inside\/uploads\/2023\/02\/reglementation-_petite-camargue-loisirs.jpg 679w\" sizes=\"auto, (max-width: 480px) 100vw, 480px\" \/><\/p>\n<h3>Andere Regeln<\/h3>\n<p><img decoding=\"async\" loading=\"lazy\" class=\"alignnone size-full wp-image-1504\" src=\"https:\/\/www.petitecamarguealsacienne.com\/wp-inside\/uploads\/2023\/02\/activites-reglementation-_petite-camargue.jpg\" alt=\"Activit\u00e9s r\u00e9glement\u00e9es Petite Camargue Alsacienne\" width=\"254\" height=\"181\" \/><\/p>\n<p>\t<!-- \/zone:zn_list_accordion [4] --><br \/>\n<!-- zone:zn_text [5] --><\/p>\n<p style=\"text-align: center;\">Die Petite Camargue Alsacienne befindet sich am Rheinknie im \u00e4u\u00dfersten S\u00fcdosten des Departements Haut-Rhin im Dreil\u00e4ndereck (Frankreich, Deutschland, Schweiz). Das Naturschutzgebiet erstreckt sich \u00fcber ein 7 km langes und 1 bis 2 km breites Tiefgestade, das der Rhein an der S\u00fcdspitze des Rheingrabens direkt nach der Schweizer Grenze gebildet hat.<br \/>\nInmitten der im Holoz\u00e4n gebildeten Auenw\u00e4lder liegt das Naturschutzgebiet der Petite Camargue Alsacienne. Die Gro\u00dfstadt Basel liegt 6km weiter im S\u00fcden, die Agglomeration von Mulhouse ca. 20 km davon im Nordwesten.<\/p>\n<p>\t\t\t<!-- \/zone:zn_text [5] -->\n<\/div>\n","protected":false},"excerpt":{"rendered":"<p>Das Nationale Naturreservat in K\u00fcrze Bezeichnung des Standorts R\u00e9serve Naturelle Nationale-RNN60 Code national : FR3600060 Code international : 6250 Code Inspire : FR.MNHN.I056FR3600060 Cat\u00e9gorie UICN : IV Klick auf des [&hellip;]<\/p>\n","protected":false},"author":4,"featured_media":1166,"parent":0,"menu_order":10,"comment_status":"closed","ping_status":"closed","template":"","meta":{"_acf_changed":false,"footnotes":""},"class_list":["post-3144","page","type-page","status-publish","has-post-thumbnail","hentry","wp-sticky"],"acf":[],"yoast_head":"<!-- This site is optimized with the Yoast SEO plugin v27.3 - https:\/\/yoast.com\/product\/yoast-seo-wordpress\/ -->\n<title>Naturreservat Saint-Louis, Haut-Rhin, Alsace | La Petite Camargue Alsacienne<\/title>\n<meta name=\"description\" content=\"Comment venir, pr\u00e9sentation de la r\u00e9serve : nous vous expliquons tout sur cet espace naturel prot\u00e9g\u00e9.\" \/>\n<meta name=\"robots\" content=\"index, follow, max-snippet:-1, max-image-preview:large, max-video-preview:-1\" \/>\n<link rel=\"canonical\" href=\"https:\/\/www.petitecamarguealsacienne.com\/de\/naturreservat\/\" \/>\n<meta property=\"og:locale\" content=\"de_DE\" \/>\n<meta property=\"og:type\" content=\"article\" \/>\n<meta property=\"og:title\" content=\"Naturreservat Saint-Louis, Haut-Rhin, Alsace | La Petite Camargue Alsacienne\" \/>\n<meta property=\"og:description\" content=\"Comment venir, pr\u00e9sentation de la r\u00e9serve : nous vous expliquons tout sur cet espace naturel prot\u00e9g\u00e9.\" \/>\n<meta property=\"og:url\" content=\"https:\/\/www.petitecamarguealsacienne.com\/de\/naturreservat\/\" \/>\n<meta property=\"og:site_name\" content=\"La Petite Camargue Alsacienne\" \/>\n<meta property=\"article:publisher\" content=\"https:\/\/www.facebook.com\/people\/Petite-Camargue-Alsacienne\/100072042215750\/\" \/>\n<meta property=\"article:modified_time\" content=\"2023-07-04T07:42:27+00:00\" \/>\n<meta property=\"og:image\" content=\"https:\/\/www.petitecamarguealsacienne.com\/wp-inside\/uploads\/2022\/11\/pca-reserve-naturelle.jpg\" \/>\n\t<meta property=\"og:image:width\" content=\"700\" \/>\n\t<meta property=\"og:image:height\" content=\"800\" \/>\n\t<meta property=\"og:image:type\" content=\"image\/jpeg\" \/>\n<meta name=\"twitter:card\" content=\"summary_large_image\" \/>\n<meta name=\"twitter:label1\" content=\"Gesch\u00e4tzte Lesezeit\" \/>\n\t<meta name=\"twitter:data1\" content=\"2\u00a0Minuten\" \/>\n<script type=\"application\/ld+json\" class=\"yoast-schema-graph\">{\"@context\":\"https:\\\/\\\/schema.org\",\"@graph\":[{\"@type\":\"WebPage\",\"@id\":\"https:\\\/\\\/www.petitecamarguealsacienne.com\\\/de\\\/naturreservat\\\/\",\"url\":\"https:\\\/\\\/www.petitecamarguealsacienne.com\\\/de\\\/naturreservat\\\/\",\"name\":\"Naturreservat Saint-Louis, Haut-Rhin, Alsace\",\"isPartOf\":{\"@id\":\"https:\\\/\\\/www.petitecamarguealsacienne.com\\\/de\\\/#website\"},\"primaryImageOfPage\":{\"@id\":\"https:\\\/\\\/www.petitecamarguealsacienne.com\\\/de\\\/naturreservat\\\/#primaryimage\"},\"image\":{\"@id\":\"https:\\\/\\\/www.petitecamarguealsacienne.com\\\/de\\\/naturreservat\\\/#primaryimage\"},\"thumbnailUrl\":\"https:\\\/\\\/www.petitecamarguealsacienne.com\\\/wp-inside\\\/uploads\\\/2022\\\/11\\\/pca-reserve-naturelle.jpg\",\"datePublished\":\"2022-11-17T16:10:48+00:00\",\"dateModified\":\"2023-07-04T07:42:27+00:00\",\"description\":\"Comment venir, pr\u00e9sentation de la r\u00e9serve : nous vous expliquons tout sur cet espace naturel prot\u00e9g\u00e9.\",\"breadcrumb\":{\"@id\":\"https:\\\/\\\/www.petitecamarguealsacienne.com\\\/de\\\/naturreservat\\\/#breadcrumb\"},\"inLanguage\":\"de\",\"potentialAction\":[{\"@type\":\"ReadAction\",\"target\":[\"https:\\\/\\\/www.petitecamarguealsacienne.com\\\/de\\\/naturreservat\\\/\"]}]},{\"@type\":\"ImageObject\",\"inLanguage\":\"de\",\"@id\":\"https:\\\/\\\/www.petitecamarguealsacienne.com\\\/de\\\/naturreservat\\\/#primaryimage\",\"url\":\"https:\\\/\\\/www.petitecamarguealsacienne.com\\\/wp-inside\\\/uploads\\\/2022\\\/11\\\/pca-reserve-naturelle.jpg\",\"contentUrl\":\"https:\\\/\\\/www.petitecamarguealsacienne.com\\\/wp-inside\\\/uploads\\\/2022\\\/11\\\/pca-reserve-naturelle.jpg\",\"width\":700,\"height\":800,\"caption\":\"Visite r\u00e9serve naturelle Alsace\"},{\"@type\":\"BreadcrumbList\",\"@id\":\"https:\\\/\\\/www.petitecamarguealsacienne.com\\\/de\\\/naturreservat\\\/#breadcrumb\",\"itemListElement\":[{\"@type\":\"ListItem\",\"position\":1,\"name\":\"Startseite\",\"item\":\"https:\\\/\\\/www.petitecamarguealsacienne.com\\\/de\\\/\"},{\"@type\":\"ListItem\",\"position\":2,\"name\":\"Naturreservat\"}]},{\"@type\":\"WebSite\",\"@id\":\"https:\\\/\\\/www.petitecamarguealsacienne.com\\\/de\\\/#website\",\"url\":\"https:\\\/\\\/www.petitecamarguealsacienne.com\\\/de\\\/\",\"name\":\"La Petite Camargue Alsacienne\",\"description\":\"R\u00e9serve Naturelle au c\u0153ur de la plaine rh\u00e9nane alluviale\",\"publisher\":{\"@id\":\"https:\\\/\\\/www.petitecamarguealsacienne.com\\\/de\\\/#organization\"},\"alternateName\":\"PCA\",\"potentialAction\":[{\"@type\":\"SearchAction\",\"target\":{\"@type\":\"EntryPoint\",\"urlTemplate\":\"https:\\\/\\\/www.petitecamarguealsacienne.com\\\/de\\\/?s={search_term_string}\"},\"query-input\":{\"@type\":\"PropertyValueSpecification\",\"valueRequired\":true,\"valueName\":\"search_term_string\"}}],\"inLanguage\":\"de\"},{\"@type\":\"Organization\",\"@id\":\"https:\\\/\\\/www.petitecamarguealsacienne.com\\\/de\\\/#organization\",\"name\":\"Petite Camargue Alsacienne\",\"alternateName\":\"PCA\",\"url\":\"https:\\\/\\\/www.petitecamarguealsacienne.com\\\/de\\\/\",\"logo\":{\"@type\":\"ImageObject\",\"inLanguage\":\"de\",\"@id\":\"https:\\\/\\\/www.petitecamarguealsacienne.com\\\/de\\\/#\\\/schema\\\/logo\\\/image\\\/\",\"url\":\"https:\\\/\\\/www.petitecamarguealsacienne.com\\\/wp-inside\\\/uploads\\\/2022\\\/10\\\/logo-petite-camargue-alsacienne.png\",\"contentUrl\":\"https:\\\/\\\/www.petitecamarguealsacienne.com\\\/wp-inside\\\/uploads\\\/2022\\\/10\\\/logo-petite-camargue-alsacienne.png\",\"width\":194,\"height\":168,\"caption\":\"Petite Camargue Alsacienne\"},\"image\":{\"@id\":\"https:\\\/\\\/www.petitecamarguealsacienne.com\\\/de\\\/#\\\/schema\\\/logo\\\/image\\\/\"},\"sameAs\":[\"https:\\\/\\\/www.facebook.com\\\/people\\\/Petite-Camargue-Alsacienne\\\/100072042215750\\\/\",\"https:\\\/\\\/www.flickr.com\\\/groups\\\/petitecamarguealsacienne\\\/\"]}]}<\/script>\n<!-- \/ Yoast SEO plugin. -->","yoast_head_json":{"title":"Naturreservat Saint-Louis, Haut-Rhin, Alsace | La Petite Camargue Alsacienne","description":"Comment venir, pr\u00e9sentation de la r\u00e9serve : nous vous expliquons tout sur cet espace naturel prot\u00e9g\u00e9.","robots":{"index":"index","follow":"follow","max-snippet":"max-snippet:-1","max-image-preview":"max-image-preview:large","max-video-preview":"max-video-preview:-1"},"canonical":"https:\/\/www.petitecamarguealsacienne.com\/de\/naturreservat\/","og_locale":"de_DE","og_type":"article","og_title":"Naturreservat Saint-Louis, Haut-Rhin, Alsace | La Petite Camargue Alsacienne","og_description":"Comment venir, pr\u00e9sentation de la r\u00e9serve : nous vous expliquons tout sur cet espace naturel prot\u00e9g\u00e9.","og_url":"https:\/\/www.petitecamarguealsacienne.com\/de\/naturreservat\/","og_site_name":"La Petite Camargue Alsacienne","article_publisher":"https:\/\/www.facebook.com\/people\/Petite-Camargue-Alsacienne\/100072042215750\/","article_modified_time":"2023-07-04T07:42:27+00:00","og_image":[{"width":700,"height":800,"url":"https:\/\/www.petitecamarguealsacienne.com\/wp-inside\/uploads\/2022\/11\/pca-reserve-naturelle.jpg","type":"image\/jpeg"}],"twitter_card":"summary_large_image","twitter_misc":{"Gesch\u00e4tzte Lesezeit":"2\u00a0Minuten"},"schema":{"@context":"https:\/\/schema.org","@graph":[{"@type":"WebPage","@id":"https:\/\/www.petitecamarguealsacienne.com\/de\/naturreservat\/","url":"https:\/\/www.petitecamarguealsacienne.com\/de\/naturreservat\/","name":"Naturreservat Saint-Louis, Haut-Rhin, Alsace","isPartOf":{"@id":"https:\/\/www.petitecamarguealsacienne.com\/de\/#website"},"primaryImageOfPage":{"@id":"https:\/\/www.petitecamarguealsacienne.com\/de\/naturreservat\/#primaryimage"},"image":{"@id":"https:\/\/www.petitecamarguealsacienne.com\/de\/naturreservat\/#primaryimage"},"thumbnailUrl":"https:\/\/www.petitecamarguealsacienne.com\/wp-inside\/uploads\/2022\/11\/pca-reserve-naturelle.jpg","datePublished":"2022-11-17T16:10:48+00:00","dateModified":"2023-07-04T07:42:27+00:00","description":"Comment venir, pr\u00e9sentation de la r\u00e9serve : nous vous expliquons tout sur cet espace naturel prot\u00e9g\u00e9.","breadcrumb":{"@id":"https:\/\/www.petitecamarguealsacienne.com\/de\/naturreservat\/#breadcrumb"},"inLanguage":"de","potentialAction":[{"@type":"ReadAction","target":["https:\/\/www.petitecamarguealsacienne.com\/de\/naturreservat\/"]}]},{"@type":"ImageObject","inLanguage":"de","@id":"https:\/\/www.petitecamarguealsacienne.com\/de\/naturreservat\/#primaryimage","url":"https:\/\/www.petitecamarguealsacienne.com\/wp-inside\/uploads\/2022\/11\/pca-reserve-naturelle.jpg","contentUrl":"https:\/\/www.petitecamarguealsacienne.com\/wp-inside\/uploads\/2022\/11\/pca-reserve-naturelle.jpg","width":700,"height":800,"caption":"Visite r\u00e9serve naturelle Alsace"},{"@type":"BreadcrumbList","@id":"https:\/\/www.petitecamarguealsacienne.com\/de\/naturreservat\/#breadcrumb","itemListElement":[{"@type":"ListItem","position":1,"name":"Startseite","item":"https:\/\/www.petitecamarguealsacienne.com\/de\/"},{"@type":"ListItem","position":2,"name":"Naturreservat"}]},{"@type":"WebSite","@id":"https:\/\/www.petitecamarguealsacienne.com\/de\/#website","url":"https:\/\/www.petitecamarguealsacienne.com\/de\/","name":"La Petite Camargue Alsacienne","description":"R\u00e9serve Naturelle au c\u0153ur de la plaine rh\u00e9nane alluviale","publisher":{"@id":"https:\/\/www.petitecamarguealsacienne.com\/de\/#organization"},"alternateName":"PCA","potentialAction":[{"@type":"SearchAction","target":{"@type":"EntryPoint","urlTemplate":"https:\/\/www.petitecamarguealsacienne.com\/de\/?s={search_term_string}"},"query-input":{"@type":"PropertyValueSpecification","valueRequired":true,"valueName":"search_term_string"}}],"inLanguage":"de"},{"@type":"Organization","@id":"https:\/\/www.petitecamarguealsacienne.com\/de\/#organization","name":"Petite Camargue Alsacienne","alternateName":"PCA","url":"https:\/\/www.petitecamarguealsacienne.com\/de\/","logo":{"@type":"ImageObject","inLanguage":"de","@id":"https:\/\/www.petitecamarguealsacienne.com\/de\/#\/schema\/logo\/image\/","url":"https:\/\/www.petitecamarguealsacienne.com\/wp-inside\/uploads\/2022\/10\/logo-petite-camargue-alsacienne.png","contentUrl":"https:\/\/www.petitecamarguealsacienne.com\/wp-inside\/uploads\/2022\/10\/logo-petite-camargue-alsacienne.png","width":194,"height":168,"caption":"Petite Camargue Alsacienne"},"image":{"@id":"https:\/\/www.petitecamarguealsacienne.com\/de\/#\/schema\/logo\/image\/"},"sameAs":["https:\/\/www.facebook.com\/people\/Petite-Camargue-Alsacienne\/100072042215750\/","https:\/\/www.flickr.com\/groups\/petitecamarguealsacienne\/"]}]}},"_links":{"self":[{"href":"https:\/\/www.petitecamarguealsacienne.com\/de\/wp-json\/wp\/v2\/pages\/3144","targetHints":{"allow":["GET"]}}],"collection":[{"href":"https:\/\/www.petitecamarguealsacienne.com\/de\/wp-json\/wp\/v2\/pages"}],"about":[{"href":"https:\/\/www.petitecamarguealsacienne.com\/de\/wp-json\/wp\/v2\/types\/page"}],"author":[{"embeddable":true,"href":"https:\/\/www.petitecamarguealsacienne.com\/de\/wp-json\/wp\/v2\/users\/4"}],"replies":[{"embeddable":true,"href":"https:\/\/www.petitecamarguealsacienne.com\/de\/wp-json\/wp\/v2\/comments?post=3144"}],"version-history":[{"count":4,"href":"https:\/\/www.petitecamarguealsacienne.com\/de\/wp-json\/wp\/v2\/pages\/3144\/revisions"}],"predecessor-version":[{"id":3981,"href":"https:\/\/www.petitecamarguealsacienne.com\/de\/wp-json\/wp\/v2\/pages\/3144\/revisions\/3981"}],"wp:featuredmedia":[{"embeddable":true,"href":"https:\/\/www.petitecamarguealsacienne.com\/de\/wp-json\/wp\/v2\/media\/1166"}],"wp:attachment":[{"href":"https:\/\/www.petitecamarguealsacienne.com\/de\/wp-json\/wp\/v2\/media?parent=3144"}],"curies":[{"name":"wp","href":"https:\/\/api.w.org\/{rel}","templated":true}]}}