{"id":3027,"date":"2022-11-18T10:44:10","date_gmt":"2022-11-18T09:44:10","guid":{"rendered":"https:\/\/www.petitecamarguealsacienne.com\/maison-de-la-reserve\/"},"modified":"2023-08-04T09:11:16","modified_gmt":"2023-08-04T07:11:16","slug":"naturparkzentrum","status":"publish","type":"page","link":"https:\/\/www.petitecamarguealsacienne.com\/de\/empfangsorte\/naturparkzentrum\/","title":{"rendered":"Naturparkzentrum"},"content":{"rendered":"<div class=\"wp-post-content\"><!-- zone:zn_pagebanner [0] --><br \/>\n\t\t<!-- \/zone:zn_pagebanner [0] --><br \/>\n<!-- zone:zn_text [1] --><\/p>\n<h2>Getr\u00e4nke<\/h2>\n<p>An unserem ehrenamtlich gef\u00fchrten Getr\u00e4nkestand erhalten Sie nachmittags an Sonn- und Feiertagen <strong>Hei\u00df- und Kaltgetr\u00e4nke<\/strong>.<\/p>\n<h2>\u00d6ffnungszeiten<\/h2>\n<p>Ge\u00f6ffnet vom 1. M\u00e4rz bis 29. Oktober 2023, von Sonntag bis Freitag von 9 Uhr bis 17 Uhr und Samstag von 13:30 Uhr bis 17 Uhr.<\/p>\n<p>Eintritt frei<\/p>\n<p>\t\t\t<!-- \/zone:zn_text [1] --><br \/>\n<!-- zone:zn_text_img [2] --><\/p>\n<h2>Sonderausstellungen<\/h2>\n<p><strong>Eintritt frei<\/strong> w\u00e4hrend der \u00d6ffnungszeiten<\/p>\n<p><!-- \/zone:zn_text_img [2] -->\n<\/div>\n","protected":false},"excerpt":{"rendered":"<p>Das Maison de la R\u00e9serve befindet sich im Herzen des Naturschutzgebiets und ist ein Ausstellungsort, der zum geselligen Beisammensein einl\u00e4dt!<\/p>\n","protected":false},"author":4,"featured_media":1451,"parent":3520,"menu_order":15,"comment_status":"closed","ping_status":"closed","template":"","meta":{"_acf_changed":false,"footnotes":""},"class_list":["post-3027","page","type-page","status-publish","has-post-thumbnail","hentry","wp-sticky"],"acf":[],"yoast_head":"<!-- This site is optimized with the Yoast SEO plugin v27.5 - https:\/\/yoast.com\/product\/yoast-seo-wordpress\/ -->\n<title>Naturparkzentrum, Sonderausstellung | La Petite Camargue Alsacienne<\/title>\n<meta name=\"description\" content=\"Das Naturparkzentrum liegt im Herzen der Petite Camargue und ist ein Ort f\u00fcr Ausstellungen und Geselligkeit.\" \/>\n<meta name=\"robots\" content=\"index, follow, max-snippet:-1, max-image-preview:large, max-video-preview:-1\" \/>\n<link rel=\"canonical\" href=\"https:\/\/www.petitecamarguealsacienne.com\/de\/empfangsorte\/naturparkzentrum\/\" \/>\n<meta property=\"og:locale\" content=\"de_DE\" \/>\n<meta property=\"og:type\" content=\"article\" \/>\n<meta property=\"og:title\" content=\"Naturparkzentrum, Sonderausstellung | La Petite Camargue Alsacienne\" \/>\n<meta property=\"og:description\" content=\"Das Naturparkzentrum liegt im Herzen der Petite Camargue und ist ein Ort f\u00fcr Ausstellungen und Geselligkeit.\" \/>\n<meta property=\"og:url\" content=\"https:\/\/www.petitecamarguealsacienne.com\/de\/empfangsorte\/naturparkzentrum\/\" \/>\n<meta property=\"og:site_name\" content=\"La Petite Camargue Alsacienne\" \/>\n<meta property=\"article:publisher\" content=\"https:\/\/www.facebook.com\/people\/Petite-Camargue-Alsacienne\/100072042215750\/\" \/>\n<meta property=\"article:modified_time\" content=\"2023-08-04T07:11:16+00:00\" \/>\n<meta property=\"og:image\" content=\"https:\/\/www.petitecamarguealsacienne.com\/wp-inside\/uploads\/2023\/01\/permanence-benevole-maison-reserve-naturelle.jpg\" \/>\n\t<meta property=\"og:image:width\" content=\"2048\" \/>\n\t<meta property=\"og:image:height\" content=\"1152\" \/>\n\t<meta property=\"og:image:type\" content=\"image\/jpeg\" \/>\n<meta name=\"twitter:card\" content=\"summary_large_image\" \/>\n<script type=\"application\/ld+json\" class=\"yoast-schema-graph\">{\"@context\":\"https:\\\/\\\/schema.org\",\"@graph\":[{\"@type\":\"WebPage\",\"@id\":\"https:\\\/\\\/www.petitecamarguealsacienne.com\\\/de\\\/empfangsorte\\\/naturparkzentrum\\\/\",\"url\":\"https:\\\/\\\/www.petitecamarguealsacienne.com\\\/de\\\/empfangsorte\\\/naturparkzentrum\\\/\",\"name\":\"Naturparkzentrum, Sonderausstellung\",\"isPartOf\":{\"@id\":\"https:\\\/\\\/www.petitecamarguealsacienne.com\\\/de\\\/#website\"},\"primaryImageOfPage\":{\"@id\":\"https:\\\/\\\/www.petitecamarguealsacienne.com\\\/de\\\/empfangsorte\\\/naturparkzentrum\\\/#primaryimage\"},\"image\":{\"@id\":\"https:\\\/\\\/www.petitecamarguealsacienne.com\\\/de\\\/empfangsorte\\\/naturparkzentrum\\\/#primaryimage\"},\"thumbnailUrl\":\"https:\\\/\\\/www.petitecamarguealsacienne.com\\\/wp-inside\\\/uploads\\\/2023\\\/01\\\/permanence-benevole-maison-reserve-naturelle.jpg\",\"datePublished\":\"2022-11-18T09:44:10+00:00\",\"dateModified\":\"2023-08-04T07:11:16+00:00\",\"description\":\"Das Naturparkzentrum liegt im Herzen der Petite Camargue und ist ein Ort f\u00fcr Ausstellungen und Geselligkeit.\",\"breadcrumb\":{\"@id\":\"https:\\\/\\\/www.petitecamarguealsacienne.com\\\/de\\\/empfangsorte\\\/naturparkzentrum\\\/#breadcrumb\"},\"inLanguage\":\"de\",\"potentialAction\":[{\"@type\":\"ReadAction\",\"target\":[\"https:\\\/\\\/www.petitecamarguealsacienne.com\\\/de\\\/empfangsorte\\\/naturparkzentrum\\\/\"]}]},{\"@type\":\"ImageObject\",\"inLanguage\":\"de\",\"@id\":\"https:\\\/\\\/www.petitecamarguealsacienne.com\\\/de\\\/empfangsorte\\\/naturparkzentrum\\\/#primaryimage\",\"url\":\"https:\\\/\\\/www.petitecamarguealsacienne.com\\\/wp-inside\\\/uploads\\\/2023\\\/01\\\/permanence-benevole-maison-reserve-naturelle.jpg\",\"contentUrl\":\"https:\\\/\\\/www.petitecamarguealsacienne.com\\\/wp-inside\\\/uploads\\\/2023\\\/01\\\/permanence-benevole-maison-reserve-naturelle.jpg\",\"width\":2048,\"height\":1152,\"caption\":\"accueil maison de la r\u00e9serve naturelle st louis\"},{\"@type\":\"BreadcrumbList\",\"@id\":\"https:\\\/\\\/www.petitecamarguealsacienne.com\\\/de\\\/empfangsorte\\\/naturparkzentrum\\\/#breadcrumb\",\"itemListElement\":[{\"@type\":\"ListItem\",\"position\":1,\"name\":\"Startseite\",\"item\":\"https:\\\/\\\/www.petitecamarguealsacienne.com\\\/de\\\/\"},{\"@type\":\"ListItem\",\"position\":2,\"name\":\"Empfangsorte\",\"item\":\"https:\\\/\\\/www.petitecamarguealsacienne.com\\\/de\\\/empfangsorte\\\/\"},{\"@type\":\"ListItem\",\"position\":3,\"name\":\"Naturparkzentrum\"}]},{\"@type\":\"WebSite\",\"@id\":\"https:\\\/\\\/www.petitecamarguealsacienne.com\\\/de\\\/#website\",\"url\":\"https:\\\/\\\/www.petitecamarguealsacienne.com\\\/de\\\/\",\"name\":\"La Petite Camargue Alsacienne\",\"description\":\"R\u00e9serve Naturelle au c\u0153ur de la plaine rh\u00e9nane alluviale\",\"publisher\":{\"@id\":\"https:\\\/\\\/www.petitecamarguealsacienne.com\\\/de\\\/#organization\"},\"alternateName\":\"PCA\",\"potentialAction\":[{\"@type\":\"SearchAction\",\"target\":{\"@type\":\"EntryPoint\",\"urlTemplate\":\"https:\\\/\\\/www.petitecamarguealsacienne.com\\\/de\\\/?s={search_term_string}\"},\"query-input\":{\"@type\":\"PropertyValueSpecification\",\"valueRequired\":true,\"valueName\":\"search_term_string\"}}],\"inLanguage\":\"de\"},{\"@type\":\"Organization\",\"@id\":\"https:\\\/\\\/www.petitecamarguealsacienne.com\\\/de\\\/#organization\",\"name\":\"Petite Camargue Alsacienne\",\"alternateName\":\"PCA\",\"url\":\"https:\\\/\\\/www.petitecamarguealsacienne.com\\\/de\\\/\",\"logo\":{\"@type\":\"ImageObject\",\"inLanguage\":\"de\",\"@id\":\"https:\\\/\\\/www.petitecamarguealsacienne.com\\\/de\\\/#\\\/schema\\\/logo\\\/image\\\/\",\"url\":\"https:\\\/\\\/www.petitecamarguealsacienne.com\\\/wp-inside\\\/uploads\\\/2022\\\/10\\\/logo-petite-camargue-alsacienne.png\",\"contentUrl\":\"https:\\\/\\\/www.petitecamarguealsacienne.com\\\/wp-inside\\\/uploads\\\/2022\\\/10\\\/logo-petite-camargue-alsacienne.png\",\"width\":194,\"height\":168,\"caption\":\"Petite Camargue Alsacienne\"},\"image\":{\"@id\":\"https:\\\/\\\/www.petitecamarguealsacienne.com\\\/de\\\/#\\\/schema\\\/logo\\\/image\\\/\"},\"sameAs\":[\"https:\\\/\\\/www.facebook.com\\\/people\\\/Petite-Camargue-Alsacienne\\\/100072042215750\\\/\",\"https:\\\/\\\/www.flickr.com\\\/groups\\\/petitecamarguealsacienne\\\/\"]}]}<\/script>\n<!-- \/ Yoast SEO plugin. -->","yoast_head_json":{"title":"Naturparkzentrum, Sonderausstellung | La Petite Camargue Alsacienne","description":"Das Naturparkzentrum liegt im Herzen der Petite Camargue und ist ein Ort f\u00fcr Ausstellungen und Geselligkeit.","robots":{"index":"index","follow":"follow","max-snippet":"max-snippet:-1","max-image-preview":"max-image-preview:large","max-video-preview":"max-video-preview:-1"},"canonical":"https:\/\/www.petitecamarguealsacienne.com\/de\/empfangsorte\/naturparkzentrum\/","og_locale":"de_DE","og_type":"article","og_title":"Naturparkzentrum, Sonderausstellung | La Petite Camargue Alsacienne","og_description":"Das Naturparkzentrum liegt im Herzen der Petite Camargue und ist ein Ort f\u00fcr Ausstellungen und Geselligkeit.","og_url":"https:\/\/www.petitecamarguealsacienne.com\/de\/empfangsorte\/naturparkzentrum\/","og_site_name":"La Petite Camargue Alsacienne","article_publisher":"https:\/\/www.facebook.com\/people\/Petite-Camargue-Alsacienne\/100072042215750\/","article_modified_time":"2023-08-04T07:11:16+00:00","og_image":[{"width":2048,"height":1152,"url":"https:\/\/www.petitecamarguealsacienne.com\/wp-inside\/uploads\/2023\/01\/permanence-benevole-maison-reserve-naturelle.jpg","type":"image\/jpeg"}],"twitter_card":"summary_large_image","schema":{"@context":"https:\/\/schema.org","@graph":[{"@type":"WebPage","@id":"https:\/\/www.petitecamarguealsacienne.com\/de\/empfangsorte\/naturparkzentrum\/","url":"https:\/\/www.petitecamarguealsacienne.com\/de\/empfangsorte\/naturparkzentrum\/","name":"Naturparkzentrum, Sonderausstellung","isPartOf":{"@id":"https:\/\/www.petitecamarguealsacienne.com\/de\/#website"},"primaryImageOfPage":{"@id":"https:\/\/www.petitecamarguealsacienne.com\/de\/empfangsorte\/naturparkzentrum\/#primaryimage"},"image":{"@id":"https:\/\/www.petitecamarguealsacienne.com\/de\/empfangsorte\/naturparkzentrum\/#primaryimage"},"thumbnailUrl":"https:\/\/www.petitecamarguealsacienne.com\/wp-inside\/uploads\/2023\/01\/permanence-benevole-maison-reserve-naturelle.jpg","datePublished":"2022-11-18T09:44:10+00:00","dateModified":"2023-08-04T07:11:16+00:00","description":"Das Naturparkzentrum liegt im Herzen der Petite Camargue und ist ein Ort f\u00fcr Ausstellungen und Geselligkeit.","breadcrumb":{"@id":"https:\/\/www.petitecamarguealsacienne.com\/de\/empfangsorte\/naturparkzentrum\/#breadcrumb"},"inLanguage":"de","potentialAction":[{"@type":"ReadAction","target":["https:\/\/www.petitecamarguealsacienne.com\/de\/empfangsorte\/naturparkzentrum\/"]}]},{"@type":"ImageObject","inLanguage":"de","@id":"https:\/\/www.petitecamarguealsacienne.com\/de\/empfangsorte\/naturparkzentrum\/#primaryimage","url":"https:\/\/www.petitecamarguealsacienne.com\/wp-inside\/uploads\/2023\/01\/permanence-benevole-maison-reserve-naturelle.jpg","contentUrl":"https:\/\/www.petitecamarguealsacienne.com\/wp-inside\/uploads\/2023\/01\/permanence-benevole-maison-reserve-naturelle.jpg","width":2048,"height":1152,"caption":"accueil maison de la r\u00e9serve naturelle st louis"},{"@type":"BreadcrumbList","@id":"https:\/\/www.petitecamarguealsacienne.com\/de\/empfangsorte\/naturparkzentrum\/#breadcrumb","itemListElement":[{"@type":"ListItem","position":1,"name":"Startseite","item":"https:\/\/www.petitecamarguealsacienne.com\/de\/"},{"@type":"ListItem","position":2,"name":"Empfangsorte","item":"https:\/\/www.petitecamarguealsacienne.com\/de\/empfangsorte\/"},{"@type":"ListItem","position":3,"name":"Naturparkzentrum"}]},{"@type":"WebSite","@id":"https:\/\/www.petitecamarguealsacienne.com\/de\/#website","url":"https:\/\/www.petitecamarguealsacienne.com\/de\/","name":"La Petite Camargue Alsacienne","description":"R\u00e9serve Naturelle au c\u0153ur de la plaine rh\u00e9nane alluviale","publisher":{"@id":"https:\/\/www.petitecamarguealsacienne.com\/de\/#organization"},"alternateName":"PCA","potentialAction":[{"@type":"SearchAction","target":{"@type":"EntryPoint","urlTemplate":"https:\/\/www.petitecamarguealsacienne.com\/de\/?s={search_term_string}"},"query-input":{"@type":"PropertyValueSpecification","valueRequired":true,"valueName":"search_term_string"}}],"inLanguage":"de"},{"@type":"Organization","@id":"https:\/\/www.petitecamarguealsacienne.com\/de\/#organization","name":"Petite Camargue Alsacienne","alternateName":"PCA","url":"https:\/\/www.petitecamarguealsacienne.com\/de\/","logo":{"@type":"ImageObject","inLanguage":"de","@id":"https:\/\/www.petitecamarguealsacienne.com\/de\/#\/schema\/logo\/image\/","url":"https:\/\/www.petitecamarguealsacienne.com\/wp-inside\/uploads\/2022\/10\/logo-petite-camargue-alsacienne.png","contentUrl":"https:\/\/www.petitecamarguealsacienne.com\/wp-inside\/uploads\/2022\/10\/logo-petite-camargue-alsacienne.png","width":194,"height":168,"caption":"Petite Camargue Alsacienne"},"image":{"@id":"https:\/\/www.petitecamarguealsacienne.com\/de\/#\/schema\/logo\/image\/"},"sameAs":["https:\/\/www.facebook.com\/people\/Petite-Camargue-Alsacienne\/100072042215750\/","https:\/\/www.flickr.com\/groups\/petitecamarguealsacienne\/"]}]}},"_links":{"self":[{"href":"https:\/\/www.petitecamarguealsacienne.com\/de\/wp-json\/wp\/v2\/pages\/3027","targetHints":{"allow":["GET"]}}],"collection":[{"href":"https:\/\/www.petitecamarguealsacienne.com\/de\/wp-json\/wp\/v2\/pages"}],"about":[{"href":"https:\/\/www.petitecamarguealsacienne.com\/de\/wp-json\/wp\/v2\/types\/page"}],"author":[{"embeddable":true,"href":"https:\/\/www.petitecamarguealsacienne.com\/de\/wp-json\/wp\/v2\/users\/4"}],"replies":[{"embeddable":true,"href":"https:\/\/www.petitecamarguealsacienne.com\/de\/wp-json\/wp\/v2\/comments?post=3027"}],"version-history":[{"count":5,"href":"https:\/\/www.petitecamarguealsacienne.com\/de\/wp-json\/wp\/v2\/pages\/3027\/revisions"}],"predecessor-version":[{"id":4096,"href":"https:\/\/www.petitecamarguealsacienne.com\/de\/wp-json\/wp\/v2\/pages\/3027\/revisions\/4096"}],"up":[{"embeddable":true,"href":"https:\/\/www.petitecamarguealsacienne.com\/de\/wp-json\/wp\/v2\/pages\/3520"}],"wp:featuredmedia":[{"embeddable":true,"href":"https:\/\/www.petitecamarguealsacienne.com\/de\/wp-json\/wp\/v2\/media\/1451"}],"wp:attachment":[{"href":"https:\/\/www.petitecamarguealsacienne.com\/de\/wp-json\/wp\/v2\/media?parent=3027"}],"curies":[{"name":"wp","href":"https:\/\/api.w.org\/{rel}","templated":true}]}}