{"id":3024,"date":"2022-07-12T11:18:14","date_gmt":"2022-07-12T09:18:14","guid":{"rendered":"https:\/\/www.petitecamarguealsacienne.com\/venir\/"},"modified":"2023-06-06T14:08:35","modified_gmt":"2023-06-06T12:08:35","slug":"anfahrt","status":"publish","type":"page","link":"https:\/\/www.petitecamarguealsacienne.com\/de\/naturreservat\/anfahrt\/","title":{"rendered":"Anfahrt"},"content":{"rendered":"<div class=\"wp-post-content\"><!-- zone:zn_pagebanner [0] --><br \/>\n\t\t<!-- \/zone:zn_pagebanner [0] --><br \/>\n<!-- zone:zn_text [1] --><\/p>\n<h2>Anfahrt zur Kaiserlichen Fischzucht<\/h2>\n<p>Das urspr\u00fcngliche Naturschutzgebiet mit der Kaiserlichen Fischzucht ist mit diversen Verkehrsmitteln erreichbar:<\/p>\n<ul>\n<li><strong>Mit dem Zug:<\/strong> SNCF\/TER Haltestelle Saint-Louis la Chauss\u00e9e\/Neuweg<\/li>\n<li><strong>Mit dem Fahrrad<\/strong>: Radweg entlang des H\u00fcninger Kanals (Eurovelo 6)<\/li>\n<li><strong>Mit dem Bus<\/strong>: Distribus Linie4 oder 5 : Haltestelle Petite Camargue (Fahrplan unter <a href=\"http:\/\/www.distribus.com\/\" target=\"_blank\" rel=\"noopener\">www.distribus.com<\/a>)<\/li>\n<li><strong>Mit dem Auto<\/strong>: Autobahn A 35 (E25) Ausfahrt Bartenheim -&gt;Richtung Saint-Louis. Parkm\u00f6glichkeit am Stadion &#8222;Stade de l&#8217;Au&#8220; oder am Schleusenw\u00e4rterhaus.<\/li>\n<\/ul>\n<p>Start der Rundwege befinden sich an der <strong>Infotafel<\/strong> in der N\u00e4he des Stadions in Saint-Louis la Chauss\u00e9e oder am <strong>Schleusenw\u00e4rterhaus<\/strong>. Sie kommen von hier aus zum Naturschutzzentrum und zu den <strong>Dauerausstellungen \u00fcber die Geschichte des Rheins und der Lachszucht\u201eM\u00e9moire du Rhin\u201c und \u201eM\u00e9moire du Saumon\u201c<\/strong>.<\/p>\n<h3>Einige Tipps<\/h3>\n<p><strong>Bei der Anfahrt mit dem Fahrrad<\/strong> ist es besser das Naturschutzzentrum \u00fcber den Chemin de la Pisciculture (Fischzuchtpfad) von der Infotafel am Stadion aus zu erkunden.<br \/>\n<strong>Bei Anfahrt mit dem Auto<\/strong> geben Sie bitte folgende Adressen in ihr GPS-Ger\u00e4t ein:<\/p>\n<p>\t\t\t<!-- \/zone:zn_text [1] --><br \/>\n<!-- zone:zn_text [2] --><\/p>\n<h2>Zugang zu Parkpl\u00e4tzen<\/h2>\n<p><strong><a href=\"https:\/\/goo.gl\/maps\/YfoxyKCg7Cs59bLt8\" target=\"_blank\" rel=\"noopener\">Parking du Stade de l&#8217;Au<\/a> :<\/strong><\/p>\n<p>rue de Canal 68300 SAINT-LOUIS<br \/>\nGPS (Koordinate): 47,613504, 7,539647<\/p>\n<p><iframe loading=\"lazy\" style=\"border: 0;\" src=\"https:\/\/www.google.com\/maps\/embed?pb=!1m17!1m12!1m3!1d1379.7048707644328!2d7.540675492272468!3d47.61354890890416!2m3!1f0!2f0!3f0!3m2!1i1024!2i768!4f13.1!3m2!1m1!2zNDfCsDM2JzQ4LjYiTiA3wrAzMicyMi43IkU!5e1!3m2!1sfr!2sfr!4v1678786072115!5m2!1sfr!2sfr\" width=\"600\" height=\"450\" allowfullscreen=\"allowfullscreen\"><\/iframe><\/p>\n<p><strong><a href=\"https:\/\/goo.gl\/maps\/WeG6c3nA7w7S9fjU9\" target=\"_blank\" rel=\"noopener\">Parkplatz am Schleusenw\u00e4rterhaus:<\/a>\u00a0:<\/strong><\/p>\n<p>8 rue du Canal 68300 SAINT-LOUIS<br \/>\nGPS (Koordinate): 47,620681, 7,548141<\/p>\n<p><iframe loading=\"lazy\" style=\"border: 0;\" src=\"https:\/\/www.google.com\/maps\/embed?pb=!1m18!1m12!1m3!1d975.4665336336399!2d7.547775436500006!3d47.62063120389541!2m3!1f0!2f0!3f0!3m2!1i1024!2i768!4f13.1!3m3!1m2!1s0x4791bc767bcf6e47%3A0x3ffbac6a138f290!2sParking%20de%20la%20Maison%20%C3%A9clusi%C3%A8re%2C%2068300%20Saint-Louis!5e1!3m2!1sfr!2sfr!4v1678786160859!5m2!1sfr!2sfr\" width=\"600\" height=\"450\" allowfullscreen=\"allowfullscreen\"><\/iframe><\/p>\n<p>\t\t\t<!-- \/zone:zn_text [2] --><br \/>\n<!-- zone:zn_text [3] --><\/p>\n<h2>Zufahrt zur Rheininsel<\/h2>\n<p><strong>Die Rheininsel<\/strong> befindet sich zwischen dem Rheinseitenkanal \u00ab Grand Canal d\u2019Alsace\u201c und dem Altrhein.<br \/>\nDie Rundwege starten auf franz\u00f6sischer Seite bei den <strong>Schleusen in Kembs<\/strong>, auf deutscher Seite <strong>am Stauwehr M\u00e4rkt<\/strong>.<\/p>\n<p>Der Parkplatz an den Schleusen in Kembs ist mit verschiedenen Verkehrsmitteln erreichbar:<\/p>\n<ul>\n<li><strong>Mit dem Fahrrad<\/strong>: Radweg entlang des H\u00fcninger Kanals (Eurovelo 6)<\/li>\n<li><strong>Mit dem Bus<\/strong>: Distribus Linie 6 (Fahrpl\u00e4ne <a href=\"http:\/\/www.distribus.com\/\" target=\"_blank\" rel=\"noopener\">www.distribus.com<\/a>) und SOLEA 59 (Fahrpl\u00e4ne <a href=\"https:\/\/www.solea.info\/\" target=\"_blank\" rel=\"noopener\">www.solea.info<\/a>)<\/li>\n<li><strong>Mit dem Auto<\/strong>: Autobahn A 35 (E25) Ausfahrt 34, Richtung EDF Wasserkraftwerk und weiter bis zu den Schleusen.<\/li>\n<\/ul>\n<p>Der Parkplatz am Stauwehr M\u00e4rkt (DE) ist erreichbar:<\/p>\n<ul>\n<li><strong>Mit dem Fahrrad:<\/strong> Radweg entlang des Rheinufers \u2013 Alte Stra\u00dfe<\/li>\n<li><strong>Mit dem Auto<\/strong>: 79576 Weil am Rhein, Alte Stra\u00dfe Richtung M\u00e4rkt Rheinstra\u00dfe 1, Parkplatz am Stauwehr.<\/li>\n<\/ul>\n<h3>Einige Tipps<\/h3>\n<p><strong>Wenn Sie mit dem Fahrrad kommen<\/strong>, vergessen Sie ihr Reparaturmaterial nicht. Die Rundwege sind nicht mit Reparaturm\u00f6glichkeiten ausgestattet!<br \/>\n<strong>Bei Anfahrt mit dem Auto geben Sie bitte folgende Adressen in ihr GPS-Navy ein:<\/strong><\/p>\n<p>\t\t\t<!-- \/zone:zn_text [3] --><br \/>\n<!-- zone:zn_text [4] --><\/p>\n<h2>Zugang zu Parkpl\u00e4tzen<\/h2>\n<p><strong><a href=\"https:\/\/goo.gl\/maps\/jzA2fZxEG2VBUNoE9\" target=\"_blank\" rel=\"noopener\">Parkplatz an den Kembser Schleusen: <\/a> :<\/strong><br \/>\nGrand Canal D\u2019Alsace 68128 Rosenau<br \/>\nGPS (Koordinate): 47,653125, 7,525495<\/p>\n<p><iframe loading=\"lazy\" style=\"border: 0;\" src=\"https:\/\/www.google.com\/maps\/embed?pb=!1m17!1m12!1m3!1d1949.7501567508375!2d7.527026691752243!3d47.65232242639062!2m3!1f0!2f0!3f0!3m2!1i1024!2i768!4f13.1!3m2!1m1!2zNDfCsDM5JzExLjMiTiA3wrAzMSczMS44IkU!5e1!3m2!1sfr!2sfr!4v1678786375414!5m2!1sfr!2sfr\" width=\"600\" height=\"450\" allowfullscreen=\"allowfullscreen\"><\/iframe><\/p>\n<p><strong><a href=\"https:\/\/goo.gl\/maps\/mH9SLMuyU1UqHU7L8\" target=\"_blank\" rel=\"noopener\">Parkplatz am Stauwehr: <\/a> :<br \/>\n<\/strong>Rheinstra\u00dfe 1, 79576 Weil am Rhein, Allemagne<br \/>\nGPS (Koordinate): 47,619683, 7,573999<\/p>\n<p><iframe loading=\"lazy\" style=\"border: 0;\" src=\"https:\/\/www.google.com\/maps\/embed?pb=!1m18!1m12!1m3!1d3281.124981416353!2d7.57292611477139!3d47.61967936330923!2m3!1f0!2f0!3f0!3m2!1i1024!2i768!4f13.1!3m3!1m2!1s0x4791bb5f48bd498f%3A0x2529804396cb8ecb!2sAm%20Stauwehr!5e1!3m2!1sfr!2sfr!4v1678786434885!5m2!1sfr!2sfr\" width=\"600\" height=\"450\" allowfullscreen=\"allowfullscreen\"><\/iframe><\/p>\n<p>\t\t\t<!-- \/zone:zn_text [4] -->\n<\/div>\n","protected":false},"excerpt":{"rendered":"<p>Das Naturreservat besteht aus zwei Gebieten: dem historischen Kerngebiet und der Rheininsel. Alle sind mit Wanderwegen und Observatorien ausgestattet.<\/p>\n","protected":false},"author":4,"featured_media":1609,"parent":3144,"menu_order":0,"comment_status":"closed","ping_status":"closed","template":"","meta":{"_acf_changed":false,"footnotes":""},"class_list":["post-3024","page","type-page","status-publish","has-post-thumbnail","hentry","wp-sticky"],"acf":[],"yoast_head":"<!-- This site is optimized with the Yoast SEO plugin v27.6 - https:\/\/yoast.com\/product\/yoast-seo-wordpress\/ -->\n<title>Zugang Naturreservat Saint-Louis Elsass | La Petite Camargue Alsacienne<\/title>\n<meta name=\"description\" content=\"Das Naturschutzgebiet besteht aus zwei Gebieten: dem historischen Kerngebiet und der Rheininsel. Hier finden Sie alle Informationen, um dorthin zu gelangen.\" \/>\n<meta name=\"robots\" content=\"index, follow, max-snippet:-1, max-image-preview:large, max-video-preview:-1\" \/>\n<link rel=\"canonical\" href=\"https:\/\/www.petitecamarguealsacienne.com\/de\/naturreservat\/anfahrt\/\" \/>\n<meta property=\"og:locale\" content=\"de_DE\" \/>\n<meta property=\"og:type\" content=\"article\" \/>\n<meta property=\"og:title\" content=\"Zugang Naturreservat Saint-Louis Elsass | La Petite Camargue Alsacienne\" \/>\n<meta property=\"og:description\" content=\"Das Naturschutzgebiet besteht aus zwei Gebieten: dem historischen Kerngebiet und der Rheininsel. Hier finden Sie alle Informationen, um dorthin zu gelangen.\" \/>\n<meta property=\"og:url\" content=\"https:\/\/www.petitecamarguealsacienne.com\/de\/naturreservat\/anfahrt\/\" \/>\n<meta property=\"og:site_name\" content=\"La Petite Camargue Alsacienne\" \/>\n<meta property=\"article:publisher\" content=\"https:\/\/www.facebook.com\/people\/Petite-Camargue-Alsacienne\/100072042215750\/\" \/>\n<meta property=\"article:modified_time\" content=\"2023-06-06T12:08:35+00:00\" \/>\n<meta property=\"og:image\" content=\"https:\/\/www.petitecamarguealsacienne.com\/wp-inside\/uploads\/2023\/02\/vue_aerienne_petite_camargue_alsacienne.jpg\" \/>\n\t<meta property=\"og:image:width\" content=\"1980\" \/>\n\t<meta property=\"og:image:height\" content=\"1201\" \/>\n\t<meta property=\"og:image:type\" content=\"image\/jpeg\" \/>\n<meta name=\"twitter:card\" content=\"summary_large_image\" \/>\n<script type=\"application\/ld+json\" class=\"yoast-schema-graph\">{\"@context\":\"https:\\\/\\\/schema.org\",\"@graph\":[{\"@type\":\"WebPage\",\"@id\":\"https:\\\/\\\/www.petitecamarguealsacienne.com\\\/de\\\/naturreservat\\\/anfahrt\\\/\",\"url\":\"https:\\\/\\\/www.petitecamarguealsacienne.com\\\/de\\\/naturreservat\\\/anfahrt\\\/\",\"name\":\"Zugang Naturreservat Saint-Louis Elsass\",\"isPartOf\":{\"@id\":\"https:\\\/\\\/www.petitecamarguealsacienne.com\\\/de\\\/#website\"},\"primaryImageOfPage\":{\"@id\":\"https:\\\/\\\/www.petitecamarguealsacienne.com\\\/de\\\/naturreservat\\\/anfahrt\\\/#primaryimage\"},\"image\":{\"@id\":\"https:\\\/\\\/www.petitecamarguealsacienne.com\\\/de\\\/naturreservat\\\/anfahrt\\\/#primaryimage\"},\"thumbnailUrl\":\"https:\\\/\\\/www.petitecamarguealsacienne.com\\\/wp-inside\\\/uploads\\\/2023\\\/02\\\/vue_aerienne_petite_camargue_alsacienne.jpg\",\"datePublished\":\"2022-07-12T09:18:14+00:00\",\"dateModified\":\"2023-06-06T12:08:35+00:00\",\"description\":\"Das Naturschutzgebiet besteht aus zwei Gebieten: dem historischen Kerngebiet und der Rheininsel. Hier finden Sie alle Informationen, um dorthin zu gelangen.\",\"breadcrumb\":{\"@id\":\"https:\\\/\\\/www.petitecamarguealsacienne.com\\\/de\\\/naturreservat\\\/anfahrt\\\/#breadcrumb\"},\"inLanguage\":\"de\",\"potentialAction\":[{\"@type\":\"ReadAction\",\"target\":[\"https:\\\/\\\/www.petitecamarguealsacienne.com\\\/de\\\/naturreservat\\\/anfahrt\\\/\"]}]},{\"@type\":\"ImageObject\",\"inLanguage\":\"de\",\"@id\":\"https:\\\/\\\/www.petitecamarguealsacienne.com\\\/de\\\/naturreservat\\\/anfahrt\\\/#primaryimage\",\"url\":\"https:\\\/\\\/www.petitecamarguealsacienne.com\\\/wp-inside\\\/uploads\\\/2023\\\/02\\\/vue_aerienne_petite_camargue_alsacienne.jpg\",\"contentUrl\":\"https:\\\/\\\/www.petitecamarguealsacienne.com\\\/wp-inside\\\/uploads\\\/2023\\\/02\\\/vue_aerienne_petite_camargue_alsacienne.jpg\",\"width\":1980,\"height\":1201,\"caption\":\"Petite Camargue Alsacienne vue a\u00e9rienne\"},{\"@type\":\"BreadcrumbList\",\"@id\":\"https:\\\/\\\/www.petitecamarguealsacienne.com\\\/de\\\/naturreservat\\\/anfahrt\\\/#breadcrumb\",\"itemListElement\":[{\"@type\":\"ListItem\",\"position\":1,\"name\":\"Startseite\",\"item\":\"https:\\\/\\\/www.petitecamarguealsacienne.com\\\/de\\\/\"},{\"@type\":\"ListItem\",\"position\":2,\"name\":\"Naturreservat\",\"item\":\"https:\\\/\\\/www.petitecamarguealsacienne.com\\\/de\\\/naturreservat\\\/\"},{\"@type\":\"ListItem\",\"position\":3,\"name\":\"Anfahrt\"}]},{\"@type\":\"WebSite\",\"@id\":\"https:\\\/\\\/www.petitecamarguealsacienne.com\\\/de\\\/#website\",\"url\":\"https:\\\/\\\/www.petitecamarguealsacienne.com\\\/de\\\/\",\"name\":\"La Petite Camargue Alsacienne\",\"description\":\"R\u00e9serve Naturelle au c\u0153ur de la plaine rh\u00e9nane alluviale\",\"publisher\":{\"@id\":\"https:\\\/\\\/www.petitecamarguealsacienne.com\\\/de\\\/#organization\"},\"alternateName\":\"PCA\",\"potentialAction\":[{\"@type\":\"SearchAction\",\"target\":{\"@type\":\"EntryPoint\",\"urlTemplate\":\"https:\\\/\\\/www.petitecamarguealsacienne.com\\\/de\\\/?s={search_term_string}\"},\"query-input\":{\"@type\":\"PropertyValueSpecification\",\"valueRequired\":true,\"valueName\":\"search_term_string\"}}],\"inLanguage\":\"de\"},{\"@type\":\"Organization\",\"@id\":\"https:\\\/\\\/www.petitecamarguealsacienne.com\\\/de\\\/#organization\",\"name\":\"Petite Camargue Alsacienne\",\"alternateName\":\"PCA\",\"url\":\"https:\\\/\\\/www.petitecamarguealsacienne.com\\\/de\\\/\",\"logo\":{\"@type\":\"ImageObject\",\"inLanguage\":\"de\",\"@id\":\"https:\\\/\\\/www.petitecamarguealsacienne.com\\\/de\\\/#\\\/schema\\\/logo\\\/image\\\/\",\"url\":\"https:\\\/\\\/www.petitecamarguealsacienne.com\\\/wp-inside\\\/uploads\\\/2022\\\/10\\\/logo-petite-camargue-alsacienne.png\",\"contentUrl\":\"https:\\\/\\\/www.petitecamarguealsacienne.com\\\/wp-inside\\\/uploads\\\/2022\\\/10\\\/logo-petite-camargue-alsacienne.png\",\"width\":194,\"height\":168,\"caption\":\"Petite Camargue Alsacienne\"},\"image\":{\"@id\":\"https:\\\/\\\/www.petitecamarguealsacienne.com\\\/de\\\/#\\\/schema\\\/logo\\\/image\\\/\"},\"sameAs\":[\"https:\\\/\\\/www.facebook.com\\\/people\\\/Petite-Camargue-Alsacienne\\\/100072042215750\\\/\",\"https:\\\/\\\/www.flickr.com\\\/groups\\\/petitecamarguealsacienne\\\/\"]}]}<\/script>\n<!-- \/ Yoast SEO plugin. -->","yoast_head_json":{"title":"Zugang Naturreservat Saint-Louis Elsass | La Petite Camargue Alsacienne","description":"Das Naturschutzgebiet besteht aus zwei Gebieten: dem historischen Kerngebiet und der Rheininsel. Hier finden Sie alle Informationen, um dorthin zu gelangen.","robots":{"index":"index","follow":"follow","max-snippet":"max-snippet:-1","max-image-preview":"max-image-preview:large","max-video-preview":"max-video-preview:-1"},"canonical":"https:\/\/www.petitecamarguealsacienne.com\/de\/naturreservat\/anfahrt\/","og_locale":"de_DE","og_type":"article","og_title":"Zugang Naturreservat Saint-Louis Elsass | La Petite Camargue Alsacienne","og_description":"Das Naturschutzgebiet besteht aus zwei Gebieten: dem historischen Kerngebiet und der Rheininsel. Hier finden Sie alle Informationen, um dorthin zu gelangen.","og_url":"https:\/\/www.petitecamarguealsacienne.com\/de\/naturreservat\/anfahrt\/","og_site_name":"La Petite Camargue Alsacienne","article_publisher":"https:\/\/www.facebook.com\/people\/Petite-Camargue-Alsacienne\/100072042215750\/","article_modified_time":"2023-06-06T12:08:35+00:00","og_image":[{"width":1980,"height":1201,"url":"https:\/\/www.petitecamarguealsacienne.com\/wp-inside\/uploads\/2023\/02\/vue_aerienne_petite_camargue_alsacienne.jpg","type":"image\/jpeg"}],"twitter_card":"summary_large_image","schema":{"@context":"https:\/\/schema.org","@graph":[{"@type":"WebPage","@id":"https:\/\/www.petitecamarguealsacienne.com\/de\/naturreservat\/anfahrt\/","url":"https:\/\/www.petitecamarguealsacienne.com\/de\/naturreservat\/anfahrt\/","name":"Zugang Naturreservat Saint-Louis Elsass","isPartOf":{"@id":"https:\/\/www.petitecamarguealsacienne.com\/de\/#website"},"primaryImageOfPage":{"@id":"https:\/\/www.petitecamarguealsacienne.com\/de\/naturreservat\/anfahrt\/#primaryimage"},"image":{"@id":"https:\/\/www.petitecamarguealsacienne.com\/de\/naturreservat\/anfahrt\/#primaryimage"},"thumbnailUrl":"https:\/\/www.petitecamarguealsacienne.com\/wp-inside\/uploads\/2023\/02\/vue_aerienne_petite_camargue_alsacienne.jpg","datePublished":"2022-07-12T09:18:14+00:00","dateModified":"2023-06-06T12:08:35+00:00","description":"Das Naturschutzgebiet besteht aus zwei Gebieten: dem historischen Kerngebiet und der Rheininsel. Hier finden Sie alle Informationen, um dorthin zu gelangen.","breadcrumb":{"@id":"https:\/\/www.petitecamarguealsacienne.com\/de\/naturreservat\/anfahrt\/#breadcrumb"},"inLanguage":"de","potentialAction":[{"@type":"ReadAction","target":["https:\/\/www.petitecamarguealsacienne.com\/de\/naturreservat\/anfahrt\/"]}]},{"@type":"ImageObject","inLanguage":"de","@id":"https:\/\/www.petitecamarguealsacienne.com\/de\/naturreservat\/anfahrt\/#primaryimage","url":"https:\/\/www.petitecamarguealsacienne.com\/wp-inside\/uploads\/2023\/02\/vue_aerienne_petite_camargue_alsacienne.jpg","contentUrl":"https:\/\/www.petitecamarguealsacienne.com\/wp-inside\/uploads\/2023\/02\/vue_aerienne_petite_camargue_alsacienne.jpg","width":1980,"height":1201,"caption":"Petite Camargue Alsacienne vue a\u00e9rienne"},{"@type":"BreadcrumbList","@id":"https:\/\/www.petitecamarguealsacienne.com\/de\/naturreservat\/anfahrt\/#breadcrumb","itemListElement":[{"@type":"ListItem","position":1,"name":"Startseite","item":"https:\/\/www.petitecamarguealsacienne.com\/de\/"},{"@type":"ListItem","position":2,"name":"Naturreservat","item":"https:\/\/www.petitecamarguealsacienne.com\/de\/naturreservat\/"},{"@type":"ListItem","position":3,"name":"Anfahrt"}]},{"@type":"WebSite","@id":"https:\/\/www.petitecamarguealsacienne.com\/de\/#website","url":"https:\/\/www.petitecamarguealsacienne.com\/de\/","name":"La Petite Camargue Alsacienne","description":"R\u00e9serve Naturelle au c\u0153ur de la plaine rh\u00e9nane alluviale","publisher":{"@id":"https:\/\/www.petitecamarguealsacienne.com\/de\/#organization"},"alternateName":"PCA","potentialAction":[{"@type":"SearchAction","target":{"@type":"EntryPoint","urlTemplate":"https:\/\/www.petitecamarguealsacienne.com\/de\/?s={search_term_string}"},"query-input":{"@type":"PropertyValueSpecification","valueRequired":true,"valueName":"search_term_string"}}],"inLanguage":"de"},{"@type":"Organization","@id":"https:\/\/www.petitecamarguealsacienne.com\/de\/#organization","name":"Petite Camargue Alsacienne","alternateName":"PCA","url":"https:\/\/www.petitecamarguealsacienne.com\/de\/","logo":{"@type":"ImageObject","inLanguage":"de","@id":"https:\/\/www.petitecamarguealsacienne.com\/de\/#\/schema\/logo\/image\/","url":"https:\/\/www.petitecamarguealsacienne.com\/wp-inside\/uploads\/2022\/10\/logo-petite-camargue-alsacienne.png","contentUrl":"https:\/\/www.petitecamarguealsacienne.com\/wp-inside\/uploads\/2022\/10\/logo-petite-camargue-alsacienne.png","width":194,"height":168,"caption":"Petite Camargue Alsacienne"},"image":{"@id":"https:\/\/www.petitecamarguealsacienne.com\/de\/#\/schema\/logo\/image\/"},"sameAs":["https:\/\/www.facebook.com\/people\/Petite-Camargue-Alsacienne\/100072042215750\/","https:\/\/www.flickr.com\/groups\/petitecamarguealsacienne\/"]}]}},"_links":{"self":[{"href":"https:\/\/www.petitecamarguealsacienne.com\/de\/wp-json\/wp\/v2\/pages\/3024","targetHints":{"allow":["GET"]}}],"collection":[{"href":"https:\/\/www.petitecamarguealsacienne.com\/de\/wp-json\/wp\/v2\/pages"}],"about":[{"href":"https:\/\/www.petitecamarguealsacienne.com\/de\/wp-json\/wp\/v2\/types\/page"}],"author":[{"embeddable":true,"href":"https:\/\/www.petitecamarguealsacienne.com\/de\/wp-json\/wp\/v2\/users\/4"}],"replies":[{"embeddable":true,"href":"https:\/\/www.petitecamarguealsacienne.com\/de\/wp-json\/wp\/v2\/comments?post=3024"}],"version-history":[{"count":5,"href":"https:\/\/www.petitecamarguealsacienne.com\/de\/wp-json\/wp\/v2\/pages\/3024\/revisions"}],"predecessor-version":[{"id":3806,"href":"https:\/\/www.petitecamarguealsacienne.com\/de\/wp-json\/wp\/v2\/pages\/3024\/revisions\/3806"}],"up":[{"embeddable":true,"href":"https:\/\/www.petitecamarguealsacienne.com\/de\/wp-json\/wp\/v2\/pages\/3144"}],"wp:featuredmedia":[{"embeddable":true,"href":"https:\/\/www.petitecamarguealsacienne.com\/de\/wp-json\/wp\/v2\/media\/1609"}],"wp:attachment":[{"href":"https:\/\/www.petitecamarguealsacienne.com\/de\/wp-json\/wp\/v2\/media?parent=3024"}],"curies":[{"name":"wp","href":"https:\/\/api.w.org\/{rel}","templated":true}]}}