{"id":2986,"date":"2022-07-12T11:19:35","date_gmt":"2022-07-12T09:19:35","guid":{"rendered":"https:\/\/www.petitecamarguealsacienne.com\/boutique\/"},"modified":"2023-08-04T08:57:29","modified_gmt":"2023-08-04T06:57:29","slug":"boutique","status":"publish","type":"page","link":"https:\/\/www.petitecamarguealsacienne.com\/de\/verein\/boutique\/","title":{"rendered":"Unsere Boutique"},"content":{"rendered":"<div class=\"wp-post-content\"><!-- zone:zn_pagebanner [0] --><br \/>\n\t\t<!-- \/zone:zn_pagebanner [0] --><br \/>\n<!-- zone:zn_text [1] --><\/p>\n<h2>Empfangsbereich und Informationstafeln<\/h2>\n<p>Sie finden in unserer Boutique Informationen \u00fcber die laufende Aktionen und Wander- und Wegekarten, damit Sie die Geheimnisse des Naturschutzgebiets ungest\u00f6rt f\u00fcr sich entdecken k\u00f6nnen.<\/p>\n<p>Eine kleine Pause muss sein! Bevor Sie das Naturschutzgebiet erwandern, g\u00f6nnen Sie sich doch in unserer Kaffeeecke eine Erfrischung in Form von kalten oder warmen Getr\u00e4nken und Geb\u00e4ck.<br \/>\nKein Restaurantbetrieb vor Ort.<\/p>\n<h2>Eingang zum Museum<\/h2>\n<p>In den langgestreckten historischen Geb\u00e4uden der ehemaligen kaiserlichen Fischzucht sind die <a href=\"https:\/\/www.petitecamarguealsacienne.com\/de\/dauerausstellungen\/\">Dauerausstellungen untergebracht<\/a>. Der Zugang erfolgt \u00fcber die Museumsboutique.<\/p>\n<p>Sie k\u00f6nnen hier auch einen MuseumsPASS erwerben, der ein Jahr g\u00fcltig ist. Er bietet freien Eintritt in \u00fcber 350 Museen im Oberrhein-Gebiet (Elsass\/Moselle, Baden-W\u00fcrttemberg, Kanton Basel Stadt und Baselland) darunter auch die Ausstellung \u00ab M\u00e9moire de Saumon \u00bb.<\/p>\n<h2>\u00d6ffnungszeiten:<\/h2>\n<ul>\n<li>M\u00e4rz bis Oktober: Samstags von 13h30 \u2013 17h30, Sonntags und an Feiertagen von 10h00 bis 12h30 und von 13h30 bis 17h30.<\/li>\n<li>Juni: zus\u00e4tzlich ge\u00f6ffnet jeweils Mittwoch und Donnerstag von 13h30 bis 17h30.<\/li>\n<li>Juli und August: zus\u00e4tzlich ge\u00f6ffnet jeweils Mittwoch, Donnerstag und Freitag von 13h30 bis 17h30.<\/li>\n<\/ul>\n<p>\t\t\t<!-- \/zone:zn_text [1] --><br \/>\n<!-- zone:zn_text [2] --><\/p>\n<h2>Angebote<\/h2>\n<p style=\"text-align: center;\">Wir bieten eine Auswahl an Produkten an, welche die Natur und ihre Heilkr\u00e4fte in den Mittelpunkt stellen. Der Erl\u00f6s kommt Bildungsma\u00dfnahmen f\u00fcr den Natur- und Umweltschutz zugute.<\/p>\n<p>\t\t\t<!-- \/zone:zn_text [2] -->\n<\/div>\n","protected":false},"excerpt":{"rendered":"<p>Lokale Produkte, Naturf\u00fchrer, Jugendb\u00fccher, Postkarten&#8230; Hier finden Sie alles, was das Herz von Gro\u00df und Klein begehrt!<\/p>\n","protected":false},"author":4,"featured_media":2392,"parent":3524,"menu_order":20,"comment_status":"closed","ping_status":"closed","template":"","meta":{"_acf_changed":false,"footnotes":""},"class_list":["post-2986","page","type-page","status-publish","has-post-thumbnail","hentry","wp-sticky"],"acf":[],"yoast_head":"<!-- This site is optimized with the Yoast SEO plugin v27.5 - https:\/\/yoast.com\/product\/yoast-seo-wordpress\/ -->\n<title>Boutique Naturschutzgebiete Elsass | La Petite Camargue Alsacienne<\/title>\n<meta name=\"description\" content=\"Entdecken Sie unsere Produkte: Postkarten, Wanderkarten, Bildb\u00e4nde, Dekoartikel, Stofftiere\u2026\" \/>\n<meta name=\"robots\" content=\"index, follow, max-snippet:-1, max-image-preview:large, max-video-preview:-1\" \/>\n<link rel=\"canonical\" href=\"https:\/\/www.petitecamarguealsacienne.com\/de\/verein\/boutique\/\" \/>\n<meta property=\"og:locale\" content=\"de_DE\" \/>\n<meta property=\"og:type\" content=\"article\" \/>\n<meta property=\"og:title\" content=\"Boutique Naturschutzgebiete Elsass | La Petite Camargue Alsacienne\" \/>\n<meta property=\"og:description\" content=\"Entdecken Sie unsere Produkte: Postkarten, Wanderkarten, Bildb\u00e4nde, Dekoartikel, Stofftiere\u2026\" \/>\n<meta property=\"og:url\" content=\"https:\/\/www.petitecamarguealsacienne.com\/de\/verein\/boutique\/\" \/>\n<meta property=\"og:site_name\" content=\"La Petite Camargue Alsacienne\" \/>\n<meta property=\"article:publisher\" content=\"https:\/\/www.facebook.com\/people\/Petite-Camargue-Alsacienne\/100072042215750\/\" \/>\n<meta property=\"article:modified_time\" content=\"2023-08-04T06:57:29+00:00\" \/>\n<meta property=\"og:image\" content=\"https:\/\/www.petitecamarguealsacienne.com\/wp-inside\/uploads\/2023\/03\/boutique-pca.jpg\" \/>\n\t<meta property=\"og:image:width\" content=\"2048\" \/>\n\t<meta property=\"og:image:height\" content=\"1152\" \/>\n\t<meta property=\"og:image:type\" content=\"image\/jpeg\" \/>\n<meta name=\"twitter:card\" content=\"summary_large_image\" \/>\n<script type=\"application\/ld+json\" class=\"yoast-schema-graph\">{\"@context\":\"https:\\\/\\\/schema.org\",\"@graph\":[{\"@type\":\"WebPage\",\"@id\":\"https:\\\/\\\/www.petitecamarguealsacienne.com\\\/de\\\/verein\\\/boutique\\\/\",\"url\":\"https:\\\/\\\/www.petitecamarguealsacienne.com\\\/de\\\/verein\\\/boutique\\\/\",\"name\":\"Boutique Naturschutzgebiete Elsass\",\"isPartOf\":{\"@id\":\"https:\\\/\\\/www.petitecamarguealsacienne.com\\\/de\\\/#website\"},\"primaryImageOfPage\":{\"@id\":\"https:\\\/\\\/www.petitecamarguealsacienne.com\\\/de\\\/verein\\\/boutique\\\/#primaryimage\"},\"image\":{\"@id\":\"https:\\\/\\\/www.petitecamarguealsacienne.com\\\/de\\\/verein\\\/boutique\\\/#primaryimage\"},\"thumbnailUrl\":\"https:\\\/\\\/www.petitecamarguealsacienne.com\\\/wp-inside\\\/uploads\\\/2023\\\/03\\\/boutique-pca.jpg\",\"datePublished\":\"2022-07-12T09:19:35+00:00\",\"dateModified\":\"2023-08-04T06:57:29+00:00\",\"description\":\"Entdecken Sie unsere Produkte: Postkarten, Wanderkarten, Bildb\u00e4nde, Dekoartikel, Stofftiere\u2026\",\"breadcrumb\":{\"@id\":\"https:\\\/\\\/www.petitecamarguealsacienne.com\\\/de\\\/verein\\\/boutique\\\/#breadcrumb\"},\"inLanguage\":\"de\",\"potentialAction\":[{\"@type\":\"ReadAction\",\"target\":[\"https:\\\/\\\/www.petitecamarguealsacienne.com\\\/de\\\/verein\\\/boutique\\\/\"]}]},{\"@type\":\"ImageObject\",\"inLanguage\":\"de\",\"@id\":\"https:\\\/\\\/www.petitecamarguealsacienne.com\\\/de\\\/verein\\\/boutique\\\/#primaryimage\",\"url\":\"https:\\\/\\\/www.petitecamarguealsacienne.com\\\/wp-inside\\\/uploads\\\/2023\\\/03\\\/boutique-pca.jpg\",\"contentUrl\":\"https:\\\/\\\/www.petitecamarguealsacienne.com\\\/wp-inside\\\/uploads\\\/2023\\\/03\\\/boutique-pca.jpg\",\"width\":2048,\"height\":1152,\"caption\":\"Boutique Petite Camargue Alsacienne, artisanat et d\u00e9co\"},{\"@type\":\"BreadcrumbList\",\"@id\":\"https:\\\/\\\/www.petitecamarguealsacienne.com\\\/de\\\/verein\\\/boutique\\\/#breadcrumb\",\"itemListElement\":[{\"@type\":\"ListItem\",\"position\":1,\"name\":\"Startseite\",\"item\":\"https:\\\/\\\/www.petitecamarguealsacienne.com\\\/de\\\/\"},{\"@type\":\"ListItem\",\"position\":2,\"name\":\"Der Verein\",\"item\":\"https:\\\/\\\/www.petitecamarguealsacienne.com\\\/de\\\/verein\\\/\"},{\"@type\":\"ListItem\",\"position\":3,\"name\":\"Unsere Boutique\"}]},{\"@type\":\"WebSite\",\"@id\":\"https:\\\/\\\/www.petitecamarguealsacienne.com\\\/de\\\/#website\",\"url\":\"https:\\\/\\\/www.petitecamarguealsacienne.com\\\/de\\\/\",\"name\":\"La Petite Camargue Alsacienne\",\"description\":\"R\u00e9serve Naturelle au c\u0153ur de la plaine rh\u00e9nane alluviale\",\"publisher\":{\"@id\":\"https:\\\/\\\/www.petitecamarguealsacienne.com\\\/de\\\/#organization\"},\"alternateName\":\"PCA\",\"potentialAction\":[{\"@type\":\"SearchAction\",\"target\":{\"@type\":\"EntryPoint\",\"urlTemplate\":\"https:\\\/\\\/www.petitecamarguealsacienne.com\\\/de\\\/?s={search_term_string}\"},\"query-input\":{\"@type\":\"PropertyValueSpecification\",\"valueRequired\":true,\"valueName\":\"search_term_string\"}}],\"inLanguage\":\"de\"},{\"@type\":\"Organization\",\"@id\":\"https:\\\/\\\/www.petitecamarguealsacienne.com\\\/de\\\/#organization\",\"name\":\"Petite Camargue Alsacienne\",\"alternateName\":\"PCA\",\"url\":\"https:\\\/\\\/www.petitecamarguealsacienne.com\\\/de\\\/\",\"logo\":{\"@type\":\"ImageObject\",\"inLanguage\":\"de\",\"@id\":\"https:\\\/\\\/www.petitecamarguealsacienne.com\\\/de\\\/#\\\/schema\\\/logo\\\/image\\\/\",\"url\":\"https:\\\/\\\/www.petitecamarguealsacienne.com\\\/wp-inside\\\/uploads\\\/2022\\\/10\\\/logo-petite-camargue-alsacienne.png\",\"contentUrl\":\"https:\\\/\\\/www.petitecamarguealsacienne.com\\\/wp-inside\\\/uploads\\\/2022\\\/10\\\/logo-petite-camargue-alsacienne.png\",\"width\":194,\"height\":168,\"caption\":\"Petite Camargue Alsacienne\"},\"image\":{\"@id\":\"https:\\\/\\\/www.petitecamarguealsacienne.com\\\/de\\\/#\\\/schema\\\/logo\\\/image\\\/\"},\"sameAs\":[\"https:\\\/\\\/www.facebook.com\\\/people\\\/Petite-Camargue-Alsacienne\\\/100072042215750\\\/\",\"https:\\\/\\\/www.flickr.com\\\/groups\\\/petitecamarguealsacienne\\\/\"]}]}<\/script>\n<!-- \/ Yoast SEO plugin. -->","yoast_head_json":{"title":"Boutique Naturschutzgebiete Elsass | La Petite Camargue Alsacienne","description":"Entdecken Sie unsere Produkte: Postkarten, Wanderkarten, Bildb\u00e4nde, Dekoartikel, Stofftiere\u2026","robots":{"index":"index","follow":"follow","max-snippet":"max-snippet:-1","max-image-preview":"max-image-preview:large","max-video-preview":"max-video-preview:-1"},"canonical":"https:\/\/www.petitecamarguealsacienne.com\/de\/verein\/boutique\/","og_locale":"de_DE","og_type":"article","og_title":"Boutique Naturschutzgebiete Elsass | La Petite Camargue Alsacienne","og_description":"Entdecken Sie unsere Produkte: Postkarten, Wanderkarten, Bildb\u00e4nde, Dekoartikel, Stofftiere\u2026","og_url":"https:\/\/www.petitecamarguealsacienne.com\/de\/verein\/boutique\/","og_site_name":"La Petite Camargue Alsacienne","article_publisher":"https:\/\/www.facebook.com\/people\/Petite-Camargue-Alsacienne\/100072042215750\/","article_modified_time":"2023-08-04T06:57:29+00:00","og_image":[{"width":2048,"height":1152,"url":"https:\/\/www.petitecamarguealsacienne.com\/wp-inside\/uploads\/2023\/03\/boutique-pca.jpg","type":"image\/jpeg"}],"twitter_card":"summary_large_image","schema":{"@context":"https:\/\/schema.org","@graph":[{"@type":"WebPage","@id":"https:\/\/www.petitecamarguealsacienne.com\/de\/verein\/boutique\/","url":"https:\/\/www.petitecamarguealsacienne.com\/de\/verein\/boutique\/","name":"Boutique Naturschutzgebiete Elsass","isPartOf":{"@id":"https:\/\/www.petitecamarguealsacienne.com\/de\/#website"},"primaryImageOfPage":{"@id":"https:\/\/www.petitecamarguealsacienne.com\/de\/verein\/boutique\/#primaryimage"},"image":{"@id":"https:\/\/www.petitecamarguealsacienne.com\/de\/verein\/boutique\/#primaryimage"},"thumbnailUrl":"https:\/\/www.petitecamarguealsacienne.com\/wp-inside\/uploads\/2023\/03\/boutique-pca.jpg","datePublished":"2022-07-12T09:19:35+00:00","dateModified":"2023-08-04T06:57:29+00:00","description":"Entdecken Sie unsere Produkte: Postkarten, Wanderkarten, Bildb\u00e4nde, Dekoartikel, Stofftiere\u2026","breadcrumb":{"@id":"https:\/\/www.petitecamarguealsacienne.com\/de\/verein\/boutique\/#breadcrumb"},"inLanguage":"de","potentialAction":[{"@type":"ReadAction","target":["https:\/\/www.petitecamarguealsacienne.com\/de\/verein\/boutique\/"]}]},{"@type":"ImageObject","inLanguage":"de","@id":"https:\/\/www.petitecamarguealsacienne.com\/de\/verein\/boutique\/#primaryimage","url":"https:\/\/www.petitecamarguealsacienne.com\/wp-inside\/uploads\/2023\/03\/boutique-pca.jpg","contentUrl":"https:\/\/www.petitecamarguealsacienne.com\/wp-inside\/uploads\/2023\/03\/boutique-pca.jpg","width":2048,"height":1152,"caption":"Boutique Petite Camargue Alsacienne, artisanat et d\u00e9co"},{"@type":"BreadcrumbList","@id":"https:\/\/www.petitecamarguealsacienne.com\/de\/verein\/boutique\/#breadcrumb","itemListElement":[{"@type":"ListItem","position":1,"name":"Startseite","item":"https:\/\/www.petitecamarguealsacienne.com\/de\/"},{"@type":"ListItem","position":2,"name":"Der Verein","item":"https:\/\/www.petitecamarguealsacienne.com\/de\/verein\/"},{"@type":"ListItem","position":3,"name":"Unsere Boutique"}]},{"@type":"WebSite","@id":"https:\/\/www.petitecamarguealsacienne.com\/de\/#website","url":"https:\/\/www.petitecamarguealsacienne.com\/de\/","name":"La Petite Camargue Alsacienne","description":"R\u00e9serve Naturelle au c\u0153ur de la plaine rh\u00e9nane alluviale","publisher":{"@id":"https:\/\/www.petitecamarguealsacienne.com\/de\/#organization"},"alternateName":"PCA","potentialAction":[{"@type":"SearchAction","target":{"@type":"EntryPoint","urlTemplate":"https:\/\/www.petitecamarguealsacienne.com\/de\/?s={search_term_string}"},"query-input":{"@type":"PropertyValueSpecification","valueRequired":true,"valueName":"search_term_string"}}],"inLanguage":"de"},{"@type":"Organization","@id":"https:\/\/www.petitecamarguealsacienne.com\/de\/#organization","name":"Petite Camargue Alsacienne","alternateName":"PCA","url":"https:\/\/www.petitecamarguealsacienne.com\/de\/","logo":{"@type":"ImageObject","inLanguage":"de","@id":"https:\/\/www.petitecamarguealsacienne.com\/de\/#\/schema\/logo\/image\/","url":"https:\/\/www.petitecamarguealsacienne.com\/wp-inside\/uploads\/2022\/10\/logo-petite-camargue-alsacienne.png","contentUrl":"https:\/\/www.petitecamarguealsacienne.com\/wp-inside\/uploads\/2022\/10\/logo-petite-camargue-alsacienne.png","width":194,"height":168,"caption":"Petite Camargue Alsacienne"},"image":{"@id":"https:\/\/www.petitecamarguealsacienne.com\/de\/#\/schema\/logo\/image\/"},"sameAs":["https:\/\/www.facebook.com\/people\/Petite-Camargue-Alsacienne\/100072042215750\/","https:\/\/www.flickr.com\/groups\/petitecamarguealsacienne\/"]}]}},"_links":{"self":[{"href":"https:\/\/www.petitecamarguealsacienne.com\/de\/wp-json\/wp\/v2\/pages\/2986","targetHints":{"allow":["GET"]}}],"collection":[{"href":"https:\/\/www.petitecamarguealsacienne.com\/de\/wp-json\/wp\/v2\/pages"}],"about":[{"href":"https:\/\/www.petitecamarguealsacienne.com\/de\/wp-json\/wp\/v2\/types\/page"}],"author":[{"embeddable":true,"href":"https:\/\/www.petitecamarguealsacienne.com\/de\/wp-json\/wp\/v2\/users\/4"}],"replies":[{"embeddable":true,"href":"https:\/\/www.petitecamarguealsacienne.com\/de\/wp-json\/wp\/v2\/comments?post=2986"}],"version-history":[{"count":8,"href":"https:\/\/www.petitecamarguealsacienne.com\/de\/wp-json\/wp\/v2\/pages\/2986\/revisions"}],"predecessor-version":[{"id":4092,"href":"https:\/\/www.petitecamarguealsacienne.com\/de\/wp-json\/wp\/v2\/pages\/2986\/revisions\/4092"}],"up":[{"embeddable":true,"href":"https:\/\/www.petitecamarguealsacienne.com\/de\/wp-json\/wp\/v2\/pages\/3524"}],"wp:featuredmedia":[{"embeddable":true,"href":"https:\/\/www.petitecamarguealsacienne.com\/de\/wp-json\/wp\/v2\/media\/2392"}],"wp:attachment":[{"href":"https:\/\/www.petitecamarguealsacienne.com\/de\/wp-json\/wp\/v2\/media?parent=2986"}],"curies":[{"name":"wp","href":"https:\/\/api.w.org\/{rel}","templated":true}]}}