{"id":2985,"date":"2022-11-17T17:24:44","date_gmt":"2022-11-17T16:24:44","guid":{"rendered":"https:\/\/www.petitecamarguealsacienne.com\/activite-piscicole\/"},"modified":"2024-11-12T17:19:10","modified_gmt":"2024-11-12T16:19:10","slug":"fischaktivitaet","status":"publish","type":"page","link":"https:\/\/www.petitecamarguealsacienne.com\/de\/fischzucht\/fischaktivitaet\/","title":{"rendered":"Fischaktivit\u00e4t"},"content":{"rendered":"<div class=\"wp-post-content\"><!-- zone:zn_pagebanner [0] --><br \/>\n\t\t<!-- \/zone:zn_pagebanner [0] --><br \/>\n<!-- zone:zn_text_img [1] --><\/p>\n<h2>Die Aufzucht von Lachsen aus dem Rhein<\/h2>\n<p>Um Jungfische zu z\u00fcchten, die ihren genetischen Ursprung im \u201e<strong>Rhein<\/strong>\u201c haben, h\u00e4lt die Lachsaufzucht in der Petite Camargue Elterntiere, die in geschlossenen w\u00e4rmeregulierten S\u00fc\u00dfwasserbecken gehalten werden. Diese Elterntiere, die unter der Bezeichnung &#8220; Reproduzenten unter Verschluss F1&#8243; bezeichnet werden, stammen aus einem kleinen Teil der erwachsenen Wildlachse, die jedes Jahr den Rhein zum Laichen hinaufwandern und auf H\u00f6he der Fischtreppen von Gambsheim und Iffezheim gefangen werden.<\/p>\n<p>Die nat\u00fcrliche Vermehrung der r\u00fcckkehrenden wilden Lachse ist oberste Priorit\u00e4t. Deshalb m\u00fcssen diese Elterntiere momentan noch in Aufzuchtbecken gehalten werden, um gen\u00fcgend Fischeier f\u00fcr das <a href=\"https:\/\/www.iksr.org\/fr\/\" target=\"_blank\" rel=\"noopener\">Programm Lachs 2040<\/a>\u00a0zu erhalten.<\/p>\n<p>Diese Fische werden drei Jahre lang in S\u00fc\u00dfwasser gehalten. Wilde Lachse hingegen k\u00f6nnen zur\u00fcck in das Salzwasser der Nordsee wandern. Diese erste Generation (F1) vererbt dennoch den \u201e<strong>Wanderinstinkt<\/strong>\u201c an seine Nachkommenschaft. Das von ihr <strong>\u00fcbertragene Erbgut<\/strong> ist deshalb besonders sch\u00fctzenswert.<\/p>\n<p><!-- \/zone:zn_text_img [1] --><br \/>\n<!-- zone:zn_list_accordion [2] --><\/p>\n<h2>Ausbr\u00fcten der Fischeier<\/h2>\n<h3>1. K\u00fcnstliche Reproduktion der Elterntiere<\/h3>\n<p>Die Reproduktion der Elterntiere findet unter Ber\u00fccksichtigung des nat\u00fcrlichen Laichrhythmus <strong>Ende November und im Dezember<\/strong> (Jahr n) statt. Das Abstreifen der Eier bringt die Tiere nicht in Gefahr. Es findet unter Narkose statt, um den Stress f\u00fcr die Fische zu reduzieren. Die Eier und Samenzellen werden getrennt gesammelt und anschlie\u00dfend vermischt. <strong>Hierdurch findet die Befruchtung statt<\/strong>.<\/p>\n<h3>2. Das Ausbr\u00fcten der Fischeier<\/h3>\n<p>Die befruchteten Eier werden in <strong>Brutk\u00f6rben<\/strong> in 8\u00b0 bis 10\u00b0 Grad warmem Wasser gehalten.<br \/>\nNach ca. einem Monat sind bereits die Augen der Embryonen sichtbar. Vierzehn Tage sp\u00e4ter, im Januar \/Februar brechen die Eier auf.<\/p>\n<h3>3. Aufzucht der Larven und Anf\u00fcttern<\/h3>\n<p>Die Larven bleiben ungef\u00e4hr 40 Tage ohne Nahrungsaufnahme im 10 Grad warmen Wasser, gesch\u00fctzt zwischen den St\u00e4bchen der Noppenmatte. Die Larven ern\u00e4hren sich ausschlie\u00dflich aus der Reserve ihres gelb-orangefarbenen Dottersacks, das sie unter ihrem Bauch tragen. Nach und nach werden diese Reserven aufgebraucht, der Dottersack nimmt an Volumen ab und bildet sich vollst\u00e4ndig zur\u00fcck: dies ist die sogenannte <strong>Resorption<\/strong><\/p>\n<h3>4. Anf\u00fctterung der Jungtiere<\/h3>\n<p>Die Larven mit resorbierten Dotters\u00e4cken (vor F\u00fctterung) und die angef\u00fctterten Jungfische werden zwischen April und Juli freibelassen; dabei sind sie zwischen vier und 6 cm gro\u00df.<br \/>\nDie Jungfische werden sehr fr\u00fchzeitig in die Natur entlassen, um sie nicht durch eine zu lange Anzuchtphase zu domestizieren. Dies erm\u00f6glicht es den Alevin-Junglachsen sich an die chemische Zusammensetzung des Flusswassers zu gew\u00f6hnen. So k\u00f6nnen sie sp\u00e4ter bei ihrer gro\u00dfen Wanderung zur\u00fcck zum Meer die Flussm\u00fcndung wieder finden.<\/p>\n<p>Im Fluss nehmen die Junglachse nach und nach die silbrige Farbe der Meeresfische an. Ein wesentliches Kriterium f\u00fcr eine erfolgreiche R\u00fcckkehr ins Meer ist die K\u00f6rpergr\u00f6\u00dfe. Misst ein Lachs im Fr\u00fchjahr des \u00fcbern\u00e4chsten Jahres nicht mindestens 12 cm, so wird er den Fluss nicht stromabw\u00e4rts wandern k\u00f6nnen und muss noch ein Jahr im Fluss verbringen. Er wird dann also auf ein Hochwasser im n\u00e4chsten Fr\u00fchjahr warten, das ihm helfen wird, ins Meer zu gelangen.<\/p>\n<p>\t<!-- \/zone:zn_list_accordion [2] --><br \/>\n<!-- zone:zn_text_img [4] --><\/p>\n<h2>Zus\u00e4tzliche Aktivit\u00e4ten<\/h2>\n<p>Die Fischzucht ist gleichzeitig eine Versuchseinrichtung. Hier werden z.B. Versuchsprotokolle erstellt, um die genetische Zugeh\u00f6rigkeit der Lachse nachzuverfolgen. Diese Forschungsarbeit wurde durch unsere Schweizer Partner initiiert und konnte inzwischen auf Frankreich und Deutschland ausgeweitet werden.<\/p>\n<p>In Partnerschaft mit dem Verein Saumon-Rhin werden Daten zu den Wanderbewegungen der Lachse gesammelt und auf H\u00f6he der Fischtreppe des von EDF betriebenen Kraftwerk K am M\u00e4rkter Stauwehr w\u00f6chentlich registriert.<\/p>\n<p>In der Aufzuchtstation der Petite Camargue ist auch einen Teil des Zuchtprogramms f\u00fcr die kleine europ\u00e4ische Sumpfschildkr\u00f6te angesiedelt.<\/p>\n<p>Bestehende Aufzuchtanlagen werden instandgehalten und neue installiert.<\/p>\n<p><!-- \/zone:zn_text_img [4] -->\n<\/div>\n","protected":false},"excerpt":{"rendered":"<p>Die Pisciculture Imp\u00e9riale hat ihre urspr\u00fcngliche Bestimmung wiedergefunden: die Aufzucht von Atlantischem Lachs f\u00fcr den Besatz des Rheins und seiner Nebenfl\u00fcsse. <\/p>\n","protected":false},"author":4,"featured_media":1294,"parent":3740,"menu_order":10,"comment_status":"closed","ping_status":"closed","template":"","meta":{"_acf_changed":false,"footnotes":""},"class_list":["post-2985","page","type-page","status-publish","has-post-thumbnail","hentry","wp-sticky"],"acf":[],"yoast_head":"<!-- This site is optimized with the Yoast SEO plugin v27.4 - https:\/\/yoast.com\/product\/yoast-seo-wordpress\/ -->\n<title>Fischzucht, Lachsaufzucht Elsass | La Petite Camargue Alsacienne<\/title>\n<meta name=\"description\" content=\"Reproduktion, Befruchtung, Aufzucht und Aussetzen in der Natur: Erleben Sie das gro\u00dfe Abenteuer der Lachse im Rhein! \ud83d\udc1f\" \/>\n<meta name=\"robots\" content=\"index, follow, max-snippet:-1, max-image-preview:large, max-video-preview:-1\" \/>\n<link rel=\"canonical\" href=\"https:\/\/www.petitecamarguealsacienne.com\/de\/fischzucht\/fischaktivitaet\/\" \/>\n<meta property=\"og:locale\" content=\"de_DE\" \/>\n<meta property=\"og:type\" content=\"article\" \/>\n<meta property=\"og:title\" content=\"Fischzucht, Lachsaufzucht Elsass | La Petite Camargue Alsacienne\" \/>\n<meta property=\"og:description\" content=\"Reproduktion, Befruchtung, Aufzucht und Aussetzen in der Natur: Erleben Sie das gro\u00dfe Abenteuer der Lachse im Rhein! \ud83d\udc1f\" \/>\n<meta property=\"og:url\" content=\"https:\/\/www.petitecamarguealsacienne.com\/de\/fischzucht\/fischaktivitaet\/\" \/>\n<meta property=\"og:site_name\" content=\"La Petite Camargue Alsacienne\" \/>\n<meta property=\"article:publisher\" content=\"https:\/\/www.facebook.com\/people\/Petite-Camargue-Alsacienne\/100072042215750\/\" \/>\n<meta property=\"article:modified_time\" content=\"2024-11-12T16:19:10+00:00\" \/>\n<meta property=\"og:image\" content=\"https:\/\/www.petitecamarguealsacienne.com\/wp-inside\/uploads\/2022\/12\/geniteurs-saumons-circuit-ferme.jpg\" \/>\n\t<meta property=\"og:image:width\" content=\"800\" \/>\n\t<meta property=\"og:image:height\" content=\"600\" \/>\n\t<meta property=\"og:image:type\" content=\"image\/jpeg\" \/>\n<meta name=\"twitter:card\" content=\"summary_large_image\" \/>\n<meta name=\"twitter:label1\" content=\"Gesch\u00e4tzte Lesezeit\" \/>\n\t<meta name=\"twitter:data1\" content=\"3\u00a0Minuten\" \/>\n<script type=\"application\/ld+json\" class=\"yoast-schema-graph\">{\"@context\":\"https:\\\/\\\/schema.org\",\"@graph\":[{\"@type\":\"WebPage\",\"@id\":\"https:\\\/\\\/www.petitecamarguealsacienne.com\\\/de\\\/fischzucht\\\/fischaktivitaet\\\/\",\"url\":\"https:\\\/\\\/www.petitecamarguealsacienne.com\\\/de\\\/fischzucht\\\/fischaktivitaet\\\/\",\"name\":\"Fischzucht, Lachsaufzucht Elsass\",\"isPartOf\":{\"@id\":\"https:\\\/\\\/www.petitecamarguealsacienne.com\\\/de\\\/#website\"},\"primaryImageOfPage\":{\"@id\":\"https:\\\/\\\/www.petitecamarguealsacienne.com\\\/de\\\/fischzucht\\\/fischaktivitaet\\\/#primaryimage\"},\"image\":{\"@id\":\"https:\\\/\\\/www.petitecamarguealsacienne.com\\\/de\\\/fischzucht\\\/fischaktivitaet\\\/#primaryimage\"},\"thumbnailUrl\":\"https:\\\/\\\/www.petitecamarguealsacienne.com\\\/wp-inside\\\/uploads\\\/2022\\\/12\\\/geniteurs-saumons-circuit-ferme.jpg\",\"datePublished\":\"2022-11-17T16:24:44+00:00\",\"dateModified\":\"2024-11-12T16:19:10+00:00\",\"description\":\"Reproduktion, Befruchtung, Aufzucht und Aussetzen in der Natur: Erleben Sie das gro\u00dfe Abenteuer der Lachse im Rhein! \ud83d\udc1f\",\"breadcrumb\":{\"@id\":\"https:\\\/\\\/www.petitecamarguealsacienne.com\\\/de\\\/fischzucht\\\/fischaktivitaet\\\/#breadcrumb\"},\"inLanguage\":\"de\",\"potentialAction\":[{\"@type\":\"ReadAction\",\"target\":[\"https:\\\/\\\/www.petitecamarguealsacienne.com\\\/de\\\/fischzucht\\\/fischaktivitaet\\\/\"]}]},{\"@type\":\"ImageObject\",\"inLanguage\":\"de\",\"@id\":\"https:\\\/\\\/www.petitecamarguealsacienne.com\\\/de\\\/fischzucht\\\/fischaktivitaet\\\/#primaryimage\",\"url\":\"https:\\\/\\\/www.petitecamarguealsacienne.com\\\/wp-inside\\\/uploads\\\/2022\\\/12\\\/geniteurs-saumons-circuit-ferme.jpg\",\"contentUrl\":\"https:\\\/\\\/www.petitecamarguealsacienne.com\\\/wp-inside\\\/uploads\\\/2022\\\/12\\\/geniteurs-saumons-circuit-ferme.jpg\",\"width\":800,\"height\":600,\"caption\":\"geniteurs saumon pisciculture alsace\"},{\"@type\":\"BreadcrumbList\",\"@id\":\"https:\\\/\\\/www.petitecamarguealsacienne.com\\\/de\\\/fischzucht\\\/fischaktivitaet\\\/#breadcrumb\",\"itemListElement\":[{\"@type\":\"ListItem\",\"position\":1,\"name\":\"Startseite\",\"item\":\"https:\\\/\\\/www.petitecamarguealsacienne.com\\\/de\\\/\"},{\"@type\":\"ListItem\",\"position\":2,\"name\":\"Fischzucht\",\"item\":\"https:\\\/\\\/www.petitecamarguealsacienne.com\\\/de\\\/fischzucht\\\/\"},{\"@type\":\"ListItem\",\"position\":3,\"name\":\"Fischaktivit\u00e4t\"}]},{\"@type\":\"WebSite\",\"@id\":\"https:\\\/\\\/www.petitecamarguealsacienne.com\\\/de\\\/#website\",\"url\":\"https:\\\/\\\/www.petitecamarguealsacienne.com\\\/de\\\/\",\"name\":\"La Petite Camargue Alsacienne\",\"description\":\"R\u00e9serve Naturelle au c\u0153ur de la plaine rh\u00e9nane alluviale\",\"publisher\":{\"@id\":\"https:\\\/\\\/www.petitecamarguealsacienne.com\\\/de\\\/#organization\"},\"alternateName\":\"PCA\",\"potentialAction\":[{\"@type\":\"SearchAction\",\"target\":{\"@type\":\"EntryPoint\",\"urlTemplate\":\"https:\\\/\\\/www.petitecamarguealsacienne.com\\\/de\\\/?s={search_term_string}\"},\"query-input\":{\"@type\":\"PropertyValueSpecification\",\"valueRequired\":true,\"valueName\":\"search_term_string\"}}],\"inLanguage\":\"de\"},{\"@type\":\"Organization\",\"@id\":\"https:\\\/\\\/www.petitecamarguealsacienne.com\\\/de\\\/#organization\",\"name\":\"Petite Camargue Alsacienne\",\"alternateName\":\"PCA\",\"url\":\"https:\\\/\\\/www.petitecamarguealsacienne.com\\\/de\\\/\",\"logo\":{\"@type\":\"ImageObject\",\"inLanguage\":\"de\",\"@id\":\"https:\\\/\\\/www.petitecamarguealsacienne.com\\\/de\\\/#\\\/schema\\\/logo\\\/image\\\/\",\"url\":\"https:\\\/\\\/www.petitecamarguealsacienne.com\\\/wp-inside\\\/uploads\\\/2022\\\/10\\\/logo-petite-camargue-alsacienne.png\",\"contentUrl\":\"https:\\\/\\\/www.petitecamarguealsacienne.com\\\/wp-inside\\\/uploads\\\/2022\\\/10\\\/logo-petite-camargue-alsacienne.png\",\"width\":194,\"height\":168,\"caption\":\"Petite Camargue Alsacienne\"},\"image\":{\"@id\":\"https:\\\/\\\/www.petitecamarguealsacienne.com\\\/de\\\/#\\\/schema\\\/logo\\\/image\\\/\"},\"sameAs\":[\"https:\\\/\\\/www.facebook.com\\\/people\\\/Petite-Camargue-Alsacienne\\\/100072042215750\\\/\",\"https:\\\/\\\/www.flickr.com\\\/groups\\\/petitecamarguealsacienne\\\/\"]}]}<\/script>\n<!-- \/ Yoast SEO plugin. -->","yoast_head_json":{"title":"Fischzucht, Lachsaufzucht Elsass | La Petite Camargue Alsacienne","description":"Reproduktion, Befruchtung, Aufzucht und Aussetzen in der Natur: Erleben Sie das gro\u00dfe Abenteuer der Lachse im Rhein! \ud83d\udc1f","robots":{"index":"index","follow":"follow","max-snippet":"max-snippet:-1","max-image-preview":"max-image-preview:large","max-video-preview":"max-video-preview:-1"},"canonical":"https:\/\/www.petitecamarguealsacienne.com\/de\/fischzucht\/fischaktivitaet\/","og_locale":"de_DE","og_type":"article","og_title":"Fischzucht, Lachsaufzucht Elsass | La Petite Camargue Alsacienne","og_description":"Reproduktion, Befruchtung, Aufzucht und Aussetzen in der Natur: Erleben Sie das gro\u00dfe Abenteuer der Lachse im Rhein! \ud83d\udc1f","og_url":"https:\/\/www.petitecamarguealsacienne.com\/de\/fischzucht\/fischaktivitaet\/","og_site_name":"La Petite Camargue Alsacienne","article_publisher":"https:\/\/www.facebook.com\/people\/Petite-Camargue-Alsacienne\/100072042215750\/","article_modified_time":"2024-11-12T16:19:10+00:00","og_image":[{"width":800,"height":600,"url":"https:\/\/www.petitecamarguealsacienne.com\/wp-inside\/uploads\/2022\/12\/geniteurs-saumons-circuit-ferme.jpg","type":"image\/jpeg"}],"twitter_card":"summary_large_image","twitter_misc":{"Gesch\u00e4tzte Lesezeit":"3\u00a0Minuten"},"schema":{"@context":"https:\/\/schema.org","@graph":[{"@type":"WebPage","@id":"https:\/\/www.petitecamarguealsacienne.com\/de\/fischzucht\/fischaktivitaet\/","url":"https:\/\/www.petitecamarguealsacienne.com\/de\/fischzucht\/fischaktivitaet\/","name":"Fischzucht, Lachsaufzucht Elsass","isPartOf":{"@id":"https:\/\/www.petitecamarguealsacienne.com\/de\/#website"},"primaryImageOfPage":{"@id":"https:\/\/www.petitecamarguealsacienne.com\/de\/fischzucht\/fischaktivitaet\/#primaryimage"},"image":{"@id":"https:\/\/www.petitecamarguealsacienne.com\/de\/fischzucht\/fischaktivitaet\/#primaryimage"},"thumbnailUrl":"https:\/\/www.petitecamarguealsacienne.com\/wp-inside\/uploads\/2022\/12\/geniteurs-saumons-circuit-ferme.jpg","datePublished":"2022-11-17T16:24:44+00:00","dateModified":"2024-11-12T16:19:10+00:00","description":"Reproduktion, Befruchtung, Aufzucht und Aussetzen in der Natur: Erleben Sie das gro\u00dfe Abenteuer der Lachse im Rhein! \ud83d\udc1f","breadcrumb":{"@id":"https:\/\/www.petitecamarguealsacienne.com\/de\/fischzucht\/fischaktivitaet\/#breadcrumb"},"inLanguage":"de","potentialAction":[{"@type":"ReadAction","target":["https:\/\/www.petitecamarguealsacienne.com\/de\/fischzucht\/fischaktivitaet\/"]}]},{"@type":"ImageObject","inLanguage":"de","@id":"https:\/\/www.petitecamarguealsacienne.com\/de\/fischzucht\/fischaktivitaet\/#primaryimage","url":"https:\/\/www.petitecamarguealsacienne.com\/wp-inside\/uploads\/2022\/12\/geniteurs-saumons-circuit-ferme.jpg","contentUrl":"https:\/\/www.petitecamarguealsacienne.com\/wp-inside\/uploads\/2022\/12\/geniteurs-saumons-circuit-ferme.jpg","width":800,"height":600,"caption":"geniteurs saumon pisciculture alsace"},{"@type":"BreadcrumbList","@id":"https:\/\/www.petitecamarguealsacienne.com\/de\/fischzucht\/fischaktivitaet\/#breadcrumb","itemListElement":[{"@type":"ListItem","position":1,"name":"Startseite","item":"https:\/\/www.petitecamarguealsacienne.com\/de\/"},{"@type":"ListItem","position":2,"name":"Fischzucht","item":"https:\/\/www.petitecamarguealsacienne.com\/de\/fischzucht\/"},{"@type":"ListItem","position":3,"name":"Fischaktivit\u00e4t"}]},{"@type":"WebSite","@id":"https:\/\/www.petitecamarguealsacienne.com\/de\/#website","url":"https:\/\/www.petitecamarguealsacienne.com\/de\/","name":"La Petite Camargue Alsacienne","description":"R\u00e9serve Naturelle au c\u0153ur de la plaine rh\u00e9nane alluviale","publisher":{"@id":"https:\/\/www.petitecamarguealsacienne.com\/de\/#organization"},"alternateName":"PCA","potentialAction":[{"@type":"SearchAction","target":{"@type":"EntryPoint","urlTemplate":"https:\/\/www.petitecamarguealsacienne.com\/de\/?s={search_term_string}"},"query-input":{"@type":"PropertyValueSpecification","valueRequired":true,"valueName":"search_term_string"}}],"inLanguage":"de"},{"@type":"Organization","@id":"https:\/\/www.petitecamarguealsacienne.com\/de\/#organization","name":"Petite Camargue Alsacienne","alternateName":"PCA","url":"https:\/\/www.petitecamarguealsacienne.com\/de\/","logo":{"@type":"ImageObject","inLanguage":"de","@id":"https:\/\/www.petitecamarguealsacienne.com\/de\/#\/schema\/logo\/image\/","url":"https:\/\/www.petitecamarguealsacienne.com\/wp-inside\/uploads\/2022\/10\/logo-petite-camargue-alsacienne.png","contentUrl":"https:\/\/www.petitecamarguealsacienne.com\/wp-inside\/uploads\/2022\/10\/logo-petite-camargue-alsacienne.png","width":194,"height":168,"caption":"Petite Camargue Alsacienne"},"image":{"@id":"https:\/\/www.petitecamarguealsacienne.com\/de\/#\/schema\/logo\/image\/"},"sameAs":["https:\/\/www.facebook.com\/people\/Petite-Camargue-Alsacienne\/100072042215750\/","https:\/\/www.flickr.com\/groups\/petitecamarguealsacienne\/"]}]}},"_links":{"self":[{"href":"https:\/\/www.petitecamarguealsacienne.com\/de\/wp-json\/wp\/v2\/pages\/2985","targetHints":{"allow":["GET"]}}],"collection":[{"href":"https:\/\/www.petitecamarguealsacienne.com\/de\/wp-json\/wp\/v2\/pages"}],"about":[{"href":"https:\/\/www.petitecamarguealsacienne.com\/de\/wp-json\/wp\/v2\/types\/page"}],"author":[{"embeddable":true,"href":"https:\/\/www.petitecamarguealsacienne.com\/de\/wp-json\/wp\/v2\/users\/4"}],"replies":[{"embeddable":true,"href":"https:\/\/www.petitecamarguealsacienne.com\/de\/wp-json\/wp\/v2\/comments?post=2985"}],"version-history":[{"count":7,"href":"https:\/\/www.petitecamarguealsacienne.com\/de\/wp-json\/wp\/v2\/pages\/2985\/revisions"}],"predecessor-version":[{"id":6369,"href":"https:\/\/www.petitecamarguealsacienne.com\/de\/wp-json\/wp\/v2\/pages\/2985\/revisions\/6369"}],"up":[{"embeddable":true,"href":"https:\/\/www.petitecamarguealsacienne.com\/de\/wp-json\/wp\/v2\/pages\/3740"}],"wp:featuredmedia":[{"embeddable":true,"href":"https:\/\/www.petitecamarguealsacienne.com\/de\/wp-json\/wp\/v2\/media\/1294"}],"wp:attachment":[{"href":"https:\/\/www.petitecamarguealsacienne.com\/de\/wp-json\/wp\/v2\/media?parent=2985"}],"curies":[{"name":"wp","href":"https:\/\/api.w.org\/{rel}","templated":true}]}}