{"id":2984,"date":"2022-11-17T17:25:51","date_gmt":"2022-11-17T16:25:51","guid":{"rendered":"https:\/\/www.petitecamarguealsacienne.com\/je-parraine-un-saumon\/"},"modified":"2025-08-21T17:54:55","modified_gmt":"2025-08-21T15:54:55","slug":"lachspatenschaft","status":"publish","type":"page","link":"https:\/\/www.petitecamarguealsacienne.com\/de\/fischzucht\/lachspatenschaft\/","title":{"rendered":"Werden Sie Lachspate!"},"content":{"rendered":"<div class=\"wp-post-content\"><!-- zone:zn_pagebanner [0] --><br \/>\n\t\t<!-- \/zone:zn_pagebanner [0] --><br \/>\n<!-- zone:zn_text_img [1] --><\/p>\n<h2>Ihre Vorteile<\/h2>\n<ul>\n<li>Sie werden zum Aussetzen der Lachse in den Altrhein eingeladen.<\/li>\n<li>Sie erhalten einen Spendenbescheid, mit dem Sie 66% ihrer Spende bis zu einer Obergrenze von 20% ihres zu versteuernden Gehalts absetzen k\u00f6nnen.<\/li>\n<\/ul>\n<p><!-- \/zone:zn_text_img [1] --><br \/>\n<!-- zone:zn_text [2] --><\/p>\n<h2>Sie haben zwei M\u00f6glichkeiten eine Lachspatenschaft zu \u00fcbernehmen: <\/h2>\n<h3><span style=\"font-weight: 400;\">1. Formular downloaden<\/span><\/h3>\n<p>ausf\u00fcllen und mit einem Scheck senden an :<\/p>\n<p>Petite Camargue Alsacienne<br \/>\n1 rue de la Pisciculture<br \/>\n68300 SAINT-LOUIS<\/p>\n<p><a class=\"button outline\" href=\"https:\/\/www.petitecamarguealsacienne.com\/wp-inside\/uploads\/2023\/03\/mitgliedschaft-lachs-2023-de.pdf\" target=\"_blank\" rel=\"noopener\"><span style=\"font-weight: 400;\">Formular Aktion Lachs (DE) herunterladen<\/span><\/a><br \/>\n<a class=\"button outline\" href=\"https:\/\/www.petitecamarguealsacienne.com\/wp-inside\/uploads\/2023\/03\/mitgliedschaft-lachs-2023-ch.pdf\" target=\"_blank\" rel=\"noopener\"><span style=\"font-weight: 400;\">Formular Aktion Lachs (CH) herunterladen<\/span><\/a><\/p>\n<h3><span style=\"font-weight: 400;\">2. Zahlen Sie mittels Online-Formular<\/span><span style=\"font-weight: 400;\"><br \/>\n<\/span><\/h3>\n<p>Die Bank Cr\u00e9dit Mutuel stellt uns kostenlos ein Online-Zahlungsformular zur Verf\u00fcgung (mit normaler Bankkarte oder Kreditkarte).<\/p>\n<p>Wie verwende ich das Online-Zahlungsformular?<\/p>\n<ul>\n<li>Weiter unter: \u201e<strong>Autre, pr\u00e9cisez<\/strong>\u201c = und geben Sie ihre pers\u00f6nlichen Daten ein.<\/li>\n<li>Eingabe in das Feld: \u00ab <strong>Si autre paiement, pr\u00e9cisez<\/strong> \u00bb &#8211; wenn anderweitige Zahlung: \u00ab parrainage saumon \u00bb &#8211; Lachspatenschaft<\/li>\n<li>Die Formularfelder m\u00fcssen alle ausgef\u00fcllt sein, um einen Spendenbescheinigung zu erhalten. Klicken Sie dann auf \u201esuivant\u201c und gehen Sie ihre Bankdaten auf der abgesicherten Seite der Bank Cr\u00e9dit Mutuel ein.<\/li>\n<\/ul>\n<p><a class=\"button outline\" href=\"https:\/\/www.apayer.fr\/PETITECAMARGUEALSACIENNE\" target=\"_blank\" rel=\"noopener\">Zahlungsformular<\/a><\/p>\n<p>\t\t\t<!-- \/zone:zn_text [2] -->\n<\/div>\n","protected":false},"excerpt":{"rendered":"<p>Unterst\u00fctzen Sie das Projekt zur Wiedereinf\u00fchrung von Lachsen in den Rhein und \u00fcbernehmen Sie die Patenschaft f\u00fcr einen oder mehrere Lachse, die in den Rhein ausgesetzt werden! 5\u20ac <\/p>\n","protected":false},"author":4,"featured_media":1488,"parent":3740,"menu_order":25,"comment_status":"closed","ping_status":"closed","template":"","meta":{"_acf_changed":false,"footnotes":""},"class_list":["post-2984","page","type-page","status-publish","has-post-thumbnail","hentry","wp-sticky"],"acf":[],"yoast_head":"<!-- This site is optimized with the Yoast SEO plugin v27.4 - https:\/\/yoast.com\/product\/yoast-seo-wordpress\/ -->\n<title>Tierpatenschaften, Programm zur Wiedereinf\u00fchrung von Lachsen | La Petite Camargue Alsacienne<\/title>\n<meta name=\"description\" content=\"\u00dcbernehmen Sie die Patenschaft f\u00fcr einen Lachs in der Fischzucht von Saint-Louis (Haut-Rhin, Elsass). Tragen Sie mit 5\u20ac pro gesponsertem Lachs zur Wiederansiedlung der Art bei!\" \/>\n<meta name=\"robots\" content=\"index, follow, max-snippet:-1, max-image-preview:large, max-video-preview:-1\" \/>\n<link rel=\"canonical\" href=\"https:\/\/www.petitecamarguealsacienne.com\/de\/fischzucht\/lachspatenschaft\/\" \/>\n<meta property=\"og:locale\" content=\"de_DE\" \/>\n<meta property=\"og:type\" content=\"article\" \/>\n<meta property=\"og:title\" content=\"Tierpatenschaften, Programm zur Wiedereinf\u00fchrung von Lachsen | La Petite Camargue Alsacienne\" \/>\n<meta property=\"og:description\" content=\"\u00dcbernehmen Sie die Patenschaft f\u00fcr einen Lachs in der Fischzucht von Saint-Louis (Haut-Rhin, Elsass). Tragen Sie mit 5\u20ac pro gesponsertem Lachs zur Wiederansiedlung der Art bei!\" \/>\n<meta property=\"og:url\" content=\"https:\/\/www.petitecamarguealsacienne.com\/de\/fischzucht\/lachspatenschaft\/\" \/>\n<meta property=\"og:site_name\" content=\"La Petite Camargue Alsacienne\" \/>\n<meta property=\"article:publisher\" content=\"https:\/\/www.facebook.com\/people\/Petite-Camargue-Alsacienne\/100072042215750\/\" \/>\n<meta property=\"article:modified_time\" content=\"2025-08-21T15:54:55+00:00\" \/>\n<meta property=\"og:image\" content=\"https:\/\/www.petitecamarguealsacienne.com\/wp-inside\/uploads\/2023\/01\/parrainage-lacher-de-saumon-rhin.jpeg\" \/>\n\t<meta property=\"og:image:width\" content=\"1920\" \/>\n\t<meta property=\"og:image:height\" content=\"1440\" \/>\n\t<meta property=\"og:image:type\" content=\"image\/jpeg\" \/>\n<meta name=\"twitter:card\" content=\"summary_large_image\" \/>\n<meta name=\"twitter:label1\" content=\"Gesch\u00e4tzte Lesezeit\" \/>\n\t<meta name=\"twitter:data1\" content=\"1\u00a0Minute\" \/>\n<script type=\"application\/ld+json\" class=\"yoast-schema-graph\">{\"@context\":\"https:\\\/\\\/schema.org\",\"@graph\":[{\"@type\":\"WebPage\",\"@id\":\"https:\\\/\\\/www.petitecamarguealsacienne.com\\\/de\\\/fischzucht\\\/lachspatenschaft\\\/\",\"url\":\"https:\\\/\\\/www.petitecamarguealsacienne.com\\\/de\\\/fischzucht\\\/lachspatenschaft\\\/\",\"name\":\"Tierpatenschaften, Programm zur Wiedereinf\u00fchrung von Lachsen\",\"isPartOf\":{\"@id\":\"https:\\\/\\\/www.petitecamarguealsacienne.com\\\/de\\\/#website\"},\"primaryImageOfPage\":{\"@id\":\"https:\\\/\\\/www.petitecamarguealsacienne.com\\\/de\\\/fischzucht\\\/lachspatenschaft\\\/#primaryimage\"},\"image\":{\"@id\":\"https:\\\/\\\/www.petitecamarguealsacienne.com\\\/de\\\/fischzucht\\\/lachspatenschaft\\\/#primaryimage\"},\"thumbnailUrl\":\"https:\\\/\\\/www.petitecamarguealsacienne.com\\\/wp-inside\\\/uploads\\\/2023\\\/01\\\/parrainage-lacher-de-saumon-rhin.jpeg\",\"datePublished\":\"2022-11-17T16:25:51+00:00\",\"dateModified\":\"2025-08-21T15:54:55+00:00\",\"description\":\"\u00dcbernehmen Sie die Patenschaft f\u00fcr einen Lachs in der Fischzucht von Saint-Louis (Haut-Rhin, Elsass). Tragen Sie mit 5\u20ac pro gesponsertem Lachs zur Wiederansiedlung der Art bei!\",\"breadcrumb\":{\"@id\":\"https:\\\/\\\/www.petitecamarguealsacienne.com\\\/de\\\/fischzucht\\\/lachspatenschaft\\\/#breadcrumb\"},\"inLanguage\":\"de\",\"potentialAction\":[{\"@type\":\"ReadAction\",\"target\":[\"https:\\\/\\\/www.petitecamarguealsacienne.com\\\/de\\\/fischzucht\\\/lachspatenschaft\\\/\"]}]},{\"@type\":\"ImageObject\",\"inLanguage\":\"de\",\"@id\":\"https:\\\/\\\/www.petitecamarguealsacienne.com\\\/de\\\/fischzucht\\\/lachspatenschaft\\\/#primaryimage\",\"url\":\"https:\\\/\\\/www.petitecamarguealsacienne.com\\\/wp-inside\\\/uploads\\\/2023\\\/01\\\/parrainage-lacher-de-saumon-rhin.jpeg\",\"contentUrl\":\"https:\\\/\\\/www.petitecamarguealsacienne.com\\\/wp-inside\\\/uploads\\\/2023\\\/01\\\/parrainage-lacher-de-saumon-rhin.jpeg\",\"width\":1920,\"height\":1440,\"caption\":\"parrainer un saumon r\u00e9serve naturelle\"},{\"@type\":\"BreadcrumbList\",\"@id\":\"https:\\\/\\\/www.petitecamarguealsacienne.com\\\/de\\\/fischzucht\\\/lachspatenschaft\\\/#breadcrumb\",\"itemListElement\":[{\"@type\":\"ListItem\",\"position\":1,\"name\":\"Startseite\",\"item\":\"https:\\\/\\\/www.petitecamarguealsacienne.com\\\/de\\\/\"},{\"@type\":\"ListItem\",\"position\":2,\"name\":\"Fischzucht\",\"item\":\"https:\\\/\\\/www.petitecamarguealsacienne.com\\\/de\\\/fischzucht\\\/\"},{\"@type\":\"ListItem\",\"position\":3,\"name\":\"Werden Sie Lachspate!\"}]},{\"@type\":\"WebSite\",\"@id\":\"https:\\\/\\\/www.petitecamarguealsacienne.com\\\/de\\\/#website\",\"url\":\"https:\\\/\\\/www.petitecamarguealsacienne.com\\\/de\\\/\",\"name\":\"La Petite Camargue Alsacienne\",\"description\":\"R\u00e9serve Naturelle au c\u0153ur de la plaine rh\u00e9nane alluviale\",\"publisher\":{\"@id\":\"https:\\\/\\\/www.petitecamarguealsacienne.com\\\/de\\\/#organization\"},\"alternateName\":\"PCA\",\"potentialAction\":[{\"@type\":\"SearchAction\",\"target\":{\"@type\":\"EntryPoint\",\"urlTemplate\":\"https:\\\/\\\/www.petitecamarguealsacienne.com\\\/de\\\/?s={search_term_string}\"},\"query-input\":{\"@type\":\"PropertyValueSpecification\",\"valueRequired\":true,\"valueName\":\"search_term_string\"}}],\"inLanguage\":\"de\"},{\"@type\":\"Organization\",\"@id\":\"https:\\\/\\\/www.petitecamarguealsacienne.com\\\/de\\\/#organization\",\"name\":\"Petite Camargue Alsacienne\",\"alternateName\":\"PCA\",\"url\":\"https:\\\/\\\/www.petitecamarguealsacienne.com\\\/de\\\/\",\"logo\":{\"@type\":\"ImageObject\",\"inLanguage\":\"de\",\"@id\":\"https:\\\/\\\/www.petitecamarguealsacienne.com\\\/de\\\/#\\\/schema\\\/logo\\\/image\\\/\",\"url\":\"https:\\\/\\\/www.petitecamarguealsacienne.com\\\/wp-inside\\\/uploads\\\/2022\\\/10\\\/logo-petite-camargue-alsacienne.png\",\"contentUrl\":\"https:\\\/\\\/www.petitecamarguealsacienne.com\\\/wp-inside\\\/uploads\\\/2022\\\/10\\\/logo-petite-camargue-alsacienne.png\",\"width\":194,\"height\":168,\"caption\":\"Petite Camargue Alsacienne\"},\"image\":{\"@id\":\"https:\\\/\\\/www.petitecamarguealsacienne.com\\\/de\\\/#\\\/schema\\\/logo\\\/image\\\/\"},\"sameAs\":[\"https:\\\/\\\/www.facebook.com\\\/people\\\/Petite-Camargue-Alsacienne\\\/100072042215750\\\/\",\"https:\\\/\\\/www.flickr.com\\\/groups\\\/petitecamarguealsacienne\\\/\"]}]}<\/script>\n<!-- \/ Yoast SEO plugin. -->","yoast_head_json":{"title":"Tierpatenschaften, Programm zur Wiedereinf\u00fchrung von Lachsen | La Petite Camargue Alsacienne","description":"\u00dcbernehmen Sie die Patenschaft f\u00fcr einen Lachs in der Fischzucht von Saint-Louis (Haut-Rhin, Elsass). Tragen Sie mit 5\u20ac pro gesponsertem Lachs zur Wiederansiedlung der Art bei!","robots":{"index":"index","follow":"follow","max-snippet":"max-snippet:-1","max-image-preview":"max-image-preview:large","max-video-preview":"max-video-preview:-1"},"canonical":"https:\/\/www.petitecamarguealsacienne.com\/de\/fischzucht\/lachspatenschaft\/","og_locale":"de_DE","og_type":"article","og_title":"Tierpatenschaften, Programm zur Wiedereinf\u00fchrung von Lachsen | La Petite Camargue Alsacienne","og_description":"\u00dcbernehmen Sie die Patenschaft f\u00fcr einen Lachs in der Fischzucht von Saint-Louis (Haut-Rhin, Elsass). Tragen Sie mit 5\u20ac pro gesponsertem Lachs zur Wiederansiedlung der Art bei!","og_url":"https:\/\/www.petitecamarguealsacienne.com\/de\/fischzucht\/lachspatenschaft\/","og_site_name":"La Petite Camargue Alsacienne","article_publisher":"https:\/\/www.facebook.com\/people\/Petite-Camargue-Alsacienne\/100072042215750\/","article_modified_time":"2025-08-21T15:54:55+00:00","og_image":[{"width":1920,"height":1440,"url":"https:\/\/www.petitecamarguealsacienne.com\/wp-inside\/uploads\/2023\/01\/parrainage-lacher-de-saumon-rhin.jpeg","type":"image\/jpeg"}],"twitter_card":"summary_large_image","twitter_misc":{"Gesch\u00e4tzte Lesezeit":"1\u00a0Minute"},"schema":{"@context":"https:\/\/schema.org","@graph":[{"@type":"WebPage","@id":"https:\/\/www.petitecamarguealsacienne.com\/de\/fischzucht\/lachspatenschaft\/","url":"https:\/\/www.petitecamarguealsacienne.com\/de\/fischzucht\/lachspatenschaft\/","name":"Tierpatenschaften, Programm zur Wiedereinf\u00fchrung von Lachsen","isPartOf":{"@id":"https:\/\/www.petitecamarguealsacienne.com\/de\/#website"},"primaryImageOfPage":{"@id":"https:\/\/www.petitecamarguealsacienne.com\/de\/fischzucht\/lachspatenschaft\/#primaryimage"},"image":{"@id":"https:\/\/www.petitecamarguealsacienne.com\/de\/fischzucht\/lachspatenschaft\/#primaryimage"},"thumbnailUrl":"https:\/\/www.petitecamarguealsacienne.com\/wp-inside\/uploads\/2023\/01\/parrainage-lacher-de-saumon-rhin.jpeg","datePublished":"2022-11-17T16:25:51+00:00","dateModified":"2025-08-21T15:54:55+00:00","description":"\u00dcbernehmen Sie die Patenschaft f\u00fcr einen Lachs in der Fischzucht von Saint-Louis (Haut-Rhin, Elsass). Tragen Sie mit 5\u20ac pro gesponsertem Lachs zur Wiederansiedlung der Art bei!","breadcrumb":{"@id":"https:\/\/www.petitecamarguealsacienne.com\/de\/fischzucht\/lachspatenschaft\/#breadcrumb"},"inLanguage":"de","potentialAction":[{"@type":"ReadAction","target":["https:\/\/www.petitecamarguealsacienne.com\/de\/fischzucht\/lachspatenschaft\/"]}]},{"@type":"ImageObject","inLanguage":"de","@id":"https:\/\/www.petitecamarguealsacienne.com\/de\/fischzucht\/lachspatenschaft\/#primaryimage","url":"https:\/\/www.petitecamarguealsacienne.com\/wp-inside\/uploads\/2023\/01\/parrainage-lacher-de-saumon-rhin.jpeg","contentUrl":"https:\/\/www.petitecamarguealsacienne.com\/wp-inside\/uploads\/2023\/01\/parrainage-lacher-de-saumon-rhin.jpeg","width":1920,"height":1440,"caption":"parrainer un saumon r\u00e9serve naturelle"},{"@type":"BreadcrumbList","@id":"https:\/\/www.petitecamarguealsacienne.com\/de\/fischzucht\/lachspatenschaft\/#breadcrumb","itemListElement":[{"@type":"ListItem","position":1,"name":"Startseite","item":"https:\/\/www.petitecamarguealsacienne.com\/de\/"},{"@type":"ListItem","position":2,"name":"Fischzucht","item":"https:\/\/www.petitecamarguealsacienne.com\/de\/fischzucht\/"},{"@type":"ListItem","position":3,"name":"Werden Sie Lachspate!"}]},{"@type":"WebSite","@id":"https:\/\/www.petitecamarguealsacienne.com\/de\/#website","url":"https:\/\/www.petitecamarguealsacienne.com\/de\/","name":"La Petite Camargue Alsacienne","description":"R\u00e9serve Naturelle au c\u0153ur de la plaine rh\u00e9nane alluviale","publisher":{"@id":"https:\/\/www.petitecamarguealsacienne.com\/de\/#organization"},"alternateName":"PCA","potentialAction":[{"@type":"SearchAction","target":{"@type":"EntryPoint","urlTemplate":"https:\/\/www.petitecamarguealsacienne.com\/de\/?s={search_term_string}"},"query-input":{"@type":"PropertyValueSpecification","valueRequired":true,"valueName":"search_term_string"}}],"inLanguage":"de"},{"@type":"Organization","@id":"https:\/\/www.petitecamarguealsacienne.com\/de\/#organization","name":"Petite Camargue Alsacienne","alternateName":"PCA","url":"https:\/\/www.petitecamarguealsacienne.com\/de\/","logo":{"@type":"ImageObject","inLanguage":"de","@id":"https:\/\/www.petitecamarguealsacienne.com\/de\/#\/schema\/logo\/image\/","url":"https:\/\/www.petitecamarguealsacienne.com\/wp-inside\/uploads\/2022\/10\/logo-petite-camargue-alsacienne.png","contentUrl":"https:\/\/www.petitecamarguealsacienne.com\/wp-inside\/uploads\/2022\/10\/logo-petite-camargue-alsacienne.png","width":194,"height":168,"caption":"Petite Camargue Alsacienne"},"image":{"@id":"https:\/\/www.petitecamarguealsacienne.com\/de\/#\/schema\/logo\/image\/"},"sameAs":["https:\/\/www.facebook.com\/people\/Petite-Camargue-Alsacienne\/100072042215750\/","https:\/\/www.flickr.com\/groups\/petitecamarguealsacienne\/"]}]}},"_links":{"self":[{"href":"https:\/\/www.petitecamarguealsacienne.com\/de\/wp-json\/wp\/v2\/pages\/2984","targetHints":{"allow":["GET"]}}],"collection":[{"href":"https:\/\/www.petitecamarguealsacienne.com\/de\/wp-json\/wp\/v2\/pages"}],"about":[{"href":"https:\/\/www.petitecamarguealsacienne.com\/de\/wp-json\/wp\/v2\/types\/page"}],"author":[{"embeddable":true,"href":"https:\/\/www.petitecamarguealsacienne.com\/de\/wp-json\/wp\/v2\/users\/4"}],"replies":[{"embeddable":true,"href":"https:\/\/www.petitecamarguealsacienne.com\/de\/wp-json\/wp\/v2\/comments?post=2984"}],"version-history":[{"count":6,"href":"https:\/\/www.petitecamarguealsacienne.com\/de\/wp-json\/wp\/v2\/pages\/2984\/revisions"}],"predecessor-version":[{"id":6952,"href":"https:\/\/www.petitecamarguealsacienne.com\/de\/wp-json\/wp\/v2\/pages\/2984\/revisions\/6952"}],"up":[{"embeddable":true,"href":"https:\/\/www.petitecamarguealsacienne.com\/de\/wp-json\/wp\/v2\/pages\/3740"}],"wp:featuredmedia":[{"embeddable":true,"href":"https:\/\/www.petitecamarguealsacienne.com\/de\/wp-json\/wp\/v2\/media\/1488"}],"wp:attachment":[{"href":"https:\/\/www.petitecamarguealsacienne.com\/de\/wp-json\/wp\/v2\/media?parent=2984"}],"curies":[{"name":"wp","href":"https:\/\/api.w.org\/{rel}","templated":true}]}}